{"id":613,"date":"2017-05-24T10:51:47","date_gmt":"2017-05-24T08:51:47","guid":{"rendered":"http:\/\/inycial.com\/?page_id=613"},"modified":"2022-10-21T21:08:51","modified_gmt":"2022-10-21T19:08:51","slug":"diseno-de-obra-civil-y-estructuras-metalicas","status":"publish","type":"page","link":"https:\/\/inycial.com\/index.php\/inycia-ingenieros-y-consultores\/servicios\/ingenieria-industrial\/instalaciones-industriales\/diseno-de-obra-civil-y-estructuras-metalicas\/","title":{"rendered":"Dise\u00f1o de obra civil y estructuras met\u00e1licas"},"content":{"rendered":"<p><img loading=\"lazy\" decoding=\"async\" class=\"alignnone wp-image-619\" src=\"http:\/\/inycial.com\/wp-content\/uploads\/2017\/05\/diseno_estructuras-288x300.jpg\" alt=\"\" width=\"215\" height=\"224\" srcset=\"https:\/\/inycial.com\/wp-content\/uploads\/2017\/05\/diseno_estructuras-288x300.jpg 288w, https:\/\/inycial.com\/wp-content\/uploads\/2017\/05\/diseno_estructuras.jpg 493w\" sizes=\"auto, (max-width: 215px) 100vw, 215px\" \/>&nbsp; &nbsp;<img loading=\"lazy\" decoding=\"async\" class=\"alignnone size-medium wp-image-620\" src=\"http:\/\/inycial.com\/wp-content\/uploads\/2017\/05\/diseno_estructuras_2-300x225.jpg\" alt=\"\" width=\"300\" height=\"225\" srcset=\"https:\/\/inycial.com\/wp-content\/uploads\/2017\/05\/diseno_estructuras_2-300x225.jpg 300w, https:\/\/inycial.com\/wp-content\/uploads\/2017\/05\/diseno_estructuras_2.jpg 533w\" sizes=\"auto, (max-width: 300px) 100vw, 300px\" \/><\/p>\n<ul>\n<li>Servicios de topograf\u00eda<\/li>\n<li>Especificaci\u00f3n de campa\u00f1as geot\u00e9cnicas<\/li>\n<li>Dise\u00f1o de cimentaciones profundas<\/li>\n<li>Dise\u00f1o de obra civil (cimentaciones de equipos, redes enterradas, etc.)<\/li>\n<li>Dise\u00f1o de naves y edificaciones industriales.<\/li>\n<li>Dise\u00f1o y c\u00e1lculo de estructuras met\u00e1licas y de hormig\u00f3n armado<\/li>\n<li>Desarrollo de mediciones y presupuestos de obra (PRESTO)<\/li>\n<li>Supervisi\u00f3n y control de calidad durante las obras<\/li>\n<\/ul>\n<p>El equipo de profesionales de <span style=\"color: #0000ff;\"><em><strong>Inycia<\/strong><\/em><\/span>&nbsp;dispone de amplia experiencia en el <strong>c\u00e1lculo y dise\u00f1o de&nbsp;<\/strong><b>ESTRUCTURAS.<\/b><\/p>\n<ul>\n<li>C\u00e1lculo y an\u00e1lisis estructural avanzado de construcciones de acero y de hormig\u00f3n, con la utilizaci\u00f3n de programas de elementos finitos y\/o matriciales y de \u00faltima generaci\u00f3n, como ROBOT MILLENIUM, STAADPRO y CYPECAD.<\/li>\n<li>Modelado de estructuras met\u00e1licas en 3D, para la obtenci\u00f3n de planos de fabricaci\u00f3n (corte y armado) y de montaje, definiendo tanto la estructura principal como la secundaria (barandillas, escaleras de gato, etc), utilizando el programa TEKLA STRUCTURES. Entrega de listados de acopio de materiales y mediciones de forma autom\u00e1tica.<\/li>\n<li>Realizaci\u00f3n de planos de aprobaci\u00f3n con descripci\u00f3n y detalles de uniones y soluciones adoptadas, despiece de todos los elementos que componen la estructura, proporcionando los planos de fabricaci\u00f3n al taller, as\u00ed como, listado de tornillos, cerramientos, remates, etc.<\/li>\n<li>Modelado de las uniones en 3D, con objeto de comprobar la idoneidad del dise\u00f1o para su posterior fabricaci\u00f3n.<\/li>\n<li>Ofrecemos nuestros servicios a <strong>Talleres de Fabricaci\u00f3n<\/strong> (Estructuras Met\u00e1licas, Calderer\u00eda, etc.) con o sin infraestructura de Oficina T\u00e9cnica, para la elaboraci\u00f3n de Planos de Despiece y Fabricaci\u00f3n que les facilite su labor, mejorando as\u00ed su rendimiento de trabajo.<\/li>\n<\/ul>\n","protected":false},"excerpt":{"rendered":"<p>&nbsp; &nbsp; Servicios de topograf\u00eda Especificaci\u00f3n de campa\u00f1as geot\u00e9cnicas Dise\u00f1o de cimentaciones profundas Dise\u00f1o de obra civil (cimentaciones de equipos, redes enterradas, etc.) Dise\u00f1o de naves y edificaciones industriales. Dise\u00f1o y c\u00e1lculo de estructuras met\u00e1licas y de hormig\u00f3n armado Desarrollo de mediciones y presupuestos de obra (PRESTO) Supervisi\u00f3n y control de calidad durante las obras El equipo de profesionales de Inycia&nbsp;dispone de amplia experiencia en [&hellip;]<\/p>\n","protected":false},"author":1,"featured_media":856,"parent":569,"menu_order":9,"comment_status":"closed","ping_status":"closed","template":"template-full-width.php","meta":{"footnotes":""},"class_list":["post-613","page","type-page","status-publish","has-post-thumbnail","hentry"],"yoast_head":"<!-- This site is optimized with the Yoast SEO plugin v27.4 - https:\/\/yoast.com\/product\/yoast-seo-wordpress\/ -->\n<title>Dise\u00f1o de obra civil y estructuras met\u00e1licas - Inycia Ingenieros y Consultores<\/title>\n<meta name=\"robots\" content=\"index, follow, max-snippet:-1, max-image-preview:large, max-video-preview:-1\" \/>\n<link rel=\"canonical\" href=\"https:\/\/inycial.com\/index.php\/inycia-ingenieros-y-consultores\/servicios\/ingenieria-industrial\/instalaciones-industriales\/diseno-de-obra-civil-y-estructuras-metalicas\/\" \/>\n<meta property=\"og:locale\" content=\"es_ES\" \/>\n<meta property=\"og:type\" content=\"article\" \/>\n<meta property=\"og:title\" content=\"Dise\u00f1o de obra civil y estructuras met\u00e1licas - Inycia Ingenieros y Consultores\" \/>\n<meta property=\"og:description\" content=\"&nbsp; &nbsp; Servicios de topograf\u00eda Especificaci\u00f3n de campa\u00f1as geot\u00e9cnicas Dise\u00f1o de cimentaciones profundas Dise\u00f1o de obra civil (cimentaciones de equipos, redes enterradas, etc.) Dise\u00f1o de naves y edificaciones industriales. Dise\u00f1o y c\u00e1lculo de estructuras met\u00e1licas y de hormig\u00f3n armado Desarrollo de mediciones y presupuestos de obra (PRESTO) Supervisi\u00f3n y control de calidad durante las obras El equipo de profesionales de Inycia&nbsp;dispone de amplia experiencia en [&hellip;]\" \/>\n<meta property=\"og:url\" content=\"https:\/\/inycial.com\/index.php\/inycia-ingenieros-y-consultores\/servicios\/ingenieria-industrial\/instalaciones-industriales\/diseno-de-obra-civil-y-estructuras-metalicas\/\" \/>\n<meta property=\"og:site_name\" content=\"Inycia Ingenieros y Consultores\" \/>\n<meta property=\"article:publisher\" content=\"https:\/\/www.facebook.com\/inycial\/\" \/>\n<meta property=\"article:modified_time\" content=\"2022-10-21T19:08:51+00:00\" \/>\n<meta property=\"og:image\" content=\"https:\/\/inycial.com\/wp-content\/uploads\/2017\/07\/estructura.jpg\" \/>\n\t<meta property=\"og:image:width\" content=\"1920\" \/>\n\t<meta property=\"og:image:height\" content=\"1280\" \/>\n\t<meta property=\"og:image:type\" content=\"image\/jpeg\" \/>\n<meta name=\"twitter:card\" content=\"summary_large_image\" \/>\n<meta name=\"twitter:site\" content=\"@inycial\" \/>\n<meta name=\"twitter:label1\" content=\"Tiempo de lectura\" \/>\n\t<meta name=\"twitter:data1\" content=\"2 minutos\" \/>\n<script type=\"application\/ld+json\" class=\"yoast-schema-graph\">{\"@context\":\"https:\\\/\\\/schema.org\",\"@graph\":[{\"@type\":\"WebPage\",\"@id\":\"https:\\\/\\\/inycial.com\\\/index.php\\\/inycia-ingenieros-y-consultores\\\/servicios\\\/ingenieria-industrial\\\/instalaciones-industriales\\\/diseno-de-obra-civil-y-estructuras-metalicas\\\/\",\"url\":\"https:\\\/\\\/inycial.com\\\/index.php\\\/inycia-ingenieros-y-consultores\\\/servicios\\\/ingenieria-industrial\\\/instalaciones-industriales\\\/diseno-de-obra-civil-y-estructuras-metalicas\\\/\",\"name\":\"Dise\u00f1o de obra civil y estructuras met\u00e1licas - Inycia Ingenieros y Consultores\",\"isPartOf\":{\"@id\":\"https:\\\/\\\/inycial.com\\\/#website\"},\"primaryImageOfPage\":{\"@id\":\"https:\\\/\\\/inycial.com\\\/index.php\\\/inycia-ingenieros-y-consultores\\\/servicios\\\/ingenieria-industrial\\\/instalaciones-industriales\\\/diseno-de-obra-civil-y-estructuras-metalicas\\\/#primaryimage\"},\"image\":{\"@id\":\"https:\\\/\\\/inycial.com\\\/index.php\\\/inycia-ingenieros-y-consultores\\\/servicios\\\/ingenieria-industrial\\\/instalaciones-industriales\\\/diseno-de-obra-civil-y-estructuras-metalicas\\\/#primaryimage\"},\"thumbnailUrl\":\"https:\\\/\\\/inycial.com\\\/wp-content\\\/uploads\\\/2017\\\/07\\\/estructura.jpg\",\"datePublished\":\"2017-05-24T08:51:47+00:00\",\"dateModified\":\"2022-10-21T19:08:51+00:00\",\"breadcrumb\":{\"@id\":\"https:\\\/\\\/inycial.com\\\/index.php\\\/inycia-ingenieros-y-consultores\\\/servicios\\\/ingenieria-industrial\\\/instalaciones-industriales\\\/diseno-de-obra-civil-y-estructuras-metalicas\\\/#breadcrumb\"},\"inLanguage\":\"es\",\"potentialAction\":[{\"@type\":\"ReadAction\",\"target\":[\"https:\\\/\\\/inycial.com\\\/index.php\\\/inycia-ingenieros-y-consultores\\\/servicios\\\/ingenieria-industrial\\\/instalaciones-industriales\\\/diseno-de-obra-civil-y-estructuras-metalicas\\\/\"]}]},{\"@type\":\"ImageObject\",\"inLanguage\":\"es\",\"@id\":\"https:\\\/\\\/inycial.com\\\/index.php\\\/inycia-ingenieros-y-consultores\\\/servicios\\\/ingenieria-industrial\\\/instalaciones-industriales\\\/diseno-de-obra-civil-y-estructuras-metalicas\\\/#primaryimage\",\"url\":\"https:\\\/\\\/inycial.com\\\/wp-content\\\/uploads\\\/2017\\\/07\\\/estructura.jpg\",\"contentUrl\":\"https:\\\/\\\/inycial.com\\\/wp-content\\\/uploads\\\/2017\\\/07\\\/estructura.jpg\",\"width\":1920,\"height\":1280,\"caption\":\"- Dise\u00f1o de obra civil (cimentaciones de equipos, redes enterradas, etc.) - Dise\u00f1o de naves y edificaciones industriales. - Dise\u00f1o y c\u00e1lculo de estructuras met\u00e1licas y de hormig\u00f3n armado\"},{\"@type\":\"BreadcrumbList\",\"@id\":\"https:\\\/\\\/inycial.com\\\/index.php\\\/inycia-ingenieros-y-consultores\\\/servicios\\\/ingenieria-industrial\\\/instalaciones-industriales\\\/diseno-de-obra-civil-y-estructuras-metalicas\\\/#breadcrumb\",\"itemListElement\":[{\"@type\":\"ListItem\",\"position\":1,\"name\":\"Portada\",\"item\":\"https:\\\/\\\/inycial.com\\\/\"},{\"@type\":\"ListItem\",\"position\":2,\"name\":\"Inycia Ingenieros y Consultores\",\"item\":\"https:\\\/\\\/inycial.com\\\/\"},{\"@type\":\"ListItem\",\"position\":3,\"name\":\"SERVICIOS\",\"item\":\"https:\\\/\\\/inycial.com\\\/index.php\\\/inycia-ingenieros-y-consultores\\\/servicios\\\/\"},{\"@type\":\"ListItem\",\"position\":4,\"name\":\"INGENIER\u00cdA INDUSTRIAL\",\"item\":\"https:\\\/\\\/inycial.com\\\/index.php\\\/inycia-ingenieros-y-consultores\\\/servicios\\\/ingenieria-industrial\\\/\"},{\"@type\":\"ListItem\",\"position\":5,\"name\":\"DISE\u00d1O DE INSTALACIONES INDUSTRIALES\",\"item\":\"https:\\\/\\\/inycial.com\\\/index.php\\\/inycia-ingenieros-y-consultores\\\/servicios\\\/ingenieria-industrial\\\/instalaciones-industriales\\\/\"},{\"@type\":\"ListItem\",\"position\":6,\"name\":\"Dise\u00f1o de obra civil y estructuras met\u00e1licas\"}]},{\"@type\":\"WebSite\",\"@id\":\"https:\\\/\\\/inycial.com\\\/#website\",\"url\":\"https:\\\/\\\/inycial.com\\\/\",\"name\":\"Inycia Ingenieros y Consultores\",\"description\":\"Ingenier\u00eda y Consultor\u00eda instalaciones industriales y seguridad industrial\",\"publisher\":{\"@id\":\"https:\\\/\\\/inycial.com\\\/#organization\"},\"potentialAction\":[{\"@type\":\"SearchAction\",\"target\":{\"@type\":\"EntryPoint\",\"urlTemplate\":\"https:\\\/\\\/inycial.com\\\/?s={search_term_string}\"},\"query-input\":{\"@type\":\"PropertyValueSpecification\",\"valueRequired\":true,\"valueName\":\"search_term_string\"}}],\"inLanguage\":\"es\"},{\"@type\":\"Organization\",\"@id\":\"https:\\\/\\\/inycial.com\\\/#organization\",\"name\":\"Inycia Ingenieros y Consultores\",\"url\":\"https:\\\/\\\/inycial.com\\\/\",\"logo\":{\"@type\":\"ImageObject\",\"inLanguage\":\"es\",\"@id\":\"https:\\\/\\\/inycial.com\\\/#\\\/schema\\\/logo\\\/image\\\/\",\"url\":\"https:\\\/\\\/inycial.com\\\/wp-content\\\/uploads\\\/2017\\\/03\\\/Logo-e1490218059466.jpg\",\"contentUrl\":\"https:\\\/\\\/inycial.com\\\/wp-content\\\/uploads\\\/2017\\\/03\\\/Logo-e1490218059466.jpg\",\"width\":165,\"height\":41,\"caption\":\"Inycia Ingenieros y Consultores\"},\"image\":{\"@id\":\"https:\\\/\\\/inycial.com\\\/#\\\/schema\\\/logo\\\/image\\\/\"},\"sameAs\":[\"https:\\\/\\\/www.facebook.com\\\/inycial\\\/\",\"https:\\\/\\\/x.com\\\/inycial\",\"https:\\\/\\\/www.linkedin.com\\\/company\\\/ingenieria-y-consultoria-instalaciones-almacenamiento-s-l-\",\"https:\\\/\\\/www.pinterest.es\\\/inycial\\\/\"]}]}<\/script>\n<!-- \/ Yoast SEO plugin. -->","yoast_head_json":{"title":"Dise\u00f1o de obra civil y estructuras met\u00e1licas - Inycia Ingenieros y Consultores","robots":{"index":"index","follow":"follow","max-snippet":"max-snippet:-1","max-image-preview":"max-image-preview:large","max-video-preview":"max-video-preview:-1"},"canonical":"https:\/\/inycial.com\/index.php\/inycia-ingenieros-y-consultores\/servicios\/ingenieria-industrial\/instalaciones-industriales\/diseno-de-obra-civil-y-estructuras-metalicas\/","og_locale":"es_ES","og_type":"article","og_title":"Dise\u00f1o de obra civil y estructuras met\u00e1licas - Inycia Ingenieros y Consultores","og_description":"&nbsp; &nbsp; Servicios de topograf\u00eda Especificaci\u00f3n de campa\u00f1as geot\u00e9cnicas Dise\u00f1o de cimentaciones profundas Dise\u00f1o de obra civil (cimentaciones de equipos, redes enterradas, etc.) Dise\u00f1o de naves y edificaciones industriales. Dise\u00f1o y c\u00e1lculo de estructuras met\u00e1licas y de hormig\u00f3n armado Desarrollo de mediciones y presupuestos de obra (PRESTO) Supervisi\u00f3n y control de calidad durante las obras El equipo de profesionales de Inycia&nbsp;dispone de amplia experiencia en [&hellip;]","og_url":"https:\/\/inycial.com\/index.php\/inycia-ingenieros-y-consultores\/servicios\/ingenieria-industrial\/instalaciones-industriales\/diseno-de-obra-civil-y-estructuras-metalicas\/","og_site_name":"Inycia Ingenieros y Consultores","article_publisher":"https:\/\/www.facebook.com\/inycial\/","article_modified_time":"2022-10-21T19:08:51+00:00","og_image":[{"width":1920,"height":1280,"url":"https:\/\/inycial.com\/wp-content\/uploads\/2017\/07\/estructura.jpg","type":"image\/jpeg"}],"twitter_card":"summary_large_image","twitter_site":"@inycial","twitter_misc":{"Tiempo de lectura":"2 minutos"},"schema":{"@context":"https:\/\/schema.org","@graph":[{"@type":"WebPage","@id":"https:\/\/inycial.com\/index.php\/inycia-ingenieros-y-consultores\/servicios\/ingenieria-industrial\/instalaciones-industriales\/diseno-de-obra-civil-y-estructuras-metalicas\/","url":"https:\/\/inycial.com\/index.php\/inycia-ingenieros-y-consultores\/servicios\/ingenieria-industrial\/instalaciones-industriales\/diseno-de-obra-civil-y-estructuras-metalicas\/","name":"Dise\u00f1o de obra civil y estructuras met\u00e1licas - Inycia Ingenieros y Consultores","isPartOf":{"@id":"https:\/\/inycial.com\/#website"},"primaryImageOfPage":{"@id":"https:\/\/inycial.com\/index.php\/inycia-ingenieros-y-consultores\/servicios\/ingenieria-industrial\/instalaciones-industriales\/diseno-de-obra-civil-y-estructuras-metalicas\/#primaryimage"},"image":{"@id":"https:\/\/inycial.com\/index.php\/inycia-ingenieros-y-consultores\/servicios\/ingenieria-industrial\/instalaciones-industriales\/diseno-de-obra-civil-y-estructuras-metalicas\/#primaryimage"},"thumbnailUrl":"https:\/\/inycial.com\/wp-content\/uploads\/2017\/07\/estructura.jpg","datePublished":"2017-05-24T08:51:47+00:00","dateModified":"2022-10-21T19:08:51+00:00","breadcrumb":{"@id":"https:\/\/inycial.com\/index.php\/inycia-ingenieros-y-consultores\/servicios\/ingenieria-industrial\/instalaciones-industriales\/diseno-de-obra-civil-y-estructuras-metalicas\/#breadcrumb"},"inLanguage":"es","potentialAction":[{"@type":"ReadAction","target":["https:\/\/inycial.com\/index.php\/inycia-ingenieros-y-consultores\/servicios\/ingenieria-industrial\/instalaciones-industriales\/diseno-de-obra-civil-y-estructuras-metalicas\/"]}]},{"@type":"ImageObject","inLanguage":"es","@id":"https:\/\/inycial.com\/index.php\/inycia-ingenieros-y-consultores\/servicios\/ingenieria-industrial\/instalaciones-industriales\/diseno-de-obra-civil-y-estructuras-metalicas\/#primaryimage","url":"https:\/\/inycial.com\/wp-content\/uploads\/2017\/07\/estructura.jpg","contentUrl":"https:\/\/inycial.com\/wp-content\/uploads\/2017\/07\/estructura.jpg","width":1920,"height":1280,"caption":"- Dise\u00f1o de obra civil (cimentaciones de equipos, redes enterradas, etc.) - Dise\u00f1o de naves y edificaciones industriales. - Dise\u00f1o y c\u00e1lculo de estructuras met\u00e1licas y de hormig\u00f3n armado"},{"@type":"BreadcrumbList","@id":"https:\/\/inycial.com\/index.php\/inycia-ingenieros-y-consultores\/servicios\/ingenieria-industrial\/instalaciones-industriales\/diseno-de-obra-civil-y-estructuras-metalicas\/#breadcrumb","itemListElement":[{"@type":"ListItem","position":1,"name":"Portada","item":"https:\/\/inycial.com\/"},{"@type":"ListItem","position":2,"name":"Inycia Ingenieros y Consultores","item":"https:\/\/inycial.com\/"},{"@type":"ListItem","position":3,"name":"SERVICIOS","item":"https:\/\/inycial.com\/index.php\/inycia-ingenieros-y-consultores\/servicios\/"},{"@type":"ListItem","position":4,"name":"INGENIER\u00cdA INDUSTRIAL","item":"https:\/\/inycial.com\/index.php\/inycia-ingenieros-y-consultores\/servicios\/ingenieria-industrial\/"},{"@type":"ListItem","position":5,"name":"DISE\u00d1O DE INSTALACIONES INDUSTRIALES","item":"https:\/\/inycial.com\/index.php\/inycia-ingenieros-y-consultores\/servicios\/ingenieria-industrial\/instalaciones-industriales\/"},{"@type":"ListItem","position":6,"name":"Dise\u00f1o de obra civil y estructuras met\u00e1licas"}]},{"@type":"WebSite","@id":"https:\/\/inycial.com\/#website","url":"https:\/\/inycial.com\/","name":"Inycia Ingenieros y Consultores","description":"Ingenier\u00eda y Consultor\u00eda instalaciones industriales y seguridad industrial","publisher":{"@id":"https:\/\/inycial.com\/#organization"},"potentialAction":[{"@type":"SearchAction","target":{"@type":"EntryPoint","urlTemplate":"https:\/\/inycial.com\/?s={search_term_string}"},"query-input":{"@type":"PropertyValueSpecification","valueRequired":true,"valueName":"search_term_string"}}],"inLanguage":"es"},{"@type":"Organization","@id":"https:\/\/inycial.com\/#organization","name":"Inycia Ingenieros y Consultores","url":"https:\/\/inycial.com\/","logo":{"@type":"ImageObject","inLanguage":"es","@id":"https:\/\/inycial.com\/#\/schema\/logo\/image\/","url":"https:\/\/inycial.com\/wp-content\/uploads\/2017\/03\/Logo-e1490218059466.jpg","contentUrl":"https:\/\/inycial.com\/wp-content\/uploads\/2017\/03\/Logo-e1490218059466.jpg","width":165,"height":41,"caption":"Inycia Ingenieros y Consultores"},"image":{"@id":"https:\/\/inycial.com\/#\/schema\/logo\/image\/"},"sameAs":["https:\/\/www.facebook.com\/inycial\/","https:\/\/x.com\/inycial","https:\/\/www.linkedin.com\/company\/ingenieria-y-consultoria-instalaciones-almacenamiento-s-l-","https:\/\/www.pinterest.es\/inycial\/"]}]}},"rttpg_featured_image_url":{"full":["https:\/\/inycial.com\/wp-content\/uploads\/2017\/07\/estructura.jpg",1920,1280,false],"landscape":["https:\/\/inycial.com\/wp-content\/uploads\/2017\/07\/estructura.jpg",1920,1280,false],"portraits":["https:\/\/inycial.com\/wp-content\/uploads\/2017\/07\/estructura.jpg",1920,1280,false],"thumbnail":["https:\/\/inycial.com\/wp-content\/uploads\/2017\/07\/estructura-150x150.jpg",150,150,true],"medium":["https:\/\/inycial.com\/wp-content\/uploads\/2017\/07\/estructura-300x200.jpg",300,200,true],"large":["https:\/\/inycial.com\/wp-content\/uploads\/2017\/07\/estructura-1024x683.jpg",1024,683,true],"1536x1536":["https:\/\/inycial.com\/wp-content\/uploads\/2017\/07\/estructura.jpg",1536,1024,false],"2048x2048":["https:\/\/inycial.com\/wp-content\/uploads\/2017\/07\/estructura.jpg",1920,1280,false],"post-thumbnail":["https:\/\/inycial.com\/wp-content\/uploads\/2017\/07\/estructura-300x250.jpg",300,250,true],"vega-post-thumbnail-recent":["https:\/\/inycial.com\/wp-content\/uploads\/2017\/07\/estructura-350x220.jpg",350,220,true]},"rttpg_author":{"display_name":"inycial.com","author_link":"https:\/\/inycial.com\/index.php\/author\/inycial-com\/"},"rttpg_comment":0,"rttpg_category":null,"rttpg_excerpt":"&nbsp; &nbsp; Servicios de topograf\u00eda Especificaci\u00f3n de campa\u00f1as geot\u00e9cnicas Dise\u00f1o de cimentaciones profundas Dise\u00f1o de obra civil (cimentaciones de equipos, redes enterradas, etc.) Dise\u00f1o de naves y edificaciones industriales. Dise\u00f1o y c\u00e1lculo de estructuras met\u00e1licas y de hormig\u00f3n armado Desarrollo de mediciones y presupuestos de obra (PRESTO) Supervisi\u00f3n y control de calidad durante las obras&hellip;","_links":{"self":[{"href":"https:\/\/inycial.com\/index.php\/wp-json\/wp\/v2\/pages\/613","targetHints":{"allow":["GET"]}}],"collection":[{"href":"https:\/\/inycial.com\/index.php\/wp-json\/wp\/v2\/pages"}],"about":[{"href":"https:\/\/inycial.com\/index.php\/wp-json\/wp\/v2\/types\/page"}],"author":[{"embeddable":true,"href":"https:\/\/inycial.com\/index.php\/wp-json\/wp\/v2\/users\/1"}],"replies":[{"embeddable":true,"href":"https:\/\/inycial.com\/index.php\/wp-json\/wp\/v2\/comments?post=613"}],"version-history":[{"count":4,"href":"https:\/\/inycial.com\/index.php\/wp-json\/wp\/v2\/pages\/613\/revisions"}],"predecessor-version":[{"id":1100,"href":"https:\/\/inycial.com\/index.php\/wp-json\/wp\/v2\/pages\/613\/revisions\/1100"}],"up":[{"embeddable":true,"href":"https:\/\/inycial.com\/index.php\/wp-json\/wp\/v2\/pages\/569"}],"wp:featuredmedia":[{"embeddable":true,"href":"https:\/\/inycial.com\/index.php\/wp-json\/wp\/v2\/media\/856"}],"wp:attachment":[{"href":"https:\/\/inycial.com\/index.php\/wp-json\/wp\/v2\/media?parent=613"}],"curies":[{"name":"wp","href":"https:\/\/api.w.org\/{rel}","templated":true}]}}