{"id":574,"date":"2017-05-19T13:32:07","date_gmt":"2017-05-19T11:32:07","guid":{"rendered":"http:\/\/inycial.com\/?page_id=574"},"modified":"2023-12-17T22:11:38","modified_gmt":"2023-12-17T20:11:38","slug":"direccion-de-proyectos","status":"publish","type":"page","link":"https:\/\/inycial.com\/index.php\/inycia-ingenieros-y-consultores\/servicios\/ingenieria-de-proyectos\/direccion-de-proyectos\/","title":{"rendered":"DIRECCI\u00d3N DE PROYECTOS"},"content":{"rendered":"<section id=\"main\">\n<section id=\"left_content_wrapper\">\n<div id=\"left_content\">\n<div class=\"blog_wrapper\">\n<div class=\"featured_text_full\">\n<p><span style=\"color: #0000ff;\"><em>Inycia<\/em> <\/span>pone a disposici\u00f3n de su organizaci\u00f3n, nuestra experiencia y la de sus profesionales especializados en <strong>Gesti\u00f3n de Proyectos<\/strong>. Seguimos los procesos de direcci\u00f3n de proyectos bajo la gu\u00eda del <strong>PMI\u00ae<\/strong>, <strong>PMBOK<\/strong>, Gu\u00eda de los Fundamentos para la Direcci\u00f3n de Proyectos. Contamos con profesionales experimentados y especializados en Direcci\u00f3n de Proyectos y certificados como <a href=\"https:\/\/www.projectmanager.soy\/certificacion-pmp-mi-experiencia\/\">Project Management Professional (PMP\u00ae)<\/a>.<\/p>\n<p><img loading=\"lazy\" decoding=\"async\" class=\"alignnone size-full wp-image-1791 aligncenter\" src=\"https:\/\/inycial.com\/wp-content\/uploads\/2023\/12\/project-management-professional-pmp-for-email.png\" alt=\"\" width=\"125\" height=\"125\" data-pin-me-only=\"true\" \/><\/p>\n<p>La <strong>Gesti\u00f3n de proyectos<\/strong> es la disciplina para iniciar, planificar, ejecutar, monitorear\/controlar, y cerrar todas las fases (permisos, dise\u00f1o, adquisiciones, construcci\u00f3n y puesta en marcha) de todo tipo de proyectos (contratos EPC, ingenier\u00eda b\u00e1sica y de detalle, documentaci\u00f3n FEED, estudios de viabilidad, dise\u00f1o conceptual). Por ello, nuestros servicios de <strong>direcci\u00f3n integrada de proyectos<\/strong> incluyen:<\/p>\n<div class=\"creativ-shortcode creativ-shortcode-toggle\">\n<ul>\n<li class=\"creativ-shortcode creativ-shortcode-toggle-heading\">Estimaci\u00f3n y control de costes<\/li>\n<\/ul>\n<\/div>\n<div class=\"creativ-shortcode creativ-shortcode-toggle\">\n<ul>\n<li class=\"creativ-shortcode creativ-shortcode-toggle-heading\">Planificaci\u00f3n y control de la planificaci\u00f3n<\/li>\n<\/ul>\n<\/div>\n<div class=\"creativ-shortcode creativ-shortcode-toggle\"><\/div>\n<div class=\"creativ-shortcode creativ-shortcode-toggle\">\n<ul>\n<li class=\"creativ-shortcode creativ-shortcode-toggle-heading\">Gesti\u00f3n de riesgos<\/li>\n<\/ul>\n<ul>\n<li class=\"creativ-shortcode creativ-shortcode-toggle-heading\">Gesti\u00f3n de Compras<\/li>\n<\/ul>\n<\/div>\n<div class=\"creativ-shortcode creativ-shortcode-toggle\">\n<ul>\n<li class=\"creativ-shortcode creativ-shortcode-toggle-heading\">Gesti\u00f3n de la Seguridad, Higiene y Medioambiente (HSE)<\/li>\n<\/ul>\n<\/div>\n<div class=\"creativ-shortcode creativ-shortcode-toggle\">\n<ul>\n<li class=\"creativ-shortcode creativ-shortcode-toggle-heading\">Control de calidad<\/li>\n<\/ul>\n<p><strong><span style=\"color: #3366ff;\"><em>Inycia<\/em><\/span><\/strong>\u00a0puede actuar para sus clientes como <a href=\"https:\/\/inycial.com\/index.php\/inycia-ingenieros-y-consultores\/servicios\/servicios-de-ingenieria-de-la-propiedad\/\"><strong>Ingenier\u00eda de la Propiedad<\/strong><\/a>\u00a0ofreci\u00e9ndoles los siguientes servicios:<\/p>\n<ul>\n<li>Preparaci\u00f3n de documentaci\u00f3n RFQ (Request for Quotation)<\/li>\n<li>Preparaci\u00f3n de documentaci\u00f3n FEED (Front End of Engineering Design)<\/li>\n<li>Preparaci\u00f3n de Pliegos de condiciones t\u00e9cnicas, comerciales y legales para licitaciones<\/li>\n<li>Preparaci\u00f3n de requisiciones t\u00e9cnicas para petici\u00f3n de oferta y compra de equipos o subcontratos<\/li>\n<li>An\u00e1lisis de ofertas t\u00e9cnicas y econ\u00f3micas y recomendaciones de compra.<\/li>\n<li>Gesti\u00f3n del Contrato EPC\u00a0(contract management):\u00a0gesti\u00f3n de reclamaciones, verificaci\u00f3n Alcance de Suministro Contractual, Identificaci\u00f3n y preparaci\u00f3n de \u00d3rdenes de Variaci\u00f3n, Asistencia a reuniones con el Departamento Legal para clarificar posibles conflictos que surjan de la relaci\u00f3n contractual, etc.<\/li>\n<li>Seguimiento del desarrollo de la ingenier\u00eda de detalle.<\/li>\n<li>Seguimiento de la gesti\u00f3n de compras.<\/li>\n<li>Coordinaci\u00f3n de la gesti\u00f3n de la documentaci\u00f3n t\u00e9cnica del proyecto.<\/li>\n<\/ul>\n<\/div>\n<\/div>\n<\/div>\n<\/div>\n<\/section>\n<\/section>\n<p><!--more--><\/p>\n<p><!--more--><\/p>\n<p><!--more--><\/p>\n","protected":false},"excerpt":{"rendered":"<p>Inycia pone a disposici\u00f3n de su organizaci\u00f3n, nuestra experiencia y la de sus profesionales especializados en Gesti\u00f3n de Proyectos. Seguimos los procesos de direcci\u00f3n de proyectos bajo la gu\u00eda del PMI\u00ae, PMBOK, Gu\u00eda de los Fundamentos para la Direcci\u00f3n de Proyectos. Contamos con profesionales experimentados y especializados en Direcci\u00f3n de Proyectos y certificados como Project Management Professional (PMP\u00ae). La Gesti\u00f3n de proyectos es la disciplina [&hellip;]<\/p>\n","protected":false},"author":1,"featured_media":1197,"parent":567,"menu_order":17,"comment_status":"closed","ping_status":"closed","template":"","meta":{"footnotes":""},"class_list":["post-574","page","type-page","status-publish","has-post-thumbnail","hentry"],"yoast_head":"<!-- This site is optimized with the Yoast SEO plugin v27.4 - https:\/\/yoast.com\/product\/yoast-seo-wordpress\/ -->\n<title>DIRECCI\u00d3N DE PROYECTOS - Inycia Ingenieros y Consultores<\/title>\n<meta name=\"robots\" content=\"index, follow, max-snippet:-1, max-image-preview:large, max-video-preview:-1\" \/>\n<link rel=\"canonical\" href=\"https:\/\/inycial.com\/index.php\/inycia-ingenieros-y-consultores\/servicios\/ingenieria-de-proyectos\/direccion-de-proyectos\/\" \/>\n<meta property=\"og:locale\" content=\"es_ES\" \/>\n<meta property=\"og:type\" content=\"article\" \/>\n<meta property=\"og:title\" content=\"DIRECCI\u00d3N DE PROYECTOS - Inycia Ingenieros y Consultores\" \/>\n<meta property=\"og:description\" content=\"Inycia pone a disposici\u00f3n de su organizaci\u00f3n, nuestra experiencia y la de sus profesionales especializados en Gesti\u00f3n de Proyectos. Seguimos los procesos de direcci\u00f3n de proyectos bajo la gu\u00eda del PMI\u00ae, PMBOK, Gu\u00eda de los Fundamentos para la Direcci\u00f3n de Proyectos. Contamos con profesionales experimentados y especializados en Direcci\u00f3n de Proyectos y certificados como Project Management Professional (PMP\u00ae). La Gesti\u00f3n de proyectos es la disciplina [&hellip;]\" \/>\n<meta property=\"og:url\" content=\"https:\/\/inycial.com\/index.php\/inycia-ingenieros-y-consultores\/servicios\/ingenieria-de-proyectos\/direccion-de-proyectos\/\" \/>\n<meta property=\"og:site_name\" content=\"Inycia Ingenieros y Consultores\" \/>\n<meta property=\"article:publisher\" content=\"https:\/\/www.facebook.com\/inycial\/\" \/>\n<meta property=\"article:modified_time\" content=\"2023-12-17T20:11:38+00:00\" \/>\n<meta property=\"og:image\" content=\"https:\/\/inycial.com\/wp-content\/uploads\/2021\/11\/Banner-post_Ingenieria-Industrial.png\" \/>\n\t<meta property=\"og:image:width\" content=\"6912\" \/>\n\t<meta property=\"og:image:height\" content=\"3456\" \/>\n\t<meta property=\"og:image:type\" content=\"image\/png\" \/>\n<meta name=\"twitter:card\" content=\"summary_large_image\" \/>\n<meta name=\"twitter:site\" content=\"@inycial\" \/>\n<meta name=\"twitter:label1\" content=\"Tiempo de lectura\" \/>\n\t<meta name=\"twitter:data1\" content=\"2 minutos\" \/>\n<script type=\"application\/ld+json\" class=\"yoast-schema-graph\">{\"@context\":\"https:\\\/\\\/schema.org\",\"@graph\":[{\"@type\":\"WebPage\",\"@id\":\"https:\\\/\\\/inycial.com\\\/index.php\\\/inycia-ingenieros-y-consultores\\\/servicios\\\/ingenieria-de-proyectos\\\/direccion-de-proyectos\\\/\",\"url\":\"https:\\\/\\\/inycial.com\\\/index.php\\\/inycia-ingenieros-y-consultores\\\/servicios\\\/ingenieria-de-proyectos\\\/direccion-de-proyectos\\\/\",\"name\":\"DIRECCI\u00d3N DE PROYECTOS - Inycia Ingenieros y Consultores\",\"isPartOf\":{\"@id\":\"https:\\\/\\\/inycial.com\\\/#website\"},\"primaryImageOfPage\":{\"@id\":\"https:\\\/\\\/inycial.com\\\/index.php\\\/inycia-ingenieros-y-consultores\\\/servicios\\\/ingenieria-de-proyectos\\\/direccion-de-proyectos\\\/#primaryimage\"},\"image\":{\"@id\":\"https:\\\/\\\/inycial.com\\\/index.php\\\/inycia-ingenieros-y-consultores\\\/servicios\\\/ingenieria-de-proyectos\\\/direccion-de-proyectos\\\/#primaryimage\"},\"thumbnailUrl\":\"https:\\\/\\\/inycial.com\\\/wp-content\\\/uploads\\\/2021\\\/11\\\/Banner-post_Ingenieria-Industrial.png\",\"datePublished\":\"2017-05-19T11:32:07+00:00\",\"dateModified\":\"2023-12-17T20:11:38+00:00\",\"breadcrumb\":{\"@id\":\"https:\\\/\\\/inycial.com\\\/index.php\\\/inycia-ingenieros-y-consultores\\\/servicios\\\/ingenieria-de-proyectos\\\/direccion-de-proyectos\\\/#breadcrumb\"},\"inLanguage\":\"es\",\"potentialAction\":[{\"@type\":\"ReadAction\",\"target\":[\"https:\\\/\\\/inycial.com\\\/index.php\\\/inycia-ingenieros-y-consultores\\\/servicios\\\/ingenieria-de-proyectos\\\/direccion-de-proyectos\\\/\"]}]},{\"@type\":\"ImageObject\",\"inLanguage\":\"es\",\"@id\":\"https:\\\/\\\/inycial.com\\\/index.php\\\/inycia-ingenieros-y-consultores\\\/servicios\\\/ingenieria-de-proyectos\\\/direccion-de-proyectos\\\/#primaryimage\",\"url\":\"https:\\\/\\\/inycial.com\\\/wp-content\\\/uploads\\\/2021\\\/11\\\/Banner-post_Ingenieria-Industrial.png\",\"contentUrl\":\"https:\\\/\\\/inycial.com\\\/wp-content\\\/uploads\\\/2021\\\/11\\\/Banner-post_Ingenieria-Industrial.png\",\"width\":6912,\"height\":3456},{\"@type\":\"BreadcrumbList\",\"@id\":\"https:\\\/\\\/inycial.com\\\/index.php\\\/inycia-ingenieros-y-consultores\\\/servicios\\\/ingenieria-de-proyectos\\\/direccion-de-proyectos\\\/#breadcrumb\",\"itemListElement\":[{\"@type\":\"ListItem\",\"position\":1,\"name\":\"Portada\",\"item\":\"https:\\\/\\\/inycial.com\\\/\"},{\"@type\":\"ListItem\",\"position\":2,\"name\":\"Inycia Ingenieros y Consultores\",\"item\":\"https:\\\/\\\/inycial.com\\\/\"},{\"@type\":\"ListItem\",\"position\":3,\"name\":\"SERVICIOS\",\"item\":\"https:\\\/\\\/inycial.com\\\/index.php\\\/inycia-ingenieros-y-consultores\\\/servicios\\\/\"},{\"@type\":\"ListItem\",\"position\":4,\"name\":\"INGENIER\u00cdA DE PROYECTOS\",\"item\":\"https:\\\/\\\/inycial.com\\\/index.php\\\/inycia-ingenieros-y-consultores\\\/servicios\\\/ingenieria-de-proyectos\\\/\"},{\"@type\":\"ListItem\",\"position\":5,\"name\":\"DIRECCI\u00d3N DE PROYECTOS\"}]},{\"@type\":\"WebSite\",\"@id\":\"https:\\\/\\\/inycial.com\\\/#website\",\"url\":\"https:\\\/\\\/inycial.com\\\/\",\"name\":\"Inycia Ingenieros y Consultores\",\"description\":\"Ingenier\u00eda y Consultor\u00eda instalaciones industriales y seguridad industrial\",\"publisher\":{\"@id\":\"https:\\\/\\\/inycial.com\\\/#organization\"},\"potentialAction\":[{\"@type\":\"SearchAction\",\"target\":{\"@type\":\"EntryPoint\",\"urlTemplate\":\"https:\\\/\\\/inycial.com\\\/?s={search_term_string}\"},\"query-input\":{\"@type\":\"PropertyValueSpecification\",\"valueRequired\":true,\"valueName\":\"search_term_string\"}}],\"inLanguage\":\"es\"},{\"@type\":\"Organization\",\"@id\":\"https:\\\/\\\/inycial.com\\\/#organization\",\"name\":\"Inycia Ingenieros y Consultores\",\"url\":\"https:\\\/\\\/inycial.com\\\/\",\"logo\":{\"@type\":\"ImageObject\",\"inLanguage\":\"es\",\"@id\":\"https:\\\/\\\/inycial.com\\\/#\\\/schema\\\/logo\\\/image\\\/\",\"url\":\"https:\\\/\\\/inycial.com\\\/wp-content\\\/uploads\\\/2017\\\/03\\\/Logo-e1490218059466.jpg\",\"contentUrl\":\"https:\\\/\\\/inycial.com\\\/wp-content\\\/uploads\\\/2017\\\/03\\\/Logo-e1490218059466.jpg\",\"width\":165,\"height\":41,\"caption\":\"Inycia Ingenieros y Consultores\"},\"image\":{\"@id\":\"https:\\\/\\\/inycial.com\\\/#\\\/schema\\\/logo\\\/image\\\/\"},\"sameAs\":[\"https:\\\/\\\/www.facebook.com\\\/inycial\\\/\",\"https:\\\/\\\/x.com\\\/inycial\",\"https:\\\/\\\/www.linkedin.com\\\/company\\\/ingenieria-y-consultoria-instalaciones-almacenamiento-s-l-\",\"https:\\\/\\\/www.pinterest.es\\\/inycial\\\/\"]}]}<\/script>\n<!-- \/ Yoast SEO plugin. -->","yoast_head_json":{"title":"DIRECCI\u00d3N DE PROYECTOS - Inycia Ingenieros y Consultores","robots":{"index":"index","follow":"follow","max-snippet":"max-snippet:-1","max-image-preview":"max-image-preview:large","max-video-preview":"max-video-preview:-1"},"canonical":"https:\/\/inycial.com\/index.php\/inycia-ingenieros-y-consultores\/servicios\/ingenieria-de-proyectos\/direccion-de-proyectos\/","og_locale":"es_ES","og_type":"article","og_title":"DIRECCI\u00d3N DE PROYECTOS - Inycia Ingenieros y Consultores","og_description":"Inycia pone a disposici\u00f3n de su organizaci\u00f3n, nuestra experiencia y la de sus profesionales especializados en Gesti\u00f3n de Proyectos. Seguimos los procesos de direcci\u00f3n de proyectos bajo la gu\u00eda del PMI\u00ae, PMBOK, Gu\u00eda de los Fundamentos para la Direcci\u00f3n de Proyectos. Contamos con profesionales experimentados y especializados en Direcci\u00f3n de Proyectos y certificados como Project Management Professional (PMP\u00ae). La Gesti\u00f3n de proyectos es la disciplina [&hellip;]","og_url":"https:\/\/inycial.com\/index.php\/inycia-ingenieros-y-consultores\/servicios\/ingenieria-de-proyectos\/direccion-de-proyectos\/","og_site_name":"Inycia Ingenieros y Consultores","article_publisher":"https:\/\/www.facebook.com\/inycial\/","article_modified_time":"2023-12-17T20:11:38+00:00","og_image":[{"width":6912,"height":3456,"url":"https:\/\/inycial.com\/wp-content\/uploads\/2021\/11\/Banner-post_Ingenieria-Industrial.png","type":"image\/png"}],"twitter_card":"summary_large_image","twitter_site":"@inycial","twitter_misc":{"Tiempo de lectura":"2 minutos"},"schema":{"@context":"https:\/\/schema.org","@graph":[{"@type":"WebPage","@id":"https:\/\/inycial.com\/index.php\/inycia-ingenieros-y-consultores\/servicios\/ingenieria-de-proyectos\/direccion-de-proyectos\/","url":"https:\/\/inycial.com\/index.php\/inycia-ingenieros-y-consultores\/servicios\/ingenieria-de-proyectos\/direccion-de-proyectos\/","name":"DIRECCI\u00d3N DE PROYECTOS - Inycia Ingenieros y Consultores","isPartOf":{"@id":"https:\/\/inycial.com\/#website"},"primaryImageOfPage":{"@id":"https:\/\/inycial.com\/index.php\/inycia-ingenieros-y-consultores\/servicios\/ingenieria-de-proyectos\/direccion-de-proyectos\/#primaryimage"},"image":{"@id":"https:\/\/inycial.com\/index.php\/inycia-ingenieros-y-consultores\/servicios\/ingenieria-de-proyectos\/direccion-de-proyectos\/#primaryimage"},"thumbnailUrl":"https:\/\/inycial.com\/wp-content\/uploads\/2021\/11\/Banner-post_Ingenieria-Industrial.png","datePublished":"2017-05-19T11:32:07+00:00","dateModified":"2023-12-17T20:11:38+00:00","breadcrumb":{"@id":"https:\/\/inycial.com\/index.php\/inycia-ingenieros-y-consultores\/servicios\/ingenieria-de-proyectos\/direccion-de-proyectos\/#breadcrumb"},"inLanguage":"es","potentialAction":[{"@type":"ReadAction","target":["https:\/\/inycial.com\/index.php\/inycia-ingenieros-y-consultores\/servicios\/ingenieria-de-proyectos\/direccion-de-proyectos\/"]}]},{"@type":"ImageObject","inLanguage":"es","@id":"https:\/\/inycial.com\/index.php\/inycia-ingenieros-y-consultores\/servicios\/ingenieria-de-proyectos\/direccion-de-proyectos\/#primaryimage","url":"https:\/\/inycial.com\/wp-content\/uploads\/2021\/11\/Banner-post_Ingenieria-Industrial.png","contentUrl":"https:\/\/inycial.com\/wp-content\/uploads\/2021\/11\/Banner-post_Ingenieria-Industrial.png","width":6912,"height":3456},{"@type":"BreadcrumbList","@id":"https:\/\/inycial.com\/index.php\/inycia-ingenieros-y-consultores\/servicios\/ingenieria-de-proyectos\/direccion-de-proyectos\/#breadcrumb","itemListElement":[{"@type":"ListItem","position":1,"name":"Portada","item":"https:\/\/inycial.com\/"},{"@type":"ListItem","position":2,"name":"Inycia Ingenieros y Consultores","item":"https:\/\/inycial.com\/"},{"@type":"ListItem","position":3,"name":"SERVICIOS","item":"https:\/\/inycial.com\/index.php\/inycia-ingenieros-y-consultores\/servicios\/"},{"@type":"ListItem","position":4,"name":"INGENIER\u00cdA DE PROYECTOS","item":"https:\/\/inycial.com\/index.php\/inycia-ingenieros-y-consultores\/servicios\/ingenieria-de-proyectos\/"},{"@type":"ListItem","position":5,"name":"DIRECCI\u00d3N DE PROYECTOS"}]},{"@type":"WebSite","@id":"https:\/\/inycial.com\/#website","url":"https:\/\/inycial.com\/","name":"Inycia Ingenieros y Consultores","description":"Ingenier\u00eda y Consultor\u00eda instalaciones industriales y seguridad industrial","publisher":{"@id":"https:\/\/inycial.com\/#organization"},"potentialAction":[{"@type":"SearchAction","target":{"@type":"EntryPoint","urlTemplate":"https:\/\/inycial.com\/?s={search_term_string}"},"query-input":{"@type":"PropertyValueSpecification","valueRequired":true,"valueName":"search_term_string"}}],"inLanguage":"es"},{"@type":"Organization","@id":"https:\/\/inycial.com\/#organization","name":"Inycia Ingenieros y Consultores","url":"https:\/\/inycial.com\/","logo":{"@type":"ImageObject","inLanguage":"es","@id":"https:\/\/inycial.com\/#\/schema\/logo\/image\/","url":"https:\/\/inycial.com\/wp-content\/uploads\/2017\/03\/Logo-e1490218059466.jpg","contentUrl":"https:\/\/inycial.com\/wp-content\/uploads\/2017\/03\/Logo-e1490218059466.jpg","width":165,"height":41,"caption":"Inycia Ingenieros y Consultores"},"image":{"@id":"https:\/\/inycial.com\/#\/schema\/logo\/image\/"},"sameAs":["https:\/\/www.facebook.com\/inycial\/","https:\/\/x.com\/inycial","https:\/\/www.linkedin.com\/company\/ingenieria-y-consultoria-instalaciones-almacenamiento-s-l-","https:\/\/www.pinterest.es\/inycial\/"]}]}},"rttpg_featured_image_url":{"full":["https:\/\/inycial.com\/wp-content\/uploads\/2021\/11\/Banner-post_Ingenieria-Industrial.png",6912,3456,false],"landscape":["https:\/\/inycial.com\/wp-content\/uploads\/2021\/11\/Banner-post_Ingenieria-Industrial.png",6912,3456,false],"portraits":["https:\/\/inycial.com\/wp-content\/uploads\/2021\/11\/Banner-post_Ingenieria-Industrial.png",6912,3456,false],"thumbnail":["https:\/\/inycial.com\/wp-content\/uploads\/2021\/11\/Banner-post_Ingenieria-Industrial-150x150.png",150,150,true],"medium":["https:\/\/inycial.com\/wp-content\/uploads\/2021\/11\/Banner-post_Ingenieria-Industrial-300x150.png",300,150,true],"large":["https:\/\/inycial.com\/wp-content\/uploads\/2021\/11\/Banner-post_Ingenieria-Industrial-1024x512.png",1024,512,true],"1536x1536":["https:\/\/inycial.com\/wp-content\/uploads\/2021\/11\/Banner-post_Ingenieria-Industrial-1536x768.png",1536,768,true],"2048x2048":["https:\/\/inycial.com\/wp-content\/uploads\/2021\/11\/Banner-post_Ingenieria-Industrial-2048x1024.png",2048,1024,true],"post-thumbnail":["https:\/\/inycial.com\/wp-content\/uploads\/2021\/11\/Banner-post_Ingenieria-Industrial-300x250.png",300,250,true],"vega-post-thumbnail-recent":["https:\/\/inycial.com\/wp-content\/uploads\/2021\/11\/Banner-post_Ingenieria-Industrial-350x220.png",350,220,true]},"rttpg_author":{"display_name":"inycial.com","author_link":"https:\/\/inycial.com\/index.php\/author\/inycial-com\/"},"rttpg_comment":0,"rttpg_category":null,"rttpg_excerpt":"Inycia pone a disposici\u00f3n de su organizaci\u00f3n, nuestra experiencia y la de sus profesionales especializados en Gesti\u00f3n de Proyectos. Seguimos los procesos de direcci\u00f3n de proyectos bajo la gu\u00eda del PMI\u00ae, PMBOK, Gu\u00eda de los Fundamentos para la Direcci\u00f3n de Proyectos. Contamos con profesionales experimentados y especializados en Direcci\u00f3n de Proyectos y certificados como Project&hellip;","_links":{"self":[{"href":"https:\/\/inycial.com\/index.php\/wp-json\/wp\/v2\/pages\/574","targetHints":{"allow":["GET"]}}],"collection":[{"href":"https:\/\/inycial.com\/index.php\/wp-json\/wp\/v2\/pages"}],"about":[{"href":"https:\/\/inycial.com\/index.php\/wp-json\/wp\/v2\/types\/page"}],"author":[{"embeddable":true,"href":"https:\/\/inycial.com\/index.php\/wp-json\/wp\/v2\/users\/1"}],"replies":[{"embeddable":true,"href":"https:\/\/inycial.com\/index.php\/wp-json\/wp\/v2\/comments?post=574"}],"version-history":[{"count":8,"href":"https:\/\/inycial.com\/index.php\/wp-json\/wp\/v2\/pages\/574\/revisions"}],"predecessor-version":[{"id":1794,"href":"https:\/\/inycial.com\/index.php\/wp-json\/wp\/v2\/pages\/574\/revisions\/1794"}],"up":[{"embeddable":true,"href":"https:\/\/inycial.com\/index.php\/wp-json\/wp\/v2\/pages\/567"}],"wp:featuredmedia":[{"embeddable":true,"href":"https:\/\/inycial.com\/index.php\/wp-json\/wp\/v2\/media\/1197"}],"wp:attachment":[{"href":"https:\/\/inycial.com\/index.php\/wp-json\/wp\/v2\/media?parent=574"}],"curies":[{"name":"wp","href":"https:\/\/api.w.org\/{rel}","templated":true}]}}