{"id":572,"date":"2017-05-19T13:31:09","date_gmt":"2017-05-19T11:31:09","guid":{"rendered":"http:\/\/inycial.com\/?page_id=572"},"modified":"2024-10-24T12:35:25","modified_gmt":"2024-10-24T10:35:25","slug":"direccion-de-obras","status":"publish","type":"page","link":"https:\/\/inycial.com\/index.php\/inycia-ingenieros-y-consultores\/servicios\/direccion-de-obras\/","title":{"rendered":"DIRECCI\u00d3N DE OBRAS"},"content":{"rendered":"<p><\/p>\n<h2 class=\"wp-block-heading has-white-color has-vivid-cyan-blue-background-color has-text-color has-background\"><strong>La importancia de la direcci\u00f3n de obra en un proyecto industrial<\/strong><\/h2>\n<p> <\/p>\n<p><strong>La direcci\u00f3n de obra<\/strong>\u00a0permite que todo proyecto industrial, que comprenda la construcci\u00f3n, ampliaci\u00f3n, modificaci\u00f3n o rehabilitaci\u00f3n de edificios, de estructuras, de\u00a0<strong>instalaciones<\/strong>\u00a0o de cualquier sistema, se ejecute de acuerdo a lo planificado.<\/p>\n<h2 class=\"wp-block-heading has-white-color has-vivid-cyan-blue-background-color has-text-color has-background\"><i>Qu\u00e9 es y en qu\u00e9 consiste la Direcci\u00f3n de Obra<\/i><\/h2>\n<p> <\/p>\n<p><strong>La direcci\u00f3n de obra\u00a0<\/strong>engloba el conjunto de actividades de control y seguimiento t\u00e9cnico y administrativo para garantizar el \u00f3ptimo desarrollo y ejecuci\u00f3n de una obra de construcci\u00f3n, sea de una obra nueva o represente alguna reforma o intervenci\u00f3n a una industria existente.<\/p>\n<p>B\u00e1sicamente, la direcci\u00f3n de obra garantiza que el proyecto industrial <strong>se ejecute \u00edntegramente<\/strong>\u00a0y ajustado a las normativas t\u00e9cnicas, al presupuesto autorizado y al tiempo planificado.<\/p>\n<p>Tambi\u00e9n se denomina\u00a0<strong>direcci\u00f3n facultativa<\/strong>\u00a0y es ejercida en conjunto por:<\/p>\n<ul class=\"wp-block-list\">\n<li><strong>El Director de Obras o Director Facultativo de las Obras<\/strong>\u00a0que se encarga del control ejecutivo<\/li>\n<li><strong>El Director de Ejecuci\u00f3n de Obra<\/strong>\u00a0que ejecuta el control t\u00e9cnico.<\/li>\n<li><strong>El Coordinador de Seguridad y Salud<\/strong> que coordina la aplicaci\u00f3n de los principios generales de prevenci\u00f3n y de seguridad en la obra.<\/li>\n<li><strong>Supervisi\u00f3n especialistas<\/strong> de montaje mec\u00e1nico y tuber\u00edas, de montaje el\u00e9ctrico e I&amp;C, de ejecuci\u00f3n obra civil y estructuras, de\u00a0montaje PCI<\/li>\n<\/ul>\n<p>Los proyectos industriales a menudo, est\u00e1n constituidos por diversas obras parciales que deben ser\u00a0 supervisadas o dirigidas por otros profesionales t\u00e9cnicos especialistas en cada \u00e1rea, pero todos act\u00faan <strong>bajo la gesti\u00f3n de la direcci\u00f3n de obra<\/strong>. Adem\u00e1s, esta direcci\u00f3n trabaja en conjunto con el coordinador de seguridad y salud.\u00a0<\/p>\n<p> <\/p>\n<h2 class=\"wp-block-heading has-white-color has-vivid-cyan-blue-background-color has-text-color has-background\">El papel del director de obra<\/h2>\n<p> <\/p>\n<p>En la ejecuci\u00f3n de un\u00a0<strong>proyecto industrial<\/strong>, el perfil y la titulaci\u00f3n exigida al director de obra depende del tipo de industria y del uso de la estructura a construir. Por lo que puede ser arquitecto o ingeniero, seg\u00fan la competencia y la especialidad exigida (ingeniero mec\u00e1nico, industrial, electr\u00f3nico, de telecomunicaciones, etc.).<\/p>\n<p>Sin embargo dependiendo del tipo de obra, esta direcci\u00f3n tambi\u00e9n puede recaer sobre\u00a0<strong>varios profesionales competentes<\/strong>.<\/p>\n<p>De manera general,\u00a0<strong>un director de obra se encarga de<\/strong>:\u00a0<\/p>\n<ul class=\"wp-block-list\">\n<li><strong>Resolver contingencias<\/strong>. El director de obra resuelve cualquier contingencia que surja en el desarrollo de la obra.\u00a0<\/li>\n<li><strong>Impartir las instrucciones precisas<\/strong>. Asienta en el\u00a0<strong>libro de \u00f3rdenes<\/strong>\u00a0y asistencias las instrucciones necesarias y precisas para que el proyecto se interprete de manera correcta.<\/li>\n<li><strong>Elaborar y firmar actas<\/strong>. Este profesional debe suscribir el acta de inicio de obra, de replanteo, de recepci\u00f3n, entre otras.<\/li>\n<li><strong>Elaborar y firmar el certificado final de obra<\/strong>. El director de obra conforma y firma la liquidaci\u00f3n final y el debido certificado final de la obra.<\/li>\n<li><strong>Verificar la correcta ejecuci\u00f3n<\/strong>\u00a0del replanteo, las cimentaciones y la estructura, garantizando que se adecuen al perfil geot\u00e9cnico del suelo.<\/li>\n<li><strong>Elaborar y firmar los documentos necesarios sobre la obra ejecutada<\/strong>, con el fin de entregarla al promotor.\u00a0<\/li>\n<li><strong>Modificar el proyecto<\/strong>. La direcci\u00f3n de obra realiza cualquier modificaci\u00f3n al proyecto, sea por exigencia del promotor o por requerimiento de la misma construcci\u00f3n. Siempre bajo las normativas t\u00e9cnicas.<\/li>\n<li><strong>Ordenar la realizaci\u00f3n de pruebas o ensayos necesarios<\/strong>, tanto en la ejecuci\u00f3n de actividades cr\u00edticas de la obra como para proceder a la recepci\u00f3n de la misma.<\/li>\n<li><strong>Aportar los resultados del seguimiento y control<\/strong> de la obra a los dem\u00e1s profesionales encargados de la documentaci\u00f3n o la parte t\u00e9cnica (director de ejecuci\u00f3n de obra y el coordinador de seguridad y salud).<\/li>\n<\/ul>\n<p><\/p>\n\n\n<p><\/p>\n","protected":false},"excerpt":{"rendered":"<p>La importancia de la direcci\u00f3n de obra en un proyecto industrial La direcci\u00f3n de obra\u00a0permite que todo proyecto industrial, que comprenda la construcci\u00f3n, ampliaci\u00f3n, modificaci\u00f3n o rehabilitaci\u00f3n de edificios, de estructuras, de\u00a0instalaciones\u00a0o de cualquier sistema, se ejecute de acuerdo a lo planificado. Qu\u00e9 es y en qu\u00e9 consiste la Direcci\u00f3n de Obra La direcci\u00f3n de obra\u00a0engloba el conjunto de actividades de control y seguimiento t\u00e9cnico [&hellip;]<\/p>\n","protected":false},"author":1,"featured_media":1197,"parent":179,"menu_order":15,"comment_status":"closed","ping_status":"closed","template":"","meta":{"footnotes":""},"class_list":["post-572","page","type-page","status-publish","has-post-thumbnail","hentry"],"yoast_head":"<!-- This site is optimized with the Yoast SEO plugin v27.4 - https:\/\/yoast.com\/product\/yoast-seo-wordpress\/ -->\n<title>DIRECCI\u00d3N DE OBRAS - Inycia Ingenieros y Consultores<\/title>\n<meta name=\"robots\" content=\"index, follow, max-snippet:-1, max-image-preview:large, max-video-preview:-1\" \/>\n<link rel=\"canonical\" href=\"https:\/\/inycial.com\/index.php\/inycia-ingenieros-y-consultores\/servicios\/direccion-de-obras\/\" \/>\n<meta property=\"og:locale\" content=\"es_ES\" \/>\n<meta property=\"og:type\" content=\"article\" \/>\n<meta property=\"og:title\" content=\"DIRECCI\u00d3N DE OBRAS - Inycia Ingenieros y Consultores\" \/>\n<meta property=\"og:description\" content=\"La importancia de la direcci\u00f3n de obra en un proyecto industrial La direcci\u00f3n de obra\u00a0permite que todo proyecto industrial, que comprenda la construcci\u00f3n, ampliaci\u00f3n, modificaci\u00f3n o rehabilitaci\u00f3n de edificios, de estructuras, de\u00a0instalaciones\u00a0o de cualquier sistema, se ejecute de acuerdo a lo planificado. Qu\u00e9 es y en qu\u00e9 consiste la Direcci\u00f3n de Obra La direcci\u00f3n de obra\u00a0engloba el conjunto de actividades de control y seguimiento t\u00e9cnico [&hellip;]\" \/>\n<meta property=\"og:url\" content=\"https:\/\/inycial.com\/index.php\/inycia-ingenieros-y-consultores\/servicios\/direccion-de-obras\/\" \/>\n<meta property=\"og:site_name\" content=\"Inycia Ingenieros y Consultores\" \/>\n<meta property=\"article:publisher\" content=\"https:\/\/www.facebook.com\/inycial\/\" \/>\n<meta property=\"article:modified_time\" content=\"2024-10-24T10:35:25+00:00\" \/>\n<meta property=\"og:image\" content=\"https:\/\/inycial.com\/wp-content\/uploads\/2021\/11\/Banner-post_Ingenieria-Industrial.png\" \/>\n\t<meta property=\"og:image:width\" content=\"6912\" \/>\n\t<meta property=\"og:image:height\" content=\"3456\" \/>\n\t<meta property=\"og:image:type\" content=\"image\/png\" \/>\n<meta name=\"twitter:card\" content=\"summary_large_image\" \/>\n<meta name=\"twitter:site\" content=\"@inycial\" \/>\n<meta name=\"twitter:label1\" content=\"Tiempo de lectura\" \/>\n\t<meta name=\"twitter:data1\" content=\"3 minutos\" \/>\n<script type=\"application\/ld+json\" class=\"yoast-schema-graph\">{\"@context\":\"https:\\\/\\\/schema.org\",\"@graph\":[{\"@type\":\"WebPage\",\"@id\":\"https:\\\/\\\/inycial.com\\\/index.php\\\/inycia-ingenieros-y-consultores\\\/servicios\\\/direccion-de-obras\\\/\",\"url\":\"https:\\\/\\\/inycial.com\\\/index.php\\\/inycia-ingenieros-y-consultores\\\/servicios\\\/direccion-de-obras\\\/\",\"name\":\"DIRECCI\u00d3N DE OBRAS - Inycia Ingenieros y Consultores\",\"isPartOf\":{\"@id\":\"https:\\\/\\\/inycial.com\\\/#website\"},\"primaryImageOfPage\":{\"@id\":\"https:\\\/\\\/inycial.com\\\/index.php\\\/inycia-ingenieros-y-consultores\\\/servicios\\\/direccion-de-obras\\\/#primaryimage\"},\"image\":{\"@id\":\"https:\\\/\\\/inycial.com\\\/index.php\\\/inycia-ingenieros-y-consultores\\\/servicios\\\/direccion-de-obras\\\/#primaryimage\"},\"thumbnailUrl\":\"https:\\\/\\\/inycial.com\\\/wp-content\\\/uploads\\\/2021\\\/11\\\/Banner-post_Ingenieria-Industrial.png\",\"datePublished\":\"2017-05-19T11:31:09+00:00\",\"dateModified\":\"2024-10-24T10:35:25+00:00\",\"breadcrumb\":{\"@id\":\"https:\\\/\\\/inycial.com\\\/index.php\\\/inycia-ingenieros-y-consultores\\\/servicios\\\/direccion-de-obras\\\/#breadcrumb\"},\"inLanguage\":\"es\",\"potentialAction\":[{\"@type\":\"ReadAction\",\"target\":[\"https:\\\/\\\/inycial.com\\\/index.php\\\/inycia-ingenieros-y-consultores\\\/servicios\\\/direccion-de-obras\\\/\"]}]},{\"@type\":\"ImageObject\",\"inLanguage\":\"es\",\"@id\":\"https:\\\/\\\/inycial.com\\\/index.php\\\/inycia-ingenieros-y-consultores\\\/servicios\\\/direccion-de-obras\\\/#primaryimage\",\"url\":\"https:\\\/\\\/inycial.com\\\/wp-content\\\/uploads\\\/2021\\\/11\\\/Banner-post_Ingenieria-Industrial.png\",\"contentUrl\":\"https:\\\/\\\/inycial.com\\\/wp-content\\\/uploads\\\/2021\\\/11\\\/Banner-post_Ingenieria-Industrial.png\",\"width\":6912,\"height\":3456},{\"@type\":\"BreadcrumbList\",\"@id\":\"https:\\\/\\\/inycial.com\\\/index.php\\\/inycia-ingenieros-y-consultores\\\/servicios\\\/direccion-de-obras\\\/#breadcrumb\",\"itemListElement\":[{\"@type\":\"ListItem\",\"position\":1,\"name\":\"Portada\",\"item\":\"https:\\\/\\\/inycial.com\\\/\"},{\"@type\":\"ListItem\",\"position\":2,\"name\":\"Inycia Ingenieros y Consultores\",\"item\":\"https:\\\/\\\/inycial.com\\\/\"},{\"@type\":\"ListItem\",\"position\":3,\"name\":\"SERVICIOS\",\"item\":\"https:\\\/\\\/inycial.com\\\/index.php\\\/inycia-ingenieros-y-consultores\\\/servicios\\\/\"},{\"@type\":\"ListItem\",\"position\":4,\"name\":\"DIRECCI\u00d3N DE OBRAS\"}]},{\"@type\":\"WebSite\",\"@id\":\"https:\\\/\\\/inycial.com\\\/#website\",\"url\":\"https:\\\/\\\/inycial.com\\\/\",\"name\":\"Inycia Ingenieros y Consultores\",\"description\":\"Ingenier\u00eda y Consultor\u00eda instalaciones industriales y seguridad industrial\",\"publisher\":{\"@id\":\"https:\\\/\\\/inycial.com\\\/#organization\"},\"potentialAction\":[{\"@type\":\"SearchAction\",\"target\":{\"@type\":\"EntryPoint\",\"urlTemplate\":\"https:\\\/\\\/inycial.com\\\/?s={search_term_string}\"},\"query-input\":{\"@type\":\"PropertyValueSpecification\",\"valueRequired\":true,\"valueName\":\"search_term_string\"}}],\"inLanguage\":\"es\"},{\"@type\":\"Organization\",\"@id\":\"https:\\\/\\\/inycial.com\\\/#organization\",\"name\":\"Inycia Ingenieros y Consultores\",\"url\":\"https:\\\/\\\/inycial.com\\\/\",\"logo\":{\"@type\":\"ImageObject\",\"inLanguage\":\"es\",\"@id\":\"https:\\\/\\\/inycial.com\\\/#\\\/schema\\\/logo\\\/image\\\/\",\"url\":\"https:\\\/\\\/inycial.com\\\/wp-content\\\/uploads\\\/2017\\\/03\\\/Logo-e1490218059466.jpg\",\"contentUrl\":\"https:\\\/\\\/inycial.com\\\/wp-content\\\/uploads\\\/2017\\\/03\\\/Logo-e1490218059466.jpg\",\"width\":165,\"height\":41,\"caption\":\"Inycia Ingenieros y Consultores\"},\"image\":{\"@id\":\"https:\\\/\\\/inycial.com\\\/#\\\/schema\\\/logo\\\/image\\\/\"},\"sameAs\":[\"https:\\\/\\\/www.facebook.com\\\/inycial\\\/\",\"https:\\\/\\\/x.com\\\/inycial\",\"https:\\\/\\\/www.linkedin.com\\\/company\\\/ingenieria-y-consultoria-instalaciones-almacenamiento-s-l-\",\"https:\\\/\\\/www.pinterest.es\\\/inycial\\\/\"]}]}<\/script>\n<!-- \/ Yoast SEO plugin. -->","yoast_head_json":{"title":"DIRECCI\u00d3N DE OBRAS - Inycia Ingenieros y Consultores","robots":{"index":"index","follow":"follow","max-snippet":"max-snippet:-1","max-image-preview":"max-image-preview:large","max-video-preview":"max-video-preview:-1"},"canonical":"https:\/\/inycial.com\/index.php\/inycia-ingenieros-y-consultores\/servicios\/direccion-de-obras\/","og_locale":"es_ES","og_type":"article","og_title":"DIRECCI\u00d3N DE OBRAS - Inycia Ingenieros y Consultores","og_description":"La importancia de la direcci\u00f3n de obra en un proyecto industrial La direcci\u00f3n de obra\u00a0permite que todo proyecto industrial, que comprenda la construcci\u00f3n, ampliaci\u00f3n, modificaci\u00f3n o rehabilitaci\u00f3n de edificios, de estructuras, de\u00a0instalaciones\u00a0o de cualquier sistema, se ejecute de acuerdo a lo planificado. Qu\u00e9 es y en qu\u00e9 consiste la Direcci\u00f3n de Obra La direcci\u00f3n de obra\u00a0engloba el conjunto de actividades de control y seguimiento t\u00e9cnico [&hellip;]","og_url":"https:\/\/inycial.com\/index.php\/inycia-ingenieros-y-consultores\/servicios\/direccion-de-obras\/","og_site_name":"Inycia Ingenieros y Consultores","article_publisher":"https:\/\/www.facebook.com\/inycial\/","article_modified_time":"2024-10-24T10:35:25+00:00","og_image":[{"width":6912,"height":3456,"url":"https:\/\/inycial.com\/wp-content\/uploads\/2021\/11\/Banner-post_Ingenieria-Industrial.png","type":"image\/png"}],"twitter_card":"summary_large_image","twitter_site":"@inycial","twitter_misc":{"Tiempo de lectura":"3 minutos"},"schema":{"@context":"https:\/\/schema.org","@graph":[{"@type":"WebPage","@id":"https:\/\/inycial.com\/index.php\/inycia-ingenieros-y-consultores\/servicios\/direccion-de-obras\/","url":"https:\/\/inycial.com\/index.php\/inycia-ingenieros-y-consultores\/servicios\/direccion-de-obras\/","name":"DIRECCI\u00d3N DE OBRAS - Inycia Ingenieros y Consultores","isPartOf":{"@id":"https:\/\/inycial.com\/#website"},"primaryImageOfPage":{"@id":"https:\/\/inycial.com\/index.php\/inycia-ingenieros-y-consultores\/servicios\/direccion-de-obras\/#primaryimage"},"image":{"@id":"https:\/\/inycial.com\/index.php\/inycia-ingenieros-y-consultores\/servicios\/direccion-de-obras\/#primaryimage"},"thumbnailUrl":"https:\/\/inycial.com\/wp-content\/uploads\/2021\/11\/Banner-post_Ingenieria-Industrial.png","datePublished":"2017-05-19T11:31:09+00:00","dateModified":"2024-10-24T10:35:25+00:00","breadcrumb":{"@id":"https:\/\/inycial.com\/index.php\/inycia-ingenieros-y-consultores\/servicios\/direccion-de-obras\/#breadcrumb"},"inLanguage":"es","potentialAction":[{"@type":"ReadAction","target":["https:\/\/inycial.com\/index.php\/inycia-ingenieros-y-consultores\/servicios\/direccion-de-obras\/"]}]},{"@type":"ImageObject","inLanguage":"es","@id":"https:\/\/inycial.com\/index.php\/inycia-ingenieros-y-consultores\/servicios\/direccion-de-obras\/#primaryimage","url":"https:\/\/inycial.com\/wp-content\/uploads\/2021\/11\/Banner-post_Ingenieria-Industrial.png","contentUrl":"https:\/\/inycial.com\/wp-content\/uploads\/2021\/11\/Banner-post_Ingenieria-Industrial.png","width":6912,"height":3456},{"@type":"BreadcrumbList","@id":"https:\/\/inycial.com\/index.php\/inycia-ingenieros-y-consultores\/servicios\/direccion-de-obras\/#breadcrumb","itemListElement":[{"@type":"ListItem","position":1,"name":"Portada","item":"https:\/\/inycial.com\/"},{"@type":"ListItem","position":2,"name":"Inycia Ingenieros y Consultores","item":"https:\/\/inycial.com\/"},{"@type":"ListItem","position":3,"name":"SERVICIOS","item":"https:\/\/inycial.com\/index.php\/inycia-ingenieros-y-consultores\/servicios\/"},{"@type":"ListItem","position":4,"name":"DIRECCI\u00d3N DE OBRAS"}]},{"@type":"WebSite","@id":"https:\/\/inycial.com\/#website","url":"https:\/\/inycial.com\/","name":"Inycia Ingenieros y Consultores","description":"Ingenier\u00eda y Consultor\u00eda instalaciones industriales y seguridad industrial","publisher":{"@id":"https:\/\/inycial.com\/#organization"},"potentialAction":[{"@type":"SearchAction","target":{"@type":"EntryPoint","urlTemplate":"https:\/\/inycial.com\/?s={search_term_string}"},"query-input":{"@type":"PropertyValueSpecification","valueRequired":true,"valueName":"search_term_string"}}],"inLanguage":"es"},{"@type":"Organization","@id":"https:\/\/inycial.com\/#organization","name":"Inycia Ingenieros y Consultores","url":"https:\/\/inycial.com\/","logo":{"@type":"ImageObject","inLanguage":"es","@id":"https:\/\/inycial.com\/#\/schema\/logo\/image\/","url":"https:\/\/inycial.com\/wp-content\/uploads\/2017\/03\/Logo-e1490218059466.jpg","contentUrl":"https:\/\/inycial.com\/wp-content\/uploads\/2017\/03\/Logo-e1490218059466.jpg","width":165,"height":41,"caption":"Inycia Ingenieros y Consultores"},"image":{"@id":"https:\/\/inycial.com\/#\/schema\/logo\/image\/"},"sameAs":["https:\/\/www.facebook.com\/inycial\/","https:\/\/x.com\/inycial","https:\/\/www.linkedin.com\/company\/ingenieria-y-consultoria-instalaciones-almacenamiento-s-l-","https:\/\/www.pinterest.es\/inycial\/"]}]}},"rttpg_featured_image_url":{"full":["https:\/\/inycial.com\/wp-content\/uploads\/2021\/11\/Banner-post_Ingenieria-Industrial.png",6912,3456,false],"landscape":["https:\/\/inycial.com\/wp-content\/uploads\/2021\/11\/Banner-post_Ingenieria-Industrial.png",6912,3456,false],"portraits":["https:\/\/inycial.com\/wp-content\/uploads\/2021\/11\/Banner-post_Ingenieria-Industrial.png",6912,3456,false],"thumbnail":["https:\/\/inycial.com\/wp-content\/uploads\/2021\/11\/Banner-post_Ingenieria-Industrial-150x150.png",150,150,true],"medium":["https:\/\/inycial.com\/wp-content\/uploads\/2021\/11\/Banner-post_Ingenieria-Industrial-300x150.png",300,150,true],"large":["https:\/\/inycial.com\/wp-content\/uploads\/2021\/11\/Banner-post_Ingenieria-Industrial-1024x512.png",1024,512,true],"1536x1536":["https:\/\/inycial.com\/wp-content\/uploads\/2021\/11\/Banner-post_Ingenieria-Industrial-1536x768.png",1536,768,true],"2048x2048":["https:\/\/inycial.com\/wp-content\/uploads\/2021\/11\/Banner-post_Ingenieria-Industrial-2048x1024.png",2048,1024,true],"post-thumbnail":["https:\/\/inycial.com\/wp-content\/uploads\/2021\/11\/Banner-post_Ingenieria-Industrial-300x250.png",300,250,true],"vega-post-thumbnail-recent":["https:\/\/inycial.com\/wp-content\/uploads\/2021\/11\/Banner-post_Ingenieria-Industrial-350x220.png",350,220,true]},"rttpg_author":{"display_name":"inycial.com","author_link":"https:\/\/inycial.com\/index.php\/author\/inycial-com\/"},"rttpg_comment":0,"rttpg_category":null,"rttpg_excerpt":"La importancia de la direcci\u00f3n de obra en un proyecto industrial La direcci\u00f3n de obra\u00a0permite que todo proyecto industrial, que comprenda la construcci\u00f3n, ampliaci\u00f3n, modificaci\u00f3n o rehabilitaci\u00f3n de edificios, de estructuras, de\u00a0instalaciones\u00a0o de cualquier sistema, se ejecute de acuerdo a lo planificado. Qu\u00e9 es y en qu\u00e9 consiste la Direcci\u00f3n de Obra La direcci\u00f3n de&hellip;","_links":{"self":[{"href":"https:\/\/inycial.com\/index.php\/wp-json\/wp\/v2\/pages\/572","targetHints":{"allow":["GET"]}}],"collection":[{"href":"https:\/\/inycial.com\/index.php\/wp-json\/wp\/v2\/pages"}],"about":[{"href":"https:\/\/inycial.com\/index.php\/wp-json\/wp\/v2\/types\/page"}],"author":[{"embeddable":true,"href":"https:\/\/inycial.com\/index.php\/wp-json\/wp\/v2\/users\/1"}],"replies":[{"embeddable":true,"href":"https:\/\/inycial.com\/index.php\/wp-json\/wp\/v2\/comments?post=572"}],"version-history":[{"count":5,"href":"https:\/\/inycial.com\/index.php\/wp-json\/wp\/v2\/pages\/572\/revisions"}],"predecessor-version":[{"id":1905,"href":"https:\/\/inycial.com\/index.php\/wp-json\/wp\/v2\/pages\/572\/revisions\/1905"}],"up":[{"embeddable":true,"href":"https:\/\/inycial.com\/index.php\/wp-json\/wp\/v2\/pages\/179"}],"wp:featuredmedia":[{"embeddable":true,"href":"https:\/\/inycial.com\/index.php\/wp-json\/wp\/v2\/media\/1197"}],"wp:attachment":[{"href":"https:\/\/inycial.com\/index.php\/wp-json\/wp\/v2\/media?parent=572"}],"curies":[{"name":"wp","href":"https:\/\/api.w.org\/{rel}","templated":true}]}}