{"id":569,"date":"2017-05-19T13:25:16","date_gmt":"2017-05-19T11:25:16","guid":{"rendered":"http:\/\/inycial.com\/?page_id=569"},"modified":"2022-10-21T21:02:08","modified_gmt":"2022-10-21T19:02:08","slug":"instalaciones-industriales","status":"publish","type":"page","link":"https:\/\/inycial.com\/index.php\/inycia-ingenieros-y-consultores\/servicios\/ingenieria-industrial\/instalaciones-industriales\/","title":{"rendered":"DISE\u00d1O DE INSTALACIONES INDUSTRIALES"},"content":{"rendered":"\n<table id=\"tablepress-2\" class=\"tablepress tablepress-id-2\">\n<tbody class=\"row-hover\">\n<tr class=\"row-1\">\n\t<td class=\"column-1\"><a href=\"http:\/\/inycial.com\/index.php\/servicios\/ingenieria-industrial\/instalaciones-industriales\/terminales\/\"><strong> Instalaciones petrol\u00edferas<\/strong><\/a><\/td><td class=\"column-2\"><a href=\"http:\/\/inycial.com\/index.php\/inicio\/areas-de-negocio\/diseno-de-tuberias-y-soportes\/\"><strong>Tuber\u00edas para procesos industriales<\/strong><\/a><\/td><td class=\"column-3\"><a href=\"http:\/\/inycial.com\/index.php\/inicio\/areas-de-negocio\/ingenieria-industrial\/instalaciones-industriales\/diseno-de-obra-civil-y-estructuras-metalicas\/\"><strong>Obra civil y estructuras met\u00e1licas<\/strong><\/a><\/td>\n<\/tr>\n<tr class=\"row-2\">\n\t<td class=\"column-1\"><div id=\"attachment_846\" style=\"width: 310px\" class=\"wp-caption alignnone\"><a href=\"http:\/\/inycial.com\/index.php\/servicios\/ingenieria-industrial\/instalaciones-industriales\/terminales\/\"><img loading=\"lazy\" decoding=\"async\" aria-describedby=\"caption-attachment-846\" src=\"http:\/\/inycial.com\/wp-content\/uploads\/2017\/07\/petroliferas-300x200.jpg\" alt=\"\" width=\"300\" height=\"200\" class=\"size-medium wp-image-846\" srcset=\"https:\/\/inycial.com\/wp-content\/uploads\/2017\/07\/petroliferas-300x200.jpg 300w, https:\/\/inycial.com\/wp-content\/uploads\/2017\/07\/petroliferas-768x512.jpg 768w, https:\/\/inycial.com\/wp-content\/uploads\/2017\/07\/petroliferas-1024x683.jpg 1024w, https:\/\/inycial.com\/wp-content\/uploads\/2017\/07\/petroliferas.jpg 1920w\" sizes=\"auto, (max-width: 300px) 100vw, 300px\" \/><\/a><p id=\"caption-attachment-846\" class=\"wp-caption-text\">- Almacenamientos industriales (terminales, parques, etc.)<br \/>- Almacenamiento para consumo en la propia instalaci\u00f3n (calefacci\u00f3n, ACS, incineraci\u00f3n)<br \/>- Instalaciones para suministro a veh\u00edculos (gasolineras)<\/p><\/div><\/td><td class=\"column-2\"><div id=\"attachment_791\" style=\"width: 310px\" class=\"wp-caption alignnone\"><a href=\"http:\/\/inycial.com\/index.php\/servicios\/ingenieria-industrial\/instalaciones-industriales\/diseno-de-tuberias-y-soportes\/\"><img loading=\"lazy\" decoding=\"async\" aria-describedby=\"caption-attachment-791\" src=\"http:\/\/inycial.com\/wp-content\/uploads\/2017\/07\/tuberias-300x200.jpg\" alt=\"\" width=\"300\" height=\"200\" class=\"size-medium wp-image-791\" srcset=\"https:\/\/inycial.com\/wp-content\/uploads\/2017\/07\/tuberias-300x200.jpg 300w, https:\/\/inycial.com\/wp-content\/uploads\/2017\/07\/tuberias-768x512.jpg 768w, https:\/\/inycial.com\/wp-content\/uploads\/2017\/07\/tuberias-1024x683.jpg 1024w, https:\/\/inycial.com\/wp-content\/uploads\/2017\/07\/tuberias.jpg 1920w\" sizes=\"auto, (max-width: 300px) 100vw, 300px\" \/><\/a><p id=\"caption-attachment-791\" class=\"wp-caption-text\">- Instalaciones hidr\u00e1ulicas, de gases y fluidos.<br \/>\n- Oleoductos, gasoductos y poliductos. <br \/>\n- Estaciones de pigs para poliductos bidireccionales. <br \/>\n- Dise\u00f1o Hidr\u00e1ulico (flujo, velocidades, ca\u00edda de presi\u00f3n). <br \/>\n- Estudio de golpe de ariete.<br \/>\n- Analisis de flexibilidad y c\u00e1lculos de stress de tuber\u00edas.<br \/>\n- Dise\u00f1o de soportes de tuber\u00edas. <br \/><\/p><\/div><\/td><td class=\"column-3\"><div id=\"attachment_856\" style=\"width: 310px\" class=\"wp-caption alignnone\"><a href=\"http:\/\/inycial.com\/index.php\/servicios\/ingenieria-industrial\/instalaciones-industriales\/diseno-de-obra-civil-y-estructuras-metalicas\/\"><img loading=\"lazy\" decoding=\"async\" aria-describedby=\"caption-attachment-856\" src=\"http:\/\/inycial.com\/wp-content\/uploads\/2017\/07\/estructura-300x200.jpg\" alt=\"\" width=\"300\" height=\"200\" class=\"size-medium wp-image-856\" srcset=\"https:\/\/inycial.com\/wp-content\/uploads\/2017\/07\/estructura-300x200.jpg 300w, https:\/\/inycial.com\/wp-content\/uploads\/2017\/07\/estructura-768x512.jpg 768w, https:\/\/inycial.com\/wp-content\/uploads\/2017\/07\/estructura-1024x683.jpg 1024w, https:\/\/inycial.com\/wp-content\/uploads\/2017\/07\/estructura.jpg 1920w\" sizes=\"auto, (max-width: 300px) 100vw, 300px\" \/><\/a><p id=\"caption-attachment-856\" class=\"wp-caption-text\">- Dise\u00f1o de obra civil (cimentaciones de equipos, redes enterradas, etc.)<br \/>- Dise\u00f1o de naves y edificaciones industriales.<br \/>- Dise\u00f1o y c\u00e1lculo de estructuras met\u00e1licas y de hormig\u00f3n armado<\/p><\/div><\/td>\n<\/tr>\n<tr class=\"row-3\">\n\t<td class=\"column-1\"><a href=\"https:\/\/inycial.com\/index.php\/servicios\/ingenieria-industrial\/instalaciones-industriales\/apq\/\"><strong>Almacenamiento de productos qu\u00edmicos (APQ)<\/strong><\/a><\/td><td class=\"column-2\"><a href=\"http:\/\/inycial.com\/index.php\/inicio\/areas-de-negocio\/diseno-de-tanques-de-almacenamiento-y-recipientes-a-presion\/\"><strong>Dise\u00f1o de tanques de almacenamiento<\/strong><\/a><\/td><td class=\"column-3\"><a href=\"http:\/\/inycial.com\/index.php\/inicio\/areas-de-negocio\/diseno-de-instalaciones-electricas-de-baja-y-alta-tension\/\"><strong>Instalaciones el\u00e9ctricas<\/strong><\/a><\/td>\n<\/tr>\n<tr class=\"row-4\">\n\t<td class=\"column-1\"><div id=\"attachment_846\" style=\"width: 310px\" class=\"wp-caption alignnone\"><a href=\"https:\/\/inycial.com\/index.php\/servicios\/ingenieria-industrial\/instalaciones-industriales\/apq\/\"><img loading=\"lazy\" decoding=\"async\" aria-describedby=\"caption-attachment-846\" src=\"http:\/\/inycial.com\/wp-content\/uploads\/2017\/07\/APQ-300x200.jpg\" alt=\"\" width=\"300\" height=\"200\" class=\"size-medium wp-image-846\" \/><\/a><p id=\"caption-attachment-846\" class=\"wp-caption-text\">- Productos inflamables y combustibles<br \/>- Productos t\u00f3xicos<br \/>- Productos corrosivos<\/p><\/div><\/td><td class=\"column-2\"><div id=\"attachment_857\" style=\"width: 310px\" class=\"wp-caption alignnone\"><a href=\"http:\/\/inycial.com\/index.php\/servicios\/ingenieria-industrial\/instalaciones-industriales\/diseno-de-tanques-de-almacenamiento-y-recipientes-a-presion\/\"><img loading=\"lazy\" decoding=\"async\" aria-describedby=\"caption-attachment-857\" src=\"http:\/\/inycial.com\/wp-content\/uploads\/2017\/07\/tanques-300x200.jpg\" alt=\"\" width=\"300\" height=\"200\" class=\"size-medium wp-image-857\" \/><\/a><p id=\"caption-attachment-857\" class=\"wp-caption-text\">- C\u00e1lculo y dise\u00f1o de tanques de almacenamiento de acuerdo a API 650 o C\u00f3digo Europeo EN 14015<br \/>- Planos de fabricaci\u00f3n y montaje, escaleras, plataformas y pasarelas, sistemas de refrigeraci\u00f3n y extinci\u00f3n por espuma<br \/>- Inspecci\u00f3n de tanques de almacenamiento y dise\u00f1o de reparaciones de acuerdo a API 653<\/p><\/div><\/td><td class=\"column-3\"><div id=\"attachment_856\" style=\"width: 310px\" class=\"wp-caption alignnone\"><a href=\"http:\/\/inycial.com\/index.php\/inicio\/areas-de-negocio\/diseno-de-instalaciones-electricas-de-baja-y-alta-tension\/\"><img loading=\"lazy\" decoding=\"async\" aria-describedby=\"caption-attachment-856\" src=\"http:\/\/inycial.com\/wp-content\/uploads\/2017\/07\/electricas-300x200.jpg\" alt=\"\" width=\"300\" height=\"200\" class=\"size-medium wp-image-856\" \/><\/a><p id=\"caption-attachment-856\" class=\"wp-caption-text\">- Alta tensi\u00f3n<br \/>- Centros de transformaci\u00f3n<br \/>- Baja Tensi\u00f3n<\/p><\/div><\/td>\n<\/tr>\n<tr class=\"row-5\">\n\t<td class=\"column-1\"><a href=\"http:\/\/inycial.com\/index.php\/inicio\/areas-de-negocio\/diseno-de-sistemas-seguridad-y-proteccion-contra-incendios-pci\/\"><strong>Instalaciones contra incendios (PCI)<\/strong><\/a><\/td><td class=\"column-2\"><a href=\"http:\/\/inycial.com\/index.php\/inicio\/areas-de-negocio\/diseno-de-tanques-de-almacenamiento-y-recipientes-a-presion\/\"><strong>Dise\u00f1o de recipientes a presi\u00f3n<\/strong><\/a><\/td><td class=\"column-3\"><strong>Automatizaci\u00f3n y control industrial<\/strong><\/td>\n<\/tr>\n<tr class=\"row-6\">\n\t<td class=\"column-1\"><div id=\"attachment_846\" style=\"width: 310px\" class=\"wp-caption alignnone\"><a href=\"http:\/\/inycial.com\/index.php\/inicio\/areas-de-negocio\/diseno-de-sistemas-seguridad-y-proteccion-contra-incendios-pci\/\"><img loading=\"lazy\" decoding=\"async\" aria-describedby=\"caption-attachment-846\" src=\"http:\/\/inycial.com\/wp-content\/uploads\/2017\/07\/PCI-300x200.jpg\" alt=\"\" width=\"300\" height=\"200\" class=\"size-medium wp-image-846\" \/><\/a><p id=\"caption-attachment-846\" class=\"wp-caption-text\">- Instalaciones PCI industriales<br \/>- Instalaciones de extinci\u00f3n autom\u00e1tica<br \/>- Dise\u00f1o y dimensionamiento de redes<\/p><\/div><\/td><td class=\"column-2\"><div id=\"attachment_857\" style=\"width: 310px\" class=\"wp-caption alignnone\"><a href=\"http:\/\/inycial.com\/index.php\/inicio\/areas-de-negocio\/diseno-de-tanques-de-almacenamiento-y-recipientes-a-presion\/\"><img loading=\"lazy\" decoding=\"async\" aria-describedby=\"caption-attachment-857\" src=\"http:\/\/inycial.com\/wp-content\/uploads\/2017\/07\/recipientes-300x200.jpg\" alt=\"\" width=\"300\" height=\"200\" class=\"size-medium wp-image-858\" \/><\/a><p id=\"caption-attachment-857\" class=\"wp-caption-text\">- C\u00e1lculo y el dise\u00f1o de recipientes a presi\u00f3n de acuerdo a ASME VIII Div 1 y 2, PD 5500 y EN 13445<br \/>-Inspecci\u00f3n de recipientes a presi\u00f3n y dise\u00f1o de reparaciones y mejoras mediante API 510<\/p><\/div><\/td><td class=\"column-3\"><div id=\"attachment_856\" style=\"width: 310px\" class=\"wp-caption alignnone\"><img loading=\"lazy\" decoding=\"async\" aria-describedby=\"caption-attachment-856\" src=\"http:\/\/inycial.com\/wp-content\/uploads\/2017\/07\/control-300x200.jpg\" alt=\"\" width=\"300\" height=\"200\" class=\"size-medium wp-image-856\" \/><\/a><p id=\"caption-attachment-856\" class=\"wp-caption-text\">- Dise\u00f1o de procesos industriales<br \/>- Instrumentaci\u00f3n y Control<br \/>- Dise\u00f1o sistemas SCADA industriales<br \/>- Descripci\u00f3n funcional de sistemas de control industrial<\/p><\/div><\/td>\n<\/tr>\n<\/tbody>\n<\/table>\n<!-- #tablepress-2 from cache -->\n","protected":false},"excerpt":{"rendered":"","protected":false},"author":1,"featured_media":1197,"parent":559,"menu_order":5,"comment_status":"closed","ping_status":"closed","template":"template-full-width.php","meta":{"footnotes":""},"class_list":["post-569","page","type-page","status-publish","has-post-thumbnail","hentry"],"yoast_head":"<!-- This site is optimized with the Yoast SEO plugin v27.4 - https:\/\/yoast.com\/product\/yoast-seo-wordpress\/ -->\n<title>DISE\u00d1O DE INSTALACIONES INDUSTRIALES - Inycia Ingenieros y Consultores<\/title>\n<meta name=\"robots\" content=\"index, follow, max-snippet:-1, max-image-preview:large, max-video-preview:-1\" \/>\n<link rel=\"canonical\" href=\"https:\/\/inycial.com\/index.php\/inycia-ingenieros-y-consultores\/servicios\/ingenieria-industrial\/instalaciones-industriales\/\" \/>\n<meta property=\"og:locale\" content=\"es_ES\" \/>\n<meta property=\"og:type\" content=\"article\" \/>\n<meta property=\"og:title\" content=\"DISE\u00d1O DE INSTALACIONES INDUSTRIALES - Inycia Ingenieros y Consultores\" \/>\n<meta property=\"og:url\" content=\"https:\/\/inycial.com\/index.php\/inycia-ingenieros-y-consultores\/servicios\/ingenieria-industrial\/instalaciones-industriales\/\" \/>\n<meta property=\"og:site_name\" content=\"Inycia Ingenieros y Consultores\" \/>\n<meta property=\"article:publisher\" content=\"https:\/\/www.facebook.com\/inycial\/\" \/>\n<meta property=\"article:modified_time\" content=\"2022-10-21T19:02:08+00:00\" \/>\n<meta property=\"og:image\" content=\"https:\/\/inycial.com\/wp-content\/uploads\/2021\/11\/Banner-post_Ingenieria-Industrial.png\" \/>\n\t<meta property=\"og:image:width\" content=\"6912\" \/>\n\t<meta property=\"og:image:height\" content=\"3456\" \/>\n\t<meta property=\"og:image:type\" content=\"image\/png\" \/>\n<meta name=\"twitter:card\" content=\"summary_large_image\" \/>\n<meta name=\"twitter:site\" content=\"@inycial\" \/>\n<meta name=\"twitter:label1\" content=\"Tiempo de lectura\" \/>\n\t<meta name=\"twitter:data1\" content=\"1 minuto\" \/>\n<script type=\"application\/ld+json\" class=\"yoast-schema-graph\">{\"@context\":\"https:\\\/\\\/schema.org\",\"@graph\":[{\"@type\":\"WebPage\",\"@id\":\"https:\\\/\\\/inycial.com\\\/index.php\\\/inycia-ingenieros-y-consultores\\\/servicios\\\/ingenieria-industrial\\\/instalaciones-industriales\\\/\",\"url\":\"https:\\\/\\\/inycial.com\\\/index.php\\\/inycia-ingenieros-y-consultores\\\/servicios\\\/ingenieria-industrial\\\/instalaciones-industriales\\\/\",\"name\":\"DISE\u00d1O DE INSTALACIONES INDUSTRIALES - Inycia Ingenieros y Consultores\",\"isPartOf\":{\"@id\":\"https:\\\/\\\/inycial.com\\\/#website\"},\"primaryImageOfPage\":{\"@id\":\"https:\\\/\\\/inycial.com\\\/index.php\\\/inycia-ingenieros-y-consultores\\\/servicios\\\/ingenieria-industrial\\\/instalaciones-industriales\\\/#primaryimage\"},\"image\":{\"@id\":\"https:\\\/\\\/inycial.com\\\/index.php\\\/inycia-ingenieros-y-consultores\\\/servicios\\\/ingenieria-industrial\\\/instalaciones-industriales\\\/#primaryimage\"},\"thumbnailUrl\":\"https:\\\/\\\/inycial.com\\\/wp-content\\\/uploads\\\/2021\\\/11\\\/Banner-post_Ingenieria-Industrial.png\",\"datePublished\":\"2017-05-19T11:25:16+00:00\",\"dateModified\":\"2022-10-21T19:02:08+00:00\",\"breadcrumb\":{\"@id\":\"https:\\\/\\\/inycial.com\\\/index.php\\\/inycia-ingenieros-y-consultores\\\/servicios\\\/ingenieria-industrial\\\/instalaciones-industriales\\\/#breadcrumb\"},\"inLanguage\":\"es\",\"potentialAction\":[{\"@type\":\"ReadAction\",\"target\":[\"https:\\\/\\\/inycial.com\\\/index.php\\\/inycia-ingenieros-y-consultores\\\/servicios\\\/ingenieria-industrial\\\/instalaciones-industriales\\\/\"]}]},{\"@type\":\"ImageObject\",\"inLanguage\":\"es\",\"@id\":\"https:\\\/\\\/inycial.com\\\/index.php\\\/inycia-ingenieros-y-consultores\\\/servicios\\\/ingenieria-industrial\\\/instalaciones-industriales\\\/#primaryimage\",\"url\":\"https:\\\/\\\/inycial.com\\\/wp-content\\\/uploads\\\/2021\\\/11\\\/Banner-post_Ingenieria-Industrial.png\",\"contentUrl\":\"https:\\\/\\\/inycial.com\\\/wp-content\\\/uploads\\\/2021\\\/11\\\/Banner-post_Ingenieria-Industrial.png\",\"width\":6912,\"height\":3456},{\"@type\":\"BreadcrumbList\",\"@id\":\"https:\\\/\\\/inycial.com\\\/index.php\\\/inycia-ingenieros-y-consultores\\\/servicios\\\/ingenieria-industrial\\\/instalaciones-industriales\\\/#breadcrumb\",\"itemListElement\":[{\"@type\":\"ListItem\",\"position\":1,\"name\":\"Portada\",\"item\":\"https:\\\/\\\/inycial.com\\\/\"},{\"@type\":\"ListItem\",\"position\":2,\"name\":\"Inycia Ingenieros y Consultores\",\"item\":\"https:\\\/\\\/inycial.com\\\/\"},{\"@type\":\"ListItem\",\"position\":3,\"name\":\"SERVICIOS\",\"item\":\"https:\\\/\\\/inycial.com\\\/index.php\\\/inycia-ingenieros-y-consultores\\\/servicios\\\/\"},{\"@type\":\"ListItem\",\"position\":4,\"name\":\"INGENIER\u00cdA INDUSTRIAL\",\"item\":\"https:\\\/\\\/inycial.com\\\/index.php\\\/inycia-ingenieros-y-consultores\\\/servicios\\\/ingenieria-industrial\\\/\"},{\"@type\":\"ListItem\",\"position\":5,\"name\":\"DISE\u00d1O DE INSTALACIONES INDUSTRIALES\"}]},{\"@type\":\"WebSite\",\"@id\":\"https:\\\/\\\/inycial.com\\\/#website\",\"url\":\"https:\\\/\\\/inycial.com\\\/\",\"name\":\"Inycia Ingenieros y Consultores\",\"description\":\"Ingenier\u00eda y Consultor\u00eda instalaciones industriales y seguridad industrial\",\"publisher\":{\"@id\":\"https:\\\/\\\/inycial.com\\\/#organization\"},\"potentialAction\":[{\"@type\":\"SearchAction\",\"target\":{\"@type\":\"EntryPoint\",\"urlTemplate\":\"https:\\\/\\\/inycial.com\\\/?s={search_term_string}\"},\"query-input\":{\"@type\":\"PropertyValueSpecification\",\"valueRequired\":true,\"valueName\":\"search_term_string\"}}],\"inLanguage\":\"es\"},{\"@type\":\"Organization\",\"@id\":\"https:\\\/\\\/inycial.com\\\/#organization\",\"name\":\"Inycia Ingenieros y Consultores\",\"url\":\"https:\\\/\\\/inycial.com\\\/\",\"logo\":{\"@type\":\"ImageObject\",\"inLanguage\":\"es\",\"@id\":\"https:\\\/\\\/inycial.com\\\/#\\\/schema\\\/logo\\\/image\\\/\",\"url\":\"https:\\\/\\\/inycial.com\\\/wp-content\\\/uploads\\\/2017\\\/03\\\/Logo-e1490218059466.jpg\",\"contentUrl\":\"https:\\\/\\\/inycial.com\\\/wp-content\\\/uploads\\\/2017\\\/03\\\/Logo-e1490218059466.jpg\",\"width\":165,\"height\":41,\"caption\":\"Inycia Ingenieros y Consultores\"},\"image\":{\"@id\":\"https:\\\/\\\/inycial.com\\\/#\\\/schema\\\/logo\\\/image\\\/\"},\"sameAs\":[\"https:\\\/\\\/www.facebook.com\\\/inycial\\\/\",\"https:\\\/\\\/x.com\\\/inycial\",\"https:\\\/\\\/www.linkedin.com\\\/company\\\/ingenieria-y-consultoria-instalaciones-almacenamiento-s-l-\",\"https:\\\/\\\/www.pinterest.es\\\/inycial\\\/\"]}]}<\/script>\n<!-- \/ Yoast SEO plugin. -->","yoast_head_json":{"title":"DISE\u00d1O DE INSTALACIONES INDUSTRIALES - Inycia Ingenieros y Consultores","robots":{"index":"index","follow":"follow","max-snippet":"max-snippet:-1","max-image-preview":"max-image-preview:large","max-video-preview":"max-video-preview:-1"},"canonical":"https:\/\/inycial.com\/index.php\/inycia-ingenieros-y-consultores\/servicios\/ingenieria-industrial\/instalaciones-industriales\/","og_locale":"es_ES","og_type":"article","og_title":"DISE\u00d1O DE INSTALACIONES INDUSTRIALES - Inycia Ingenieros y Consultores","og_url":"https:\/\/inycial.com\/index.php\/inycia-ingenieros-y-consultores\/servicios\/ingenieria-industrial\/instalaciones-industriales\/","og_site_name":"Inycia Ingenieros y Consultores","article_publisher":"https:\/\/www.facebook.com\/inycial\/","article_modified_time":"2022-10-21T19:02:08+00:00","og_image":[{"width":6912,"height":3456,"url":"https:\/\/inycial.com\/wp-content\/uploads\/2021\/11\/Banner-post_Ingenieria-Industrial.png","type":"image\/png"}],"twitter_card":"summary_large_image","twitter_site":"@inycial","twitter_misc":{"Tiempo de lectura":"1 minuto"},"schema":{"@context":"https:\/\/schema.org","@graph":[{"@type":"WebPage","@id":"https:\/\/inycial.com\/index.php\/inycia-ingenieros-y-consultores\/servicios\/ingenieria-industrial\/instalaciones-industriales\/","url":"https:\/\/inycial.com\/index.php\/inycia-ingenieros-y-consultores\/servicios\/ingenieria-industrial\/instalaciones-industriales\/","name":"DISE\u00d1O DE INSTALACIONES INDUSTRIALES - Inycia Ingenieros y Consultores","isPartOf":{"@id":"https:\/\/inycial.com\/#website"},"primaryImageOfPage":{"@id":"https:\/\/inycial.com\/index.php\/inycia-ingenieros-y-consultores\/servicios\/ingenieria-industrial\/instalaciones-industriales\/#primaryimage"},"image":{"@id":"https:\/\/inycial.com\/index.php\/inycia-ingenieros-y-consultores\/servicios\/ingenieria-industrial\/instalaciones-industriales\/#primaryimage"},"thumbnailUrl":"https:\/\/inycial.com\/wp-content\/uploads\/2021\/11\/Banner-post_Ingenieria-Industrial.png","datePublished":"2017-05-19T11:25:16+00:00","dateModified":"2022-10-21T19:02:08+00:00","breadcrumb":{"@id":"https:\/\/inycial.com\/index.php\/inycia-ingenieros-y-consultores\/servicios\/ingenieria-industrial\/instalaciones-industriales\/#breadcrumb"},"inLanguage":"es","potentialAction":[{"@type":"ReadAction","target":["https:\/\/inycial.com\/index.php\/inycia-ingenieros-y-consultores\/servicios\/ingenieria-industrial\/instalaciones-industriales\/"]}]},{"@type":"ImageObject","inLanguage":"es","@id":"https:\/\/inycial.com\/index.php\/inycia-ingenieros-y-consultores\/servicios\/ingenieria-industrial\/instalaciones-industriales\/#primaryimage","url":"https:\/\/inycial.com\/wp-content\/uploads\/2021\/11\/Banner-post_Ingenieria-Industrial.png","contentUrl":"https:\/\/inycial.com\/wp-content\/uploads\/2021\/11\/Banner-post_Ingenieria-Industrial.png","width":6912,"height":3456},{"@type":"BreadcrumbList","@id":"https:\/\/inycial.com\/index.php\/inycia-ingenieros-y-consultores\/servicios\/ingenieria-industrial\/instalaciones-industriales\/#breadcrumb","itemListElement":[{"@type":"ListItem","position":1,"name":"Portada","item":"https:\/\/inycial.com\/"},{"@type":"ListItem","position":2,"name":"Inycia Ingenieros y Consultores","item":"https:\/\/inycial.com\/"},{"@type":"ListItem","position":3,"name":"SERVICIOS","item":"https:\/\/inycial.com\/index.php\/inycia-ingenieros-y-consultores\/servicios\/"},{"@type":"ListItem","position":4,"name":"INGENIER\u00cdA INDUSTRIAL","item":"https:\/\/inycial.com\/index.php\/inycia-ingenieros-y-consultores\/servicios\/ingenieria-industrial\/"},{"@type":"ListItem","position":5,"name":"DISE\u00d1O DE INSTALACIONES INDUSTRIALES"}]},{"@type":"WebSite","@id":"https:\/\/inycial.com\/#website","url":"https:\/\/inycial.com\/","name":"Inycia Ingenieros y Consultores","description":"Ingenier\u00eda y Consultor\u00eda instalaciones industriales y seguridad industrial","publisher":{"@id":"https:\/\/inycial.com\/#organization"},"potentialAction":[{"@type":"SearchAction","target":{"@type":"EntryPoint","urlTemplate":"https:\/\/inycial.com\/?s={search_term_string}"},"query-input":{"@type":"PropertyValueSpecification","valueRequired":true,"valueName":"search_term_string"}}],"inLanguage":"es"},{"@type":"Organization","@id":"https:\/\/inycial.com\/#organization","name":"Inycia Ingenieros y Consultores","url":"https:\/\/inycial.com\/","logo":{"@type":"ImageObject","inLanguage":"es","@id":"https:\/\/inycial.com\/#\/schema\/logo\/image\/","url":"https:\/\/inycial.com\/wp-content\/uploads\/2017\/03\/Logo-e1490218059466.jpg","contentUrl":"https:\/\/inycial.com\/wp-content\/uploads\/2017\/03\/Logo-e1490218059466.jpg","width":165,"height":41,"caption":"Inycia Ingenieros y Consultores"},"image":{"@id":"https:\/\/inycial.com\/#\/schema\/logo\/image\/"},"sameAs":["https:\/\/www.facebook.com\/inycial\/","https:\/\/x.com\/inycial","https:\/\/www.linkedin.com\/company\/ingenieria-y-consultoria-instalaciones-almacenamiento-s-l-","https:\/\/www.pinterest.es\/inycial\/"]}]}},"rttpg_featured_image_url":{"full":["https:\/\/inycial.com\/wp-content\/uploads\/2021\/11\/Banner-post_Ingenieria-Industrial.png",6912,3456,false],"landscape":["https:\/\/inycial.com\/wp-content\/uploads\/2021\/11\/Banner-post_Ingenieria-Industrial.png",6912,3456,false],"portraits":["https:\/\/inycial.com\/wp-content\/uploads\/2021\/11\/Banner-post_Ingenieria-Industrial.png",6912,3456,false],"thumbnail":["https:\/\/inycial.com\/wp-content\/uploads\/2021\/11\/Banner-post_Ingenieria-Industrial-150x150.png",150,150,true],"medium":["https:\/\/inycial.com\/wp-content\/uploads\/2021\/11\/Banner-post_Ingenieria-Industrial-300x150.png",300,150,true],"large":["https:\/\/inycial.com\/wp-content\/uploads\/2021\/11\/Banner-post_Ingenieria-Industrial-1024x512.png",1024,512,true],"1536x1536":["https:\/\/inycial.com\/wp-content\/uploads\/2021\/11\/Banner-post_Ingenieria-Industrial-1536x768.png",1536,768,true],"2048x2048":["https:\/\/inycial.com\/wp-content\/uploads\/2021\/11\/Banner-post_Ingenieria-Industrial-2048x1024.png",2048,1024,true],"post-thumbnail":["https:\/\/inycial.com\/wp-content\/uploads\/2021\/11\/Banner-post_Ingenieria-Industrial-300x250.png",300,250,true],"vega-post-thumbnail-recent":["https:\/\/inycial.com\/wp-content\/uploads\/2021\/11\/Banner-post_Ingenieria-Industrial-350x220.png",350,220,true]},"rttpg_author":{"display_name":"inycial.com","author_link":"https:\/\/inycial.com\/index.php\/author\/inycial-com\/"},"rttpg_comment":0,"rttpg_category":null,"rttpg_excerpt":null,"_links":{"self":[{"href":"https:\/\/inycial.com\/index.php\/wp-json\/wp\/v2\/pages\/569","targetHints":{"allow":["GET"]}}],"collection":[{"href":"https:\/\/inycial.com\/index.php\/wp-json\/wp\/v2\/pages"}],"about":[{"href":"https:\/\/inycial.com\/index.php\/wp-json\/wp\/v2\/types\/page"}],"author":[{"embeddable":true,"href":"https:\/\/inycial.com\/index.php\/wp-json\/wp\/v2\/users\/1"}],"replies":[{"embeddable":true,"href":"https:\/\/inycial.com\/index.php\/wp-json\/wp\/v2\/comments?post=569"}],"version-history":[{"count":33,"href":"https:\/\/inycial.com\/index.php\/wp-json\/wp\/v2\/pages\/569\/revisions"}],"predecessor-version":[{"id":860,"href":"https:\/\/inycial.com\/index.php\/wp-json\/wp\/v2\/pages\/569\/revisions\/860"}],"up":[{"embeddable":true,"href":"https:\/\/inycial.com\/index.php\/wp-json\/wp\/v2\/pages\/559"}],"wp:featuredmedia":[{"embeddable":true,"href":"https:\/\/inycial.com\/index.php\/wp-json\/wp\/v2\/media\/1197"}],"wp:attachment":[{"href":"https:\/\/inycial.com\/index.php\/wp-json\/wp\/v2\/media?parent=569"}],"curies":[{"name":"wp","href":"https:\/\/api.w.org\/{rel}","templated":true}]}}