{"id":563,"date":"2017-05-19T13:13:53","date_gmt":"2017-05-19T11:13:53","guid":{"rendered":"http:\/\/inycial.com\/?page_id=563"},"modified":"2022-10-21T21:10:44","modified_gmt":"2022-10-21T19:10:44","slug":"estudios-ambientales","status":"publish","type":"page","link":"https:\/\/inycial.com\/index.php\/inycia-ingenieros-y-consultores\/servicios\/consultoria-industrial\/estudios-ambientales\/","title":{"rendered":"CONSULTORIA MEDIOAMBIENTAL"},"content":{"rendered":"<p><em><span style=\"color: #3366ff;\"><b>Inycia<\/b><\/span><\/em> pone a disposici\u00f3n de&nbsp;sus clientes un conjunto de soluciones integrales para la prevenci\u00f3n, control y gesti\u00f3n medioambiental:<\/p>\n<ul>\n<li><strong>Planes de desmantelamiento de instalaciones industriales<\/strong><\/li>\n<li><strong>Contaminaci\u00f3n industrial.<\/strong>\n<ul>\n<li>Estudio de la problem\u00e1tica y posibles soluciones: agua, aire, residuos.<\/li>\n<li>Estudios b\u00e1sicos y de costes.<\/li>\n<li>Informe preliminar de situaci\u00f3n<\/li>\n<li>Informes de contaminaci\u00f3n de suelos.<\/li>\n<li>Informes de calidad Ac\u00fastica<\/li>\n<li>Informes de contaminaci\u00f3n lum\u00ednica<\/li>\n<li>Proyectos de correcci\u00f3n de emisiones l\u00edquidas o gaseosas.&nbsp;<\/li>\n<li>Proyectos de Modificaci\u00f3n de instalaciones para evitar la contaminaci\u00f3n en la fuente.<\/li>\n<\/ul>\n<\/li>\n<li><strong>Estudios de Impacto Ambiental<\/strong><\/li>\n<li><strong>Evaluaciones Ambientales<\/strong><\/li>\n<li><strong>Auditor\u00edas Medioambientales<\/strong><\/li>\n<li><strong>Gesti\u00f3n de permisos de vertidos<\/strong><\/li>\n<\/ul>\n","protected":false},"excerpt":{"rendered":"<p>Inycia pone a disposici\u00f3n de&nbsp;sus clientes un conjunto de soluciones integrales para la prevenci\u00f3n, control y gesti\u00f3n medioambiental: Planes de desmantelamiento de instalaciones industriales Contaminaci\u00f3n industrial. Estudio de la problem\u00e1tica y posibles soluciones: agua, aire, residuos. Estudios b\u00e1sicos y de costes. Informe preliminar de situaci\u00f3n Informes de contaminaci\u00f3n de suelos. Informes de calidad Ac\u00fastica Informes de contaminaci\u00f3n lum\u00ednica Proyectos de correcci\u00f3n de emisiones l\u00edquidas o [&hellip;]<\/p>\n","protected":false},"author":1,"featured_media":0,"parent":1307,"menu_order":25,"comment_status":"closed","ping_status":"closed","template":"","meta":{"footnotes":""},"class_list":["post-563","page","type-page","status-publish","hentry"],"yoast_head":"<!-- This site is optimized with the Yoast SEO plugin v27.4 - https:\/\/yoast.com\/product\/yoast-seo-wordpress\/ -->\n<title>CONSULTORIA MEDIOAMBIENTAL - Inycia Ingenieros y Consultores<\/title>\n<meta name=\"robots\" content=\"index, follow, max-snippet:-1, max-image-preview:large, max-video-preview:-1\" \/>\n<link rel=\"canonical\" href=\"https:\/\/inycial.com\/index.php\/inycia-ingenieros-y-consultores\/servicios\/consultoria-industrial\/estudios-ambientales\/\" \/>\n<meta property=\"og:locale\" content=\"es_ES\" \/>\n<meta property=\"og:type\" content=\"article\" \/>\n<meta property=\"og:title\" content=\"CONSULTORIA MEDIOAMBIENTAL - Inycia Ingenieros y Consultores\" \/>\n<meta property=\"og:description\" content=\"Inycia pone a disposici\u00f3n de&nbsp;sus clientes un conjunto de soluciones integrales para la prevenci\u00f3n, control y gesti\u00f3n medioambiental: Planes de desmantelamiento de instalaciones industriales Contaminaci\u00f3n industrial. Estudio de la problem\u00e1tica y posibles soluciones: agua, aire, residuos. Estudios b\u00e1sicos y de costes. Informe preliminar de situaci\u00f3n Informes de contaminaci\u00f3n de suelos. Informes de calidad Ac\u00fastica Informes de contaminaci\u00f3n lum\u00ednica Proyectos de correcci\u00f3n de emisiones l\u00edquidas o [&hellip;]\" \/>\n<meta property=\"og:url\" content=\"https:\/\/inycial.com\/index.php\/inycia-ingenieros-y-consultores\/servicios\/consultoria-industrial\/estudios-ambientales\/\" \/>\n<meta property=\"og:site_name\" content=\"Inycia Ingenieros y Consultores\" \/>\n<meta property=\"article:publisher\" content=\"https:\/\/www.facebook.com\/inycial\/\" \/>\n<meta property=\"article:modified_time\" content=\"2022-10-21T19:10:44+00:00\" \/>\n<meta name=\"twitter:card\" content=\"summary_large_image\" \/>\n<meta name=\"twitter:site\" content=\"@inycial\" \/>\n<meta name=\"twitter:label1\" content=\"Tiempo de lectura\" \/>\n\t<meta name=\"twitter:data1\" content=\"1 minuto\" \/>\n<script type=\"application\/ld+json\" class=\"yoast-schema-graph\">{\"@context\":\"https:\\\/\\\/schema.org\",\"@graph\":[{\"@type\":\"WebPage\",\"@id\":\"https:\\\/\\\/inycial.com\\\/index.php\\\/inycia-ingenieros-y-consultores\\\/servicios\\\/consultoria-industrial\\\/estudios-ambientales\\\/\",\"url\":\"https:\\\/\\\/inycial.com\\\/index.php\\\/inycia-ingenieros-y-consultores\\\/servicios\\\/consultoria-industrial\\\/estudios-ambientales\\\/\",\"name\":\"CONSULTORIA MEDIOAMBIENTAL - Inycia Ingenieros y Consultores\",\"isPartOf\":{\"@id\":\"https:\\\/\\\/inycial.com\\\/#website\"},\"datePublished\":\"2017-05-19T11:13:53+00:00\",\"dateModified\":\"2022-10-21T19:10:44+00:00\",\"breadcrumb\":{\"@id\":\"https:\\\/\\\/inycial.com\\\/index.php\\\/inycia-ingenieros-y-consultores\\\/servicios\\\/consultoria-industrial\\\/estudios-ambientales\\\/#breadcrumb\"},\"inLanguage\":\"es\",\"potentialAction\":[{\"@type\":\"ReadAction\",\"target\":[\"https:\\\/\\\/inycial.com\\\/index.php\\\/inycia-ingenieros-y-consultores\\\/servicios\\\/consultoria-industrial\\\/estudios-ambientales\\\/\"]}]},{\"@type\":\"BreadcrumbList\",\"@id\":\"https:\\\/\\\/inycial.com\\\/index.php\\\/inycia-ingenieros-y-consultores\\\/servicios\\\/consultoria-industrial\\\/estudios-ambientales\\\/#breadcrumb\",\"itemListElement\":[{\"@type\":\"ListItem\",\"position\":1,\"name\":\"Portada\",\"item\":\"https:\\\/\\\/inycial.com\\\/\"},{\"@type\":\"ListItem\",\"position\":2,\"name\":\"Inycia Ingenieros y Consultores\",\"item\":\"https:\\\/\\\/inycial.com\\\/\"},{\"@type\":\"ListItem\",\"position\":3,\"name\":\"SERVICIOS\",\"item\":\"https:\\\/\\\/inycial.com\\\/index.php\\\/inycia-ingenieros-y-consultores\\\/servicios\\\/\"},{\"@type\":\"ListItem\",\"position\":4,\"name\":\"CONSULTORIA INDUSTRIAL\",\"item\":\"https:\\\/\\\/inycial.com\\\/index.php\\\/inycia-ingenieros-y-consultores\\\/servicios\\\/consultoria-industrial\\\/\"},{\"@type\":\"ListItem\",\"position\":5,\"name\":\"CONSULTORIA MEDIOAMBIENTAL\"}]},{\"@type\":\"WebSite\",\"@id\":\"https:\\\/\\\/inycial.com\\\/#website\",\"url\":\"https:\\\/\\\/inycial.com\\\/\",\"name\":\"Inycia Ingenieros y Consultores\",\"description\":\"Ingenier\u00eda y Consultor\u00eda instalaciones industriales y seguridad industrial\",\"publisher\":{\"@id\":\"https:\\\/\\\/inycial.com\\\/#organization\"},\"potentialAction\":[{\"@type\":\"SearchAction\",\"target\":{\"@type\":\"EntryPoint\",\"urlTemplate\":\"https:\\\/\\\/inycial.com\\\/?s={search_term_string}\"},\"query-input\":{\"@type\":\"PropertyValueSpecification\",\"valueRequired\":true,\"valueName\":\"search_term_string\"}}],\"inLanguage\":\"es\"},{\"@type\":\"Organization\",\"@id\":\"https:\\\/\\\/inycial.com\\\/#organization\",\"name\":\"Inycia Ingenieros y Consultores\",\"url\":\"https:\\\/\\\/inycial.com\\\/\",\"logo\":{\"@type\":\"ImageObject\",\"inLanguage\":\"es\",\"@id\":\"https:\\\/\\\/inycial.com\\\/#\\\/schema\\\/logo\\\/image\\\/\",\"url\":\"https:\\\/\\\/inycial.com\\\/wp-content\\\/uploads\\\/2017\\\/03\\\/Logo-e1490218059466.jpg\",\"contentUrl\":\"https:\\\/\\\/inycial.com\\\/wp-content\\\/uploads\\\/2017\\\/03\\\/Logo-e1490218059466.jpg\",\"width\":165,\"height\":41,\"caption\":\"Inycia Ingenieros y Consultores\"},\"image\":{\"@id\":\"https:\\\/\\\/inycial.com\\\/#\\\/schema\\\/logo\\\/image\\\/\"},\"sameAs\":[\"https:\\\/\\\/www.facebook.com\\\/inycial\\\/\",\"https:\\\/\\\/x.com\\\/inycial\",\"https:\\\/\\\/www.linkedin.com\\\/company\\\/ingenieria-y-consultoria-instalaciones-almacenamiento-s-l-\",\"https:\\\/\\\/www.pinterest.es\\\/inycial\\\/\"]}]}<\/script>\n<!-- \/ Yoast SEO plugin. -->","yoast_head_json":{"title":"CONSULTORIA MEDIOAMBIENTAL - Inycia Ingenieros y Consultores","robots":{"index":"index","follow":"follow","max-snippet":"max-snippet:-1","max-image-preview":"max-image-preview:large","max-video-preview":"max-video-preview:-1"},"canonical":"https:\/\/inycial.com\/index.php\/inycia-ingenieros-y-consultores\/servicios\/consultoria-industrial\/estudios-ambientales\/","og_locale":"es_ES","og_type":"article","og_title":"CONSULTORIA MEDIOAMBIENTAL - Inycia Ingenieros y Consultores","og_description":"Inycia pone a disposici\u00f3n de&nbsp;sus clientes un conjunto de soluciones integrales para la prevenci\u00f3n, control y gesti\u00f3n medioambiental: Planes de desmantelamiento de instalaciones industriales Contaminaci\u00f3n industrial. Estudio de la problem\u00e1tica y posibles soluciones: agua, aire, residuos. Estudios b\u00e1sicos y de costes. Informe preliminar de situaci\u00f3n Informes de contaminaci\u00f3n de suelos. Informes de calidad Ac\u00fastica Informes de contaminaci\u00f3n lum\u00ednica Proyectos de correcci\u00f3n de emisiones l\u00edquidas o [&hellip;]","og_url":"https:\/\/inycial.com\/index.php\/inycia-ingenieros-y-consultores\/servicios\/consultoria-industrial\/estudios-ambientales\/","og_site_name":"Inycia Ingenieros y Consultores","article_publisher":"https:\/\/www.facebook.com\/inycial\/","article_modified_time":"2022-10-21T19:10:44+00:00","twitter_card":"summary_large_image","twitter_site":"@inycial","twitter_misc":{"Tiempo de lectura":"1 minuto"},"schema":{"@context":"https:\/\/schema.org","@graph":[{"@type":"WebPage","@id":"https:\/\/inycial.com\/index.php\/inycia-ingenieros-y-consultores\/servicios\/consultoria-industrial\/estudios-ambientales\/","url":"https:\/\/inycial.com\/index.php\/inycia-ingenieros-y-consultores\/servicios\/consultoria-industrial\/estudios-ambientales\/","name":"CONSULTORIA MEDIOAMBIENTAL - Inycia Ingenieros y Consultores","isPartOf":{"@id":"https:\/\/inycial.com\/#website"},"datePublished":"2017-05-19T11:13:53+00:00","dateModified":"2022-10-21T19:10:44+00:00","breadcrumb":{"@id":"https:\/\/inycial.com\/index.php\/inycia-ingenieros-y-consultores\/servicios\/consultoria-industrial\/estudios-ambientales\/#breadcrumb"},"inLanguage":"es","potentialAction":[{"@type":"ReadAction","target":["https:\/\/inycial.com\/index.php\/inycia-ingenieros-y-consultores\/servicios\/consultoria-industrial\/estudios-ambientales\/"]}]},{"@type":"BreadcrumbList","@id":"https:\/\/inycial.com\/index.php\/inycia-ingenieros-y-consultores\/servicios\/consultoria-industrial\/estudios-ambientales\/#breadcrumb","itemListElement":[{"@type":"ListItem","position":1,"name":"Portada","item":"https:\/\/inycial.com\/"},{"@type":"ListItem","position":2,"name":"Inycia Ingenieros y Consultores","item":"https:\/\/inycial.com\/"},{"@type":"ListItem","position":3,"name":"SERVICIOS","item":"https:\/\/inycial.com\/index.php\/inycia-ingenieros-y-consultores\/servicios\/"},{"@type":"ListItem","position":4,"name":"CONSULTORIA INDUSTRIAL","item":"https:\/\/inycial.com\/index.php\/inycia-ingenieros-y-consultores\/servicios\/consultoria-industrial\/"},{"@type":"ListItem","position":5,"name":"CONSULTORIA MEDIOAMBIENTAL"}]},{"@type":"WebSite","@id":"https:\/\/inycial.com\/#website","url":"https:\/\/inycial.com\/","name":"Inycia Ingenieros y Consultores","description":"Ingenier\u00eda y Consultor\u00eda instalaciones industriales y seguridad industrial","publisher":{"@id":"https:\/\/inycial.com\/#organization"},"potentialAction":[{"@type":"SearchAction","target":{"@type":"EntryPoint","urlTemplate":"https:\/\/inycial.com\/?s={search_term_string}"},"query-input":{"@type":"PropertyValueSpecification","valueRequired":true,"valueName":"search_term_string"}}],"inLanguage":"es"},{"@type":"Organization","@id":"https:\/\/inycial.com\/#organization","name":"Inycia Ingenieros y Consultores","url":"https:\/\/inycial.com\/","logo":{"@type":"ImageObject","inLanguage":"es","@id":"https:\/\/inycial.com\/#\/schema\/logo\/image\/","url":"https:\/\/inycial.com\/wp-content\/uploads\/2017\/03\/Logo-e1490218059466.jpg","contentUrl":"https:\/\/inycial.com\/wp-content\/uploads\/2017\/03\/Logo-e1490218059466.jpg","width":165,"height":41,"caption":"Inycia Ingenieros y Consultores"},"image":{"@id":"https:\/\/inycial.com\/#\/schema\/logo\/image\/"},"sameAs":["https:\/\/www.facebook.com\/inycial\/","https:\/\/x.com\/inycial","https:\/\/www.linkedin.com\/company\/ingenieria-y-consultoria-instalaciones-almacenamiento-s-l-","https:\/\/www.pinterest.es\/inycial\/"]}]}},"rttpg_featured_image_url":null,"rttpg_author":{"display_name":"inycial.com","author_link":"https:\/\/inycial.com\/index.php\/author\/inycial-com\/"},"rttpg_comment":0,"rttpg_category":null,"rttpg_excerpt":"Inycia pone a disposici\u00f3n de&nbsp;sus clientes un conjunto de soluciones integrales para la prevenci\u00f3n, control y gesti\u00f3n medioambiental: Planes de desmantelamiento de instalaciones industriales Contaminaci\u00f3n industrial. Estudio de la problem\u00e1tica y posibles soluciones: agua, aire, residuos. Estudios b\u00e1sicos y de costes. Informe preliminar de situaci\u00f3n Informes de contaminaci\u00f3n de suelos. Informes de calidad Ac\u00fastica Informes&hellip;","_links":{"self":[{"href":"https:\/\/inycial.com\/index.php\/wp-json\/wp\/v2\/pages\/563","targetHints":{"allow":["GET"]}}],"collection":[{"href":"https:\/\/inycial.com\/index.php\/wp-json\/wp\/v2\/pages"}],"about":[{"href":"https:\/\/inycial.com\/index.php\/wp-json\/wp\/v2\/types\/page"}],"author":[{"embeddable":true,"href":"https:\/\/inycial.com\/index.php\/wp-json\/wp\/v2\/users\/1"}],"replies":[{"embeddable":true,"href":"https:\/\/inycial.com\/index.php\/wp-json\/wp\/v2\/comments?post=563"}],"version-history":[{"count":7,"href":"https:\/\/inycial.com\/index.php\/wp-json\/wp\/v2\/pages\/563\/revisions"}],"predecessor-version":[{"id":1107,"href":"https:\/\/inycial.com\/index.php\/wp-json\/wp\/v2\/pages\/563\/revisions\/1107"}],"up":[{"embeddable":true,"href":"https:\/\/inycial.com\/index.php\/wp-json\/wp\/v2\/pages\/1307"}],"wp:attachment":[{"href":"https:\/\/inycial.com\/index.php\/wp-json\/wp\/v2\/media?parent=563"}],"curies":[{"name":"wp","href":"https:\/\/api.w.org\/{rel}","templated":true}]}}