{"id":557,"date":"2017-05-19T13:06:12","date_gmt":"2017-05-19T11:06:12","guid":{"rendered":"http:\/\/inycial.com\/?page_id=557"},"modified":"2023-03-15T10:49:59","modified_gmt":"2023-03-15T08:49:59","slug":"licencias-y-legalizaciones","status":"publish","type":"page","link":"https:\/\/inycial.com\/index.php\/inycia-ingenieros-y-consultores\/servicios\/licencias-y-legalizaciones\/","title":{"rendered":"LICENCIAS Y LEGALIZACIONES"},"content":{"rendered":"<p><strong>LICENCIAS Y AUTORIZACIONES ADMINISTRATIVAS<\/strong><\/p>\n<p><span style=\"color: #3366ff;\"><strong><em>Inycia<\/em><\/strong><\/span>\u00a0es una ingenier\u00eda especializada en ingenier\u00eda legal, trabajando en distintos sectores de la industria. En <span style=\"color: #3366ff;\"><strong><em>Inycia<\/em><\/strong><\/span> gestionamos todo tipo de licencias y autorizaciones administrativas:<\/p>\n<ul>\n<li>Licencias de apertura (licencias de actividad, autorizaciones o licencias ambientales)<\/li>\n<li>Cambio de titular<\/li>\n<li>Certificados de compatibilidad urban\u00edstica<\/li>\n<li>Licencias de Obra<\/li>\n<li>Autorizaciones de funcionamiento y puesta en servicio<\/li>\n<li>Registro industrial<\/li>\n<li>Informes prevenci\u00f3n de riesgos<\/li>\n<li>Estudios Ac\u00fasticos<\/li>\n<li>Certificados de eficiencia energ\u00e9tica<\/li>\n<\/ul>\n<p><strong>LEGALIZACI\u00d3N DE INSTALACIONES<\/strong><\/p>\n<p>En <span style=\"color: #3366ff;\"><strong><em>Inycia<\/em><\/strong><\/span>\u00a0realizamos el estudio del cumplimiento de sus instalaciones con la Reglamentaci\u00f3n de Seguridad Industrial y le facilitamos un informe de las actuaciones m\u00ednimas para su adecuaci\u00f3n, adem\u00e1s de ejecutar los proyectos y dossieres de legalizaci\u00f3n completos de los equipos e instalaciones siguientes:<\/p>\n<ul>\n<li>Recipientes\u00a0a presi\u00f3n<\/li>\n<li>Almacenamiento de productos qu\u00edmicos<\/li>\n<li>Instalaciones petrol\u00edferas<\/li>\n<li>Instalaciones de Gases<\/li>\n<li>Seguridad de m\u00e1quinas<\/li>\n<li>Instalaciones de electricidad (baja y alta tensi\u00f3n)<\/li>\n<li>Instalaciones de calefacci\u00f3n, climatizaci\u00f3n y A.C.S.<\/li>\n<li>Instalaciones frigor\u00edficas<\/li>\n<li>Instalaciones contra incendios<\/li>\n<li>Aparatos elevadores y de manutenci\u00f3n<\/li>\n<\/ul>\n<p>V\u00e9ase tambi\u00e9n los\u00a0servicios\u00a0de<strong>\u00a0<a href=\"https:\/\/inycial.com\/index.php\/inycia-ingenieros-y-consultores\/servicios\/consultoria-industrial\/seguridad-industrial\/\">consultor\u00eda en Seguridad Industrial<\/a><\/strong>\u00a0que ofrecemos.<\/p>\n","protected":false},"excerpt":{"rendered":"<p>LICENCIAS Y AUTORIZACIONES ADMINISTRATIVAS Inycia\u00a0es una ingenier\u00eda especializada en ingenier\u00eda legal, trabajando en distintos sectores de la industria. En Inycia gestionamos todo tipo de licencias y autorizaciones administrativas: Licencias de apertura (licencias de actividad, autorizaciones o licencias ambientales) Cambio de titular Certificados de compatibilidad urban\u00edstica Licencias de Obra Autorizaciones de funcionamiento y puesta en servicio Registro industrial Informes prevenci\u00f3n de riesgos Estudios Ac\u00fasticos Certificados de [&hellip;]<\/p>\n","protected":false},"author":1,"featured_media":1197,"parent":179,"menu_order":19,"comment_status":"closed","ping_status":"closed","template":"","meta":{"footnotes":""},"class_list":["post-557","page","type-page","status-publish","has-post-thumbnail","hentry"],"yoast_head":"<!-- This site is optimized with the Yoast SEO plugin v27.4 - https:\/\/yoast.com\/product\/yoast-seo-wordpress\/ -->\n<title>LICENCIAS Y LEGALIZACIONES - Inycia Ingenieros y Consultores<\/title>\n<meta name=\"robots\" content=\"index, follow, max-snippet:-1, max-image-preview:large, max-video-preview:-1\" \/>\n<link rel=\"canonical\" href=\"https:\/\/inycial.com\/index.php\/inycia-ingenieros-y-consultores\/servicios\/licencias-y-legalizaciones\/\" \/>\n<meta property=\"og:locale\" content=\"es_ES\" \/>\n<meta property=\"og:type\" content=\"article\" \/>\n<meta property=\"og:title\" content=\"LICENCIAS Y LEGALIZACIONES - Inycia Ingenieros y Consultores\" \/>\n<meta property=\"og:description\" content=\"LICENCIAS Y AUTORIZACIONES ADMINISTRATIVAS Inycia\u00a0es una ingenier\u00eda especializada en ingenier\u00eda legal, trabajando en distintos sectores de la industria. En Inycia gestionamos todo tipo de licencias y autorizaciones administrativas: Licencias de apertura (licencias de actividad, autorizaciones o licencias ambientales) Cambio de titular Certificados de compatibilidad urban\u00edstica Licencias de Obra Autorizaciones de funcionamiento y puesta en servicio Registro industrial Informes prevenci\u00f3n de riesgos Estudios Ac\u00fasticos Certificados de [&hellip;]\" \/>\n<meta property=\"og:url\" content=\"https:\/\/inycial.com\/index.php\/inycia-ingenieros-y-consultores\/servicios\/licencias-y-legalizaciones\/\" \/>\n<meta property=\"og:site_name\" content=\"Inycia Ingenieros y Consultores\" \/>\n<meta property=\"article:publisher\" content=\"https:\/\/www.facebook.com\/inycial\/\" \/>\n<meta property=\"article:modified_time\" content=\"2023-03-15T08:49:59+00:00\" \/>\n<meta property=\"og:image\" content=\"https:\/\/inycial.com\/wp-content\/uploads\/2021\/11\/Banner-post_Ingenieria-Industrial.png\" \/>\n\t<meta property=\"og:image:width\" content=\"6912\" \/>\n\t<meta property=\"og:image:height\" content=\"3456\" \/>\n\t<meta property=\"og:image:type\" content=\"image\/png\" \/>\n<meta name=\"twitter:card\" content=\"summary_large_image\" \/>\n<meta name=\"twitter:site\" content=\"@inycial\" \/>\n<meta name=\"twitter:label1\" content=\"Tiempo de lectura\" \/>\n\t<meta name=\"twitter:data1\" content=\"1 minuto\" \/>\n<script type=\"application\/ld+json\" class=\"yoast-schema-graph\">{\"@context\":\"https:\\\/\\\/schema.org\",\"@graph\":[{\"@type\":\"WebPage\",\"@id\":\"https:\\\/\\\/inycial.com\\\/index.php\\\/inycia-ingenieros-y-consultores\\\/servicios\\\/licencias-y-legalizaciones\\\/\",\"url\":\"https:\\\/\\\/inycial.com\\\/index.php\\\/inycia-ingenieros-y-consultores\\\/servicios\\\/licencias-y-legalizaciones\\\/\",\"name\":\"LICENCIAS Y LEGALIZACIONES - Inycia Ingenieros y Consultores\",\"isPartOf\":{\"@id\":\"https:\\\/\\\/inycial.com\\\/#website\"},\"primaryImageOfPage\":{\"@id\":\"https:\\\/\\\/inycial.com\\\/index.php\\\/inycia-ingenieros-y-consultores\\\/servicios\\\/licencias-y-legalizaciones\\\/#primaryimage\"},\"image\":{\"@id\":\"https:\\\/\\\/inycial.com\\\/index.php\\\/inycia-ingenieros-y-consultores\\\/servicios\\\/licencias-y-legalizaciones\\\/#primaryimage\"},\"thumbnailUrl\":\"https:\\\/\\\/inycial.com\\\/wp-content\\\/uploads\\\/2021\\\/11\\\/Banner-post_Ingenieria-Industrial.png\",\"datePublished\":\"2017-05-19T11:06:12+00:00\",\"dateModified\":\"2023-03-15T08:49:59+00:00\",\"breadcrumb\":{\"@id\":\"https:\\\/\\\/inycial.com\\\/index.php\\\/inycia-ingenieros-y-consultores\\\/servicios\\\/licencias-y-legalizaciones\\\/#breadcrumb\"},\"inLanguage\":\"es\",\"potentialAction\":[{\"@type\":\"ReadAction\",\"target\":[\"https:\\\/\\\/inycial.com\\\/index.php\\\/inycia-ingenieros-y-consultores\\\/servicios\\\/licencias-y-legalizaciones\\\/\"]}]},{\"@type\":\"ImageObject\",\"inLanguage\":\"es\",\"@id\":\"https:\\\/\\\/inycial.com\\\/index.php\\\/inycia-ingenieros-y-consultores\\\/servicios\\\/licencias-y-legalizaciones\\\/#primaryimage\",\"url\":\"https:\\\/\\\/inycial.com\\\/wp-content\\\/uploads\\\/2021\\\/11\\\/Banner-post_Ingenieria-Industrial.png\",\"contentUrl\":\"https:\\\/\\\/inycial.com\\\/wp-content\\\/uploads\\\/2021\\\/11\\\/Banner-post_Ingenieria-Industrial.png\",\"width\":6912,\"height\":3456},{\"@type\":\"BreadcrumbList\",\"@id\":\"https:\\\/\\\/inycial.com\\\/index.php\\\/inycia-ingenieros-y-consultores\\\/servicios\\\/licencias-y-legalizaciones\\\/#breadcrumb\",\"itemListElement\":[{\"@type\":\"ListItem\",\"position\":1,\"name\":\"Portada\",\"item\":\"https:\\\/\\\/inycial.com\\\/\"},{\"@type\":\"ListItem\",\"position\":2,\"name\":\"Inycia Ingenieros y Consultores\",\"item\":\"https:\\\/\\\/inycial.com\\\/\"},{\"@type\":\"ListItem\",\"position\":3,\"name\":\"SERVICIOS\",\"item\":\"https:\\\/\\\/inycial.com\\\/index.php\\\/inycia-ingenieros-y-consultores\\\/servicios\\\/\"},{\"@type\":\"ListItem\",\"position\":4,\"name\":\"LICENCIAS Y LEGALIZACIONES\"}]},{\"@type\":\"WebSite\",\"@id\":\"https:\\\/\\\/inycial.com\\\/#website\",\"url\":\"https:\\\/\\\/inycial.com\\\/\",\"name\":\"Inycia Ingenieros y Consultores\",\"description\":\"Ingenier\u00eda y Consultor\u00eda instalaciones industriales y seguridad industrial\",\"publisher\":{\"@id\":\"https:\\\/\\\/inycial.com\\\/#organization\"},\"potentialAction\":[{\"@type\":\"SearchAction\",\"target\":{\"@type\":\"EntryPoint\",\"urlTemplate\":\"https:\\\/\\\/inycial.com\\\/?s={search_term_string}\"},\"query-input\":{\"@type\":\"PropertyValueSpecification\",\"valueRequired\":true,\"valueName\":\"search_term_string\"}}],\"inLanguage\":\"es\"},{\"@type\":\"Organization\",\"@id\":\"https:\\\/\\\/inycial.com\\\/#organization\",\"name\":\"Inycia Ingenieros y Consultores\",\"url\":\"https:\\\/\\\/inycial.com\\\/\",\"logo\":{\"@type\":\"ImageObject\",\"inLanguage\":\"es\",\"@id\":\"https:\\\/\\\/inycial.com\\\/#\\\/schema\\\/logo\\\/image\\\/\",\"url\":\"https:\\\/\\\/inycial.com\\\/wp-content\\\/uploads\\\/2017\\\/03\\\/Logo-e1490218059466.jpg\",\"contentUrl\":\"https:\\\/\\\/inycial.com\\\/wp-content\\\/uploads\\\/2017\\\/03\\\/Logo-e1490218059466.jpg\",\"width\":165,\"height\":41,\"caption\":\"Inycia Ingenieros y Consultores\"},\"image\":{\"@id\":\"https:\\\/\\\/inycial.com\\\/#\\\/schema\\\/logo\\\/image\\\/\"},\"sameAs\":[\"https:\\\/\\\/www.facebook.com\\\/inycial\\\/\",\"https:\\\/\\\/x.com\\\/inycial\",\"https:\\\/\\\/www.linkedin.com\\\/company\\\/ingenieria-y-consultoria-instalaciones-almacenamiento-s-l-\",\"https:\\\/\\\/www.pinterest.es\\\/inycial\\\/\"]}]}<\/script>\n<!-- \/ Yoast SEO plugin. -->","yoast_head_json":{"title":"LICENCIAS Y LEGALIZACIONES - Inycia Ingenieros y Consultores","robots":{"index":"index","follow":"follow","max-snippet":"max-snippet:-1","max-image-preview":"max-image-preview:large","max-video-preview":"max-video-preview:-1"},"canonical":"https:\/\/inycial.com\/index.php\/inycia-ingenieros-y-consultores\/servicios\/licencias-y-legalizaciones\/","og_locale":"es_ES","og_type":"article","og_title":"LICENCIAS Y LEGALIZACIONES - Inycia Ingenieros y Consultores","og_description":"LICENCIAS Y AUTORIZACIONES ADMINISTRATIVAS Inycia\u00a0es una ingenier\u00eda especializada en ingenier\u00eda legal, trabajando en distintos sectores de la industria. En Inycia gestionamos todo tipo de licencias y autorizaciones administrativas: Licencias de apertura (licencias de actividad, autorizaciones o licencias ambientales) Cambio de titular Certificados de compatibilidad urban\u00edstica Licencias de Obra Autorizaciones de funcionamiento y puesta en servicio Registro industrial Informes prevenci\u00f3n de riesgos Estudios Ac\u00fasticos Certificados de [&hellip;]","og_url":"https:\/\/inycial.com\/index.php\/inycia-ingenieros-y-consultores\/servicios\/licencias-y-legalizaciones\/","og_site_name":"Inycia Ingenieros y Consultores","article_publisher":"https:\/\/www.facebook.com\/inycial\/","article_modified_time":"2023-03-15T08:49:59+00:00","og_image":[{"width":6912,"height":3456,"url":"https:\/\/inycial.com\/wp-content\/uploads\/2021\/11\/Banner-post_Ingenieria-Industrial.png","type":"image\/png"}],"twitter_card":"summary_large_image","twitter_site":"@inycial","twitter_misc":{"Tiempo de lectura":"1 minuto"},"schema":{"@context":"https:\/\/schema.org","@graph":[{"@type":"WebPage","@id":"https:\/\/inycial.com\/index.php\/inycia-ingenieros-y-consultores\/servicios\/licencias-y-legalizaciones\/","url":"https:\/\/inycial.com\/index.php\/inycia-ingenieros-y-consultores\/servicios\/licencias-y-legalizaciones\/","name":"LICENCIAS Y LEGALIZACIONES - Inycia Ingenieros y Consultores","isPartOf":{"@id":"https:\/\/inycial.com\/#website"},"primaryImageOfPage":{"@id":"https:\/\/inycial.com\/index.php\/inycia-ingenieros-y-consultores\/servicios\/licencias-y-legalizaciones\/#primaryimage"},"image":{"@id":"https:\/\/inycial.com\/index.php\/inycia-ingenieros-y-consultores\/servicios\/licencias-y-legalizaciones\/#primaryimage"},"thumbnailUrl":"https:\/\/inycial.com\/wp-content\/uploads\/2021\/11\/Banner-post_Ingenieria-Industrial.png","datePublished":"2017-05-19T11:06:12+00:00","dateModified":"2023-03-15T08:49:59+00:00","breadcrumb":{"@id":"https:\/\/inycial.com\/index.php\/inycia-ingenieros-y-consultores\/servicios\/licencias-y-legalizaciones\/#breadcrumb"},"inLanguage":"es","potentialAction":[{"@type":"ReadAction","target":["https:\/\/inycial.com\/index.php\/inycia-ingenieros-y-consultores\/servicios\/licencias-y-legalizaciones\/"]}]},{"@type":"ImageObject","inLanguage":"es","@id":"https:\/\/inycial.com\/index.php\/inycia-ingenieros-y-consultores\/servicios\/licencias-y-legalizaciones\/#primaryimage","url":"https:\/\/inycial.com\/wp-content\/uploads\/2021\/11\/Banner-post_Ingenieria-Industrial.png","contentUrl":"https:\/\/inycial.com\/wp-content\/uploads\/2021\/11\/Banner-post_Ingenieria-Industrial.png","width":6912,"height":3456},{"@type":"BreadcrumbList","@id":"https:\/\/inycial.com\/index.php\/inycia-ingenieros-y-consultores\/servicios\/licencias-y-legalizaciones\/#breadcrumb","itemListElement":[{"@type":"ListItem","position":1,"name":"Portada","item":"https:\/\/inycial.com\/"},{"@type":"ListItem","position":2,"name":"Inycia Ingenieros y Consultores","item":"https:\/\/inycial.com\/"},{"@type":"ListItem","position":3,"name":"SERVICIOS","item":"https:\/\/inycial.com\/index.php\/inycia-ingenieros-y-consultores\/servicios\/"},{"@type":"ListItem","position":4,"name":"LICENCIAS Y LEGALIZACIONES"}]},{"@type":"WebSite","@id":"https:\/\/inycial.com\/#website","url":"https:\/\/inycial.com\/","name":"Inycia Ingenieros y Consultores","description":"Ingenier\u00eda y Consultor\u00eda instalaciones industriales y seguridad industrial","publisher":{"@id":"https:\/\/inycial.com\/#organization"},"potentialAction":[{"@type":"SearchAction","target":{"@type":"EntryPoint","urlTemplate":"https:\/\/inycial.com\/?s={search_term_string}"},"query-input":{"@type":"PropertyValueSpecification","valueRequired":true,"valueName":"search_term_string"}}],"inLanguage":"es"},{"@type":"Organization","@id":"https:\/\/inycial.com\/#organization","name":"Inycia Ingenieros y Consultores","url":"https:\/\/inycial.com\/","logo":{"@type":"ImageObject","inLanguage":"es","@id":"https:\/\/inycial.com\/#\/schema\/logo\/image\/","url":"https:\/\/inycial.com\/wp-content\/uploads\/2017\/03\/Logo-e1490218059466.jpg","contentUrl":"https:\/\/inycial.com\/wp-content\/uploads\/2017\/03\/Logo-e1490218059466.jpg","width":165,"height":41,"caption":"Inycia Ingenieros y Consultores"},"image":{"@id":"https:\/\/inycial.com\/#\/schema\/logo\/image\/"},"sameAs":["https:\/\/www.facebook.com\/inycial\/","https:\/\/x.com\/inycial","https:\/\/www.linkedin.com\/company\/ingenieria-y-consultoria-instalaciones-almacenamiento-s-l-","https:\/\/www.pinterest.es\/inycial\/"]}]}},"rttpg_featured_image_url":{"full":["https:\/\/inycial.com\/wp-content\/uploads\/2021\/11\/Banner-post_Ingenieria-Industrial.png",6912,3456,false],"landscape":["https:\/\/inycial.com\/wp-content\/uploads\/2021\/11\/Banner-post_Ingenieria-Industrial.png",6912,3456,false],"portraits":["https:\/\/inycial.com\/wp-content\/uploads\/2021\/11\/Banner-post_Ingenieria-Industrial.png",6912,3456,false],"thumbnail":["https:\/\/inycial.com\/wp-content\/uploads\/2021\/11\/Banner-post_Ingenieria-Industrial-150x150.png",150,150,true],"medium":["https:\/\/inycial.com\/wp-content\/uploads\/2021\/11\/Banner-post_Ingenieria-Industrial-300x150.png",300,150,true],"large":["https:\/\/inycial.com\/wp-content\/uploads\/2021\/11\/Banner-post_Ingenieria-Industrial-1024x512.png",1024,512,true],"1536x1536":["https:\/\/inycial.com\/wp-content\/uploads\/2021\/11\/Banner-post_Ingenieria-Industrial-1536x768.png",1536,768,true],"2048x2048":["https:\/\/inycial.com\/wp-content\/uploads\/2021\/11\/Banner-post_Ingenieria-Industrial-2048x1024.png",2048,1024,true],"post-thumbnail":["https:\/\/inycial.com\/wp-content\/uploads\/2021\/11\/Banner-post_Ingenieria-Industrial-300x250.png",300,250,true],"vega-post-thumbnail-recent":["https:\/\/inycial.com\/wp-content\/uploads\/2021\/11\/Banner-post_Ingenieria-Industrial-350x220.png",350,220,true]},"rttpg_author":{"display_name":"inycial.com","author_link":"https:\/\/inycial.com\/index.php\/author\/inycial-com\/"},"rttpg_comment":0,"rttpg_category":null,"rttpg_excerpt":"LICENCIAS Y AUTORIZACIONES ADMINISTRATIVAS Inycia\u00a0es una ingenier\u00eda especializada en ingenier\u00eda legal, trabajando en distintos sectores de la industria. En Inycia gestionamos todo tipo de licencias y autorizaciones administrativas: Licencias de apertura (licencias de actividad, autorizaciones o licencias ambientales) Cambio de titular Certificados de compatibilidad urban\u00edstica Licencias de Obra Autorizaciones de funcionamiento y puesta en servicio&hellip;","_links":{"self":[{"href":"https:\/\/inycial.com\/index.php\/wp-json\/wp\/v2\/pages\/557","targetHints":{"allow":["GET"]}}],"collection":[{"href":"https:\/\/inycial.com\/index.php\/wp-json\/wp\/v2\/pages"}],"about":[{"href":"https:\/\/inycial.com\/index.php\/wp-json\/wp\/v2\/types\/page"}],"author":[{"embeddable":true,"href":"https:\/\/inycial.com\/index.php\/wp-json\/wp\/v2\/users\/1"}],"replies":[{"embeddable":true,"href":"https:\/\/inycial.com\/index.php\/wp-json\/wp\/v2\/comments?post=557"}],"version-history":[{"count":7,"href":"https:\/\/inycial.com\/index.php\/wp-json\/wp\/v2\/pages\/557\/revisions"}],"predecessor-version":[{"id":1612,"href":"https:\/\/inycial.com\/index.php\/wp-json\/wp\/v2\/pages\/557\/revisions\/1612"}],"up":[{"embeddable":true,"href":"https:\/\/inycial.com\/index.php\/wp-json\/wp\/v2\/pages\/179"}],"wp:featuredmedia":[{"embeddable":true,"href":"https:\/\/inycial.com\/index.php\/wp-json\/wp\/v2\/media\/1197"}],"wp:attachment":[{"href":"https:\/\/inycial.com\/index.php\/wp-json\/wp\/v2\/media?parent=557"}],"curies":[{"name":"wp","href":"https:\/\/api.w.org\/{rel}","templated":true}]}}