{"id":49,"date":"2017-03-22T20:46:24","date_gmt":"2017-03-22T18:46:24","guid":{"rendered":"http:\/\/inycial.com\/?page_id=49"},"modified":"2022-10-21T21:11:28","modified_gmt":"2022-10-21T19:11:28","slug":"contacto","status":"publish","type":"page","link":"https:\/\/inycial.com\/index.php\/inycia-ingenieros-y-consultores\/contacto\/","title":{"rendered":"CONTACTO"},"content":{"rendered":"\n<table id=\"tablepress-3\" class=\"tablepress tablepress-id-3\">\n<tbody class=\"row-hover\">\n<tr class=\"row-1\">\n\t<td class=\"column-1\"><img loading=\"lazy\" decoding=\"async\" src=\"http:\/\/inycial.com\/wp-content\/uploads\/2017\/03\/Contact_us-300x205.jpg\" alt=\"\" width=\"300\" height=\"150\" class=\"alignnone size-medium wp-image-244\" \/><\/td>\n<\/tr>\n<tr class=\"row-2\">\n\t<td class=\"column-1\"><img loading=\"lazy\" decoding=\"async\" src=\"http:\/\/inycial.com\/wp-content\/uploads\/2017\/03\/Logo-300x75.jpg\" alt=\"\" width=\"100\" height=\"50\" class=\"alignnone size-medium wp-image-34\" \/><br \/>\n<br \/>\n<strong>Tel\u00e9fono<\/strong>: +34 630 39 38 65<br \/>\n<strong>e-mail<\/strong>: inycia@inycial.com<br \/>\n<strong>Horario de atenci\u00f3n<\/strong>: L-V de 8:00 a 18:00<br \/>\n<strong>Domicilio social<\/strong>: Madrid-Espa\u00f1a<\/td>\n<\/tr>\n<\/tbody>\n<\/table>\n\n\n\n<div class=\"wpforms-container wpforms-container-full wpforms-block\" id=\"wpforms-1333\"><form id=\"wpforms-form-1333\" class=\"wpforms-validate wpforms-form wpforms-ajax-form\" data-formid=\"1333\" method=\"post\" enctype=\"multipart\/form-data\" action=\"\/index.php\/wp-json\/wp\/v2\/pages\/49\" data-token=\"267715e931ae7ffa4ef7f7abc49480e6\" data-token-time=\"1777206731\"><noscript class=\"wpforms-error-noscript\">Por favor, activa JavaScript en tu navegador para completar este formulario.<\/noscript><div class=\"wpforms-field-container\"><div id=\"wpforms-1333-field_0-container\" class=\"wpforms-field wpforms-field-name\" data-field-id=\"0\"><label class=\"wpforms-field-label\" for=\"wpforms-1333-field_0\">Nombre <span class=\"wpforms-required-label\">*<\/span><\/label><input type=\"text\" id=\"wpforms-1333-field_0\" class=\"wpforms-field-medium wpforms-field-required\" name=\"wpforms[fields][0]\" required><\/div><div id=\"wpforms-1333-field_1-container\" class=\"wpforms-field wpforms-field-email\" data-field-id=\"1\"><label class=\"wpforms-field-label\">Email <span class=\"wpforms-required-label\">*<\/span><\/label><div class=\"wpforms-field-row wpforms-field-medium\"><div class=\"wpforms-field-row-block wpforms-one-half wpforms-first\"><input type=\"email\" id=\"wpforms-1333-field_1\" class=\"wpforms-field-required wpforms-field-email-primary\" name=\"wpforms[fields][1][primary]\" spellcheck=\"false\" required><label for=\"wpforms-1333-field_1\" class=\"wpforms-field-sublabel after\">Correo electr\u00f3nico<\/label><\/div><div class=\"wpforms-field-row-block wpforms-one-half\"><input type=\"email\" id=\"wpforms-1333-field_1-secondary\" class=\"wpforms-field-email-secondary wpforms-field-required\" data-rule-confirm=\"#wpforms-1333-field_1\" name=\"wpforms[fields][1][secondary]\" spellcheck=\"false\" required><label for=\"wpforms-1333-field_1-secondary\" class=\"wpforms-field-sublabel after\">Confirmar el correo electr\u00f3nico<\/label><\/div><\/div><\/div><div id=\"wpforms-1333-field_2-container\" class=\"wpforms-field wpforms-field-textarea\" data-field-id=\"2\"><label class=\"wpforms-field-label\" for=\"wpforms-1333-field_2\">Comentario o mensaje <span class=\"wpforms-required-label\">*<\/span><\/label><textarea id=\"wpforms-1333-field_2\" class=\"wpforms-field-medium wpforms-field-required\" name=\"wpforms[fields][2]\" required><\/textarea><\/div><div id=\"wpforms-1333-field_8-container\" class=\"wpforms-field wpforms-field-checkbox\" data-field-id=\"8\"><label class=\"wpforms-field-label\">Pol\u00edtica privacidad de Inycia <span class=\"wpforms-required-label\">*<\/span><\/label><ul id=\"wpforms-1333-field_8\" class=\"wpforms-field-required\"><li class=\"choice-1 depth-1\"><input type=\"checkbox\" id=\"wpforms-1333-field_8_1\" name=\"wpforms[fields][8][]\" value=\"He le\u00eddo y acepto a Pol\u00edtica de Privacidad de Inycia.\" required ><label class=\"wpforms-field-label-inline\" for=\"wpforms-1333-field_8_1\">He le\u00eddo y acepto a Pol\u00edtica de Privacidad de Inycia.<\/label><\/li><\/ul><\/div><\/div><!-- .wpforms-field-container -->\r\n\t\t\t<script>\r\n\t\t\tif ( typeof huOptions !== 'undefined' ) {\r\n\t\t\t\tvar huFormData = {\"source\":\"wpforms\",\"id\":1333,\"title\":\"Formulario 1\",\"fields\":{\"subject\":{\"first_name\":\"\",\"last_name\":\"\"}}};\r\n\t\t\t\tvar huFormNode = document.querySelector( '[id=\"wpforms-1333\"] form' );\r\n\r\n\t\t\t\tvar firstName = huFormNode.querySelector( 'input.wpforms-field-name-first' );\r\n\t\t\t\tvar lastName = huFormNode.querySelector( 'input.wpforms-field-name-last' );\r\n\r\n\t\t\t\tif ( firstName )\r\n\t\t\t\t\thuFormData['fields']['subject']['first_name'] = firstName.getAttribute( 'name' );\r\n\r\n\t\t\t\tif ( lastName )\r\n\t\t\t\t\thuFormData['fields']['subject']['last_name'] = lastName.getAttribute( 'name' );\r\n\r\n\t\t\t\thuFormData['node'] = huFormNode;\r\n\t\t\t\thuOptions['forms'].push( huFormData );\r\n\t\t\t}\r\n\t\t\t<\/script><div class=\"wpforms-recaptcha-container wpforms-is-recaptcha wpforms-is-recaptcha-type-v2\" ><div class=\"g-recaptcha\" data-sitekey=\"6Ldx6VAdAAAAAGrEsM5-Ouc1R0p2YLRwg321LLQ7\"><\/div><input type=\"text\" name=\"g-recaptcha-hidden\" class=\"wpforms-recaptcha-hidden\" style=\"position:absolute!important;clip:rect(0,0,0,0)!important;height:1px!important;width:1px!important;border:0!important;overflow:hidden!important;padding:0!important;margin:0!important;\" data-rule-recaptcha=\"1\"><\/div><div class=\"wpforms-submit-container\" ><input type=\"hidden\" name=\"wpforms[id]\" value=\"1333\"><input type=\"hidden\" name=\"page_title\" value=\"\"><input type=\"hidden\" name=\"page_url\" value=\"https:\/\/inycial.com\/index.php\/wp-json\/wp\/v2\/pages\/49\"><input type=\"hidden\" name=\"url_referer\" value=\"\"><button type=\"submit\" name=\"wpforms[submit]\" id=\"wpforms-submit-1333\" class=\"wpforms-submit\" data-alt-text=\"Enviando...\" data-submit-text=\"Enviar\" aria-live=\"assertive\" value=\"wpforms-submit\">Enviar<\/button><img loading=\"lazy\" decoding=\"async\" src=\"https:\/\/inycial.com\/wp-content\/plugins\/wpforms-lite\/assets\/images\/submit-spin.svg\" class=\"wpforms-submit-spinner\" style=\"display: none;\" width=\"26\" height=\"26\" alt=\"Cargando\"><\/div><\/form><\/div>  <!-- .wpforms-container -->\n\n\n<p><strong>Advertencia de Privacidad<\/strong><br>Los datos de car\u00e1cter personal que se faciliten por correo electr\u00f3nico o el presente formulario quedar\u00e1n registrados en un fichero de Ingenier\u00eda y Consultor\u00eda Instalaciones y Almacenamiento, S.L., con la finalidad expuesta en nuestra <a href=\"https:\/\/inycial.com\/index.php\/politica-de-privacidad\/\" target=\"_blank\" rel=\"noreferrer noopener\">Pol\u00edtica de Privacidad<\/a>. Pueden ejercitar los derechos de acceso, rectificaci\u00f3n, cancelaci\u00f3n y oposici\u00f3n ante <span style=\"color: #3366ff;\"><strong><em>Inycia<\/em><\/strong><\/span> a trav\u00e9s del correo inycia@inycial.com.<br><script><\/script><\/p>\n","protected":false},"excerpt":{"rendered":"<p>Advertencia de PrivacidadLos datos de car\u00e1cter personal que se faciliten por correo electr\u00f3nico o el presente formulario quedar\u00e1n registrados en un fichero de Ingenier\u00eda y Consultor\u00eda Instalaciones y Almacenamiento, S.L., con la finalidad expuesta en nuestra Pol\u00edtica de Privacidad. Pueden ejercitar los derechos de acceso, rectificaci\u00f3n, cancelaci\u00f3n y oposici\u00f3n ante Inycia a trav\u00e9s del correo inycia@inycial.com.<\/p>\n","protected":false},"author":1,"featured_media":710,"parent":47,"menu_order":30,"comment_status":"closed","ping_status":"open","template":"","meta":{"footnotes":""},"class_list":["post-49","page","type-page","status-publish","has-post-thumbnail","hentry"],"yoast_head":"<!-- This site is optimized with the Yoast SEO plugin v27.4 - https:\/\/yoast.com\/product\/yoast-seo-wordpress\/ -->\n<title>CONTACTO - Inycia Ingenieros y Consultores<\/title>\n<meta name=\"description\" content=\"contacto\" \/>\n<meta name=\"robots\" content=\"index, follow, max-snippet:-1, max-image-preview:large, max-video-preview:-1\" \/>\n<link rel=\"canonical\" href=\"https:\/\/inycial.com\/index.php\/inycia-ingenieros-y-consultores\/contacto\/\" \/>\n<meta property=\"og:locale\" content=\"es_ES\" \/>\n<meta property=\"og:type\" content=\"article\" \/>\n<meta property=\"og:title\" content=\"CONTACTO - Inycia Ingenieros y Consultores\" \/>\n<meta property=\"og:description\" content=\"contacto\" \/>\n<meta property=\"og:url\" content=\"https:\/\/inycial.com\/index.php\/inycia-ingenieros-y-consultores\/contacto\/\" \/>\n<meta property=\"og:site_name\" content=\"Inycia Ingenieros y Consultores\" \/>\n<meta property=\"article:publisher\" content=\"https:\/\/www.facebook.com\/inycial\/\" \/>\n<meta property=\"article:modified_time\" content=\"2022-10-21T19:11:28+00:00\" \/>\n<meta property=\"og:image\" content=\"https:\/\/inycial.com\/wp-content\/uploads\/2017\/07\/cabecera6.jpg\" \/>\n\t<meta property=\"og:image:width\" content=\"1920\" \/>\n\t<meta property=\"og:image:height\" content=\"600\" \/>\n\t<meta property=\"og:image:type\" content=\"image\/jpeg\" \/>\n<meta name=\"twitter:card\" content=\"summary_large_image\" \/>\n<meta name=\"twitter:site\" content=\"@inycial\" \/>\n<meta name=\"twitter:label1\" content=\"Tiempo de lectura\" \/>\n\t<meta name=\"twitter:data1\" content=\"1 minuto\" \/>\n<script type=\"application\/ld+json\" class=\"yoast-schema-graph\">{\"@context\":\"https:\\\/\\\/schema.org\",\"@graph\":[{\"@type\":\"WebPage\",\"@id\":\"https:\\\/\\\/inycial.com\\\/index.php\\\/inycia-ingenieros-y-consultores\\\/contacto\\\/\",\"url\":\"https:\\\/\\\/inycial.com\\\/index.php\\\/inycia-ingenieros-y-consultores\\\/contacto\\\/\",\"name\":\"CONTACTO - Inycia Ingenieros y Consultores\",\"isPartOf\":{\"@id\":\"https:\\\/\\\/inycial.com\\\/#website\"},\"primaryImageOfPage\":{\"@id\":\"https:\\\/\\\/inycial.com\\\/index.php\\\/inycia-ingenieros-y-consultores\\\/contacto\\\/#primaryimage\"},\"image\":{\"@id\":\"https:\\\/\\\/inycial.com\\\/index.php\\\/inycia-ingenieros-y-consultores\\\/contacto\\\/#primaryimage\"},\"thumbnailUrl\":\"https:\\\/\\\/inycial.com\\\/wp-content\\\/uploads\\\/2017\\\/07\\\/cabecera6.jpg\",\"datePublished\":\"2017-03-22T18:46:24+00:00\",\"dateModified\":\"2022-10-21T19:11:28+00:00\",\"description\":\"contacto\",\"breadcrumb\":{\"@id\":\"https:\\\/\\\/inycial.com\\\/index.php\\\/inycia-ingenieros-y-consultores\\\/contacto\\\/#breadcrumb\"},\"inLanguage\":\"es\",\"potentialAction\":[{\"@type\":\"ReadAction\",\"target\":[\"https:\\\/\\\/inycial.com\\\/index.php\\\/inycia-ingenieros-y-consultores\\\/contacto\\\/\"]}]},{\"@type\":\"ImageObject\",\"inLanguage\":\"es\",\"@id\":\"https:\\\/\\\/inycial.com\\\/index.php\\\/inycia-ingenieros-y-consultores\\\/contacto\\\/#primaryimage\",\"url\":\"https:\\\/\\\/inycial.com\\\/wp-content\\\/uploads\\\/2017\\\/07\\\/cabecera6.jpg\",\"contentUrl\":\"https:\\\/\\\/inycial.com\\\/wp-content\\\/uploads\\\/2017\\\/07\\\/cabecera6.jpg\",\"width\":1920,\"height\":600},{\"@type\":\"BreadcrumbList\",\"@id\":\"https:\\\/\\\/inycial.com\\\/index.php\\\/inycia-ingenieros-y-consultores\\\/contacto\\\/#breadcrumb\",\"itemListElement\":[{\"@type\":\"ListItem\",\"position\":1,\"name\":\"Portada\",\"item\":\"https:\\\/\\\/inycial.com\\\/\"},{\"@type\":\"ListItem\",\"position\":2,\"name\":\"Inycia Ingenieros y Consultores\",\"item\":\"https:\\\/\\\/inycial.com\\\/\"},{\"@type\":\"ListItem\",\"position\":3,\"name\":\"CONTACTO\"}]},{\"@type\":\"WebSite\",\"@id\":\"https:\\\/\\\/inycial.com\\\/#website\",\"url\":\"https:\\\/\\\/inycial.com\\\/\",\"name\":\"Inycia Ingenieros y Consultores\",\"description\":\"Ingenier\u00eda y Consultor\u00eda instalaciones industriales y seguridad industrial\",\"publisher\":{\"@id\":\"https:\\\/\\\/inycial.com\\\/#organization\"},\"potentialAction\":[{\"@type\":\"SearchAction\",\"target\":{\"@type\":\"EntryPoint\",\"urlTemplate\":\"https:\\\/\\\/inycial.com\\\/?s={search_term_string}\"},\"query-input\":{\"@type\":\"PropertyValueSpecification\",\"valueRequired\":true,\"valueName\":\"search_term_string\"}}],\"inLanguage\":\"es\"},{\"@type\":\"Organization\",\"@id\":\"https:\\\/\\\/inycial.com\\\/#organization\",\"name\":\"Inycia Ingenieros y Consultores\",\"url\":\"https:\\\/\\\/inycial.com\\\/\",\"logo\":{\"@type\":\"ImageObject\",\"inLanguage\":\"es\",\"@id\":\"https:\\\/\\\/inycial.com\\\/#\\\/schema\\\/logo\\\/image\\\/\",\"url\":\"https:\\\/\\\/inycial.com\\\/wp-content\\\/uploads\\\/2017\\\/03\\\/Logo-e1490218059466.jpg\",\"contentUrl\":\"https:\\\/\\\/inycial.com\\\/wp-content\\\/uploads\\\/2017\\\/03\\\/Logo-e1490218059466.jpg\",\"width\":165,\"height\":41,\"caption\":\"Inycia Ingenieros y Consultores\"},\"image\":{\"@id\":\"https:\\\/\\\/inycial.com\\\/#\\\/schema\\\/logo\\\/image\\\/\"},\"sameAs\":[\"https:\\\/\\\/www.facebook.com\\\/inycial\\\/\",\"https:\\\/\\\/x.com\\\/inycial\",\"https:\\\/\\\/www.linkedin.com\\\/company\\\/ingenieria-y-consultoria-instalaciones-almacenamiento-s-l-\",\"https:\\\/\\\/www.pinterest.es\\\/inycial\\\/\"]}]}<\/script>\n<!-- \/ Yoast SEO plugin. -->","yoast_head_json":{"title":"CONTACTO - Inycia Ingenieros y Consultores","description":"contacto","robots":{"index":"index","follow":"follow","max-snippet":"max-snippet:-1","max-image-preview":"max-image-preview:large","max-video-preview":"max-video-preview:-1"},"canonical":"https:\/\/inycial.com\/index.php\/inycia-ingenieros-y-consultores\/contacto\/","og_locale":"es_ES","og_type":"article","og_title":"CONTACTO - Inycia Ingenieros y Consultores","og_description":"contacto","og_url":"https:\/\/inycial.com\/index.php\/inycia-ingenieros-y-consultores\/contacto\/","og_site_name":"Inycia Ingenieros y Consultores","article_publisher":"https:\/\/www.facebook.com\/inycial\/","article_modified_time":"2022-10-21T19:11:28+00:00","og_image":[{"width":1920,"height":600,"url":"https:\/\/inycial.com\/wp-content\/uploads\/2017\/07\/cabecera6.jpg","type":"image\/jpeg"}],"twitter_card":"summary_large_image","twitter_site":"@inycial","twitter_misc":{"Tiempo de lectura":"1 minuto"},"schema":{"@context":"https:\/\/schema.org","@graph":[{"@type":"WebPage","@id":"https:\/\/inycial.com\/index.php\/inycia-ingenieros-y-consultores\/contacto\/","url":"https:\/\/inycial.com\/index.php\/inycia-ingenieros-y-consultores\/contacto\/","name":"CONTACTO - Inycia Ingenieros y Consultores","isPartOf":{"@id":"https:\/\/inycial.com\/#website"},"primaryImageOfPage":{"@id":"https:\/\/inycial.com\/index.php\/inycia-ingenieros-y-consultores\/contacto\/#primaryimage"},"image":{"@id":"https:\/\/inycial.com\/index.php\/inycia-ingenieros-y-consultores\/contacto\/#primaryimage"},"thumbnailUrl":"https:\/\/inycial.com\/wp-content\/uploads\/2017\/07\/cabecera6.jpg","datePublished":"2017-03-22T18:46:24+00:00","dateModified":"2022-10-21T19:11:28+00:00","description":"contacto","breadcrumb":{"@id":"https:\/\/inycial.com\/index.php\/inycia-ingenieros-y-consultores\/contacto\/#breadcrumb"},"inLanguage":"es","potentialAction":[{"@type":"ReadAction","target":["https:\/\/inycial.com\/index.php\/inycia-ingenieros-y-consultores\/contacto\/"]}]},{"@type":"ImageObject","inLanguage":"es","@id":"https:\/\/inycial.com\/index.php\/inycia-ingenieros-y-consultores\/contacto\/#primaryimage","url":"https:\/\/inycial.com\/wp-content\/uploads\/2017\/07\/cabecera6.jpg","contentUrl":"https:\/\/inycial.com\/wp-content\/uploads\/2017\/07\/cabecera6.jpg","width":1920,"height":600},{"@type":"BreadcrumbList","@id":"https:\/\/inycial.com\/index.php\/inycia-ingenieros-y-consultores\/contacto\/#breadcrumb","itemListElement":[{"@type":"ListItem","position":1,"name":"Portada","item":"https:\/\/inycial.com\/"},{"@type":"ListItem","position":2,"name":"Inycia Ingenieros y Consultores","item":"https:\/\/inycial.com\/"},{"@type":"ListItem","position":3,"name":"CONTACTO"}]},{"@type":"WebSite","@id":"https:\/\/inycial.com\/#website","url":"https:\/\/inycial.com\/","name":"Inycia Ingenieros y Consultores","description":"Ingenier\u00eda y Consultor\u00eda instalaciones industriales y seguridad industrial","publisher":{"@id":"https:\/\/inycial.com\/#organization"},"potentialAction":[{"@type":"SearchAction","target":{"@type":"EntryPoint","urlTemplate":"https:\/\/inycial.com\/?s={search_term_string}"},"query-input":{"@type":"PropertyValueSpecification","valueRequired":true,"valueName":"search_term_string"}}],"inLanguage":"es"},{"@type":"Organization","@id":"https:\/\/inycial.com\/#organization","name":"Inycia Ingenieros y Consultores","url":"https:\/\/inycial.com\/","logo":{"@type":"ImageObject","inLanguage":"es","@id":"https:\/\/inycial.com\/#\/schema\/logo\/image\/","url":"https:\/\/inycial.com\/wp-content\/uploads\/2017\/03\/Logo-e1490218059466.jpg","contentUrl":"https:\/\/inycial.com\/wp-content\/uploads\/2017\/03\/Logo-e1490218059466.jpg","width":165,"height":41,"caption":"Inycia Ingenieros y Consultores"},"image":{"@id":"https:\/\/inycial.com\/#\/schema\/logo\/image\/"},"sameAs":["https:\/\/www.facebook.com\/inycial\/","https:\/\/x.com\/inycial","https:\/\/www.linkedin.com\/company\/ingenieria-y-consultoria-instalaciones-almacenamiento-s-l-","https:\/\/www.pinterest.es\/inycial\/"]}]}},"rttpg_featured_image_url":{"full":["https:\/\/inycial.com\/wp-content\/uploads\/2017\/07\/cabecera6.jpg",1920,600,false],"landscape":["https:\/\/inycial.com\/wp-content\/uploads\/2017\/07\/cabecera6.jpg",1920,600,false],"portraits":["https:\/\/inycial.com\/wp-content\/uploads\/2017\/07\/cabecera6.jpg",1920,600,false],"thumbnail":["https:\/\/inycial.com\/wp-content\/uploads\/2017\/07\/cabecera6-150x150.jpg",150,150,true],"medium":["https:\/\/inycial.com\/wp-content\/uploads\/2017\/07\/cabecera6-300x94.jpg",300,94,true],"large":["https:\/\/inycial.com\/wp-content\/uploads\/2017\/07\/cabecera6-1024x320.jpg",1024,320,true],"1536x1536":["https:\/\/inycial.com\/wp-content\/uploads\/2017\/07\/cabecera6.jpg",1536,480,false],"2048x2048":["https:\/\/inycial.com\/wp-content\/uploads\/2017\/07\/cabecera6.jpg",1920,600,false],"post-thumbnail":["https:\/\/inycial.com\/wp-content\/uploads\/2017\/07\/cabecera6-300x250.jpg",300,250,true],"vega-post-thumbnail-recent":["https:\/\/inycial.com\/wp-content\/uploads\/2017\/07\/cabecera6-350x220.jpg",350,220,true]},"rttpg_author":{"display_name":"inycial.com","author_link":"https:\/\/inycial.com\/index.php\/author\/inycial-com\/"},"rttpg_comment":0,"rttpg_category":null,"rttpg_excerpt":"Advertencia de PrivacidadLos datos de car\u00e1cter personal que se faciliten por correo electr\u00f3nico o el presente formulario quedar\u00e1n registrados en un fichero de Ingenier\u00eda y Consultor\u00eda Instalaciones y Almacenamiento, S.L., con la finalidad expuesta en nuestra Pol\u00edtica de Privacidad. Pueden ejercitar los derechos de acceso, rectificaci\u00f3n, cancelaci\u00f3n y oposici\u00f3n ante Inycia a trav\u00e9s del correo&hellip;","_links":{"self":[{"href":"https:\/\/inycial.com\/index.php\/wp-json\/wp\/v2\/pages\/49","targetHints":{"allow":["GET"]}}],"collection":[{"href":"https:\/\/inycial.com\/index.php\/wp-json\/wp\/v2\/pages"}],"about":[{"href":"https:\/\/inycial.com\/index.php\/wp-json\/wp\/v2\/types\/page"}],"author":[{"embeddable":true,"href":"https:\/\/inycial.com\/index.php\/wp-json\/wp\/v2\/users\/1"}],"replies":[{"embeddable":true,"href":"https:\/\/inycial.com\/index.php\/wp-json\/wp\/v2\/comments?post=49"}],"version-history":[{"count":31,"href":"https:\/\/inycial.com\/index.php\/wp-json\/wp\/v2\/pages\/49\/revisions"}],"predecessor-version":[{"id":1795,"href":"https:\/\/inycial.com\/index.php\/wp-json\/wp\/v2\/pages\/49\/revisions\/1795"}],"up":[{"embeddable":true,"href":"https:\/\/inycial.com\/index.php\/wp-json\/wp\/v2\/pages\/47"}],"wp:featuredmedia":[{"embeddable":true,"href":"https:\/\/inycial.com\/index.php\/wp-json\/wp\/v2\/media\/710"}],"wp:attachment":[{"href":"https:\/\/inycial.com\/index.php\/wp-json\/wp\/v2\/media?parent=49"}],"curies":[{"name":"wp","href":"https:\/\/api.w.org\/{rel}","templated":true}]}}