{"id":48,"date":"2017-03-22T20:46:24","date_gmt":"2017-03-22T18:46:24","guid":{"rendered":"http:\/\/inycial.com\/?page_id=48"},"modified":"2022-10-21T21:01:12","modified_gmt":"2022-10-21T19:01:12","slug":"empresa","status":"publish","type":"page","link":"https:\/\/inycial.com\/index.php\/inycia-ingenieros-y-consultores\/empresa\/","title":{"rendered":"EMPRESA"},"content":{"rendered":"<p class=\"intro\"><em><span style=\"color: #3366ff;\"><b>Inycia<\/b><\/span> <\/em>es una compa\u00f1\u00eda de servicios de consultor\u00eda e ingenier\u00eda industrial con sede en Madrid.<\/p>\n<p class=\"intro\"><em><strong><span style=\"color: #0000ff;\">Inycia<\/span><\/strong><\/em> ofrece <a href=\"https:\/\/inycial.com\/index.php\/inicio\/servicios\/\"><strong>SERVICIOS<\/strong><\/a> de ingenieria para todas la fases de un proyecto de ingenier\u00eda:<\/p>\n<ul>\n<li class=\"intro\">dise\u00f1o conceptual, b\u00e1sico y de detalle<\/li>\n<li class=\"intro\">direcci\u00f3n del proyecto<\/li>\n<li class=\"intro\">gesti\u00f3n de compras<\/li>\n<li class=\"intro\">direcci\u00f3n de obras<\/li>\n<li class=\"intro\">coordinaci\u00f3n de la seguridad y salud de la obra<\/li>\n<li class=\"intro\">obtenci\u00f3n de licencias de apertura y de los permisos necesarios en el desarrollo de una actividad<\/li>\n<li class=\"intro\">as\u00ed como tambi\u00e9n la legalizaci\u00f3n de instalaciones industriales.<\/li>\n<\/ul>\n<p>Con presencia en el mercado <strong>desde 2005<\/strong>,<em> <span style=\"color: #3366ff;\"><b>Inycia<\/b><\/span><\/em> ha desarrollado <a href=\"https:\/\/inycial.com\/index.php\/inycia-ingenieros-y-consultores\/proyectos-destacados\/\"><strong>PROYECTOS<\/strong><\/a> de Ingenier\u00eda y trabajos de Consultor\u00eda en diversos sectores de la industria mediante la prestaci\u00f3n de servicios t\u00e9cnicos especializados para diferentes \u00e1reas de actividad y tipos de clientes:<\/p>\n<ul>\n<li>Promotores y Clientes finales.<\/li>\n<li>Operadores Log\u00edsticos<\/li>\n<li>Ingenier\u00edas y Constructoras de proyectos EPC<\/li>\n<li>Administraciones Publicas<\/li>\n<\/ul>\n<p><strong>Nuestra misi\u00f3n<\/strong> es satisfacer las necesidades de nuestros <a href=\"https:\/\/inycial.com\/index.php\/inicio\/clientes\/\"><strong>CLIENTES<\/strong><\/a> ofreciendo las mejores y m\u00e1s innovadoras soluciones tecnol\u00f3gicas para que ganen en efectividad y competitividad.<\/p>\n<p><em><span style=\"color: #3366ff;\"><b>Inycia<\/b><\/span><\/em> garantiza un amplio abanico de soluciones, capaces de adaptarse a cada cliente y a cada proyecto, con capacidad para ofrecer respuestas r\u00e1pidas utilizando todos los recursos que la tecnolog\u00eda actual permite.<\/p>\n<p><strong>Nuestro compromiso<\/strong> es ser un referente en el sector, ofreciendo la soluci\u00f3n id\u00f3nea para cada proyecto.<\/p>\n","protected":false},"excerpt":{"rendered":"<p>Inycia es una compa\u00f1\u00eda de servicios de consultor\u00eda e ingenier\u00eda industrial con sede en Madrid. Inycia ofrece SERVICIOS de ingenieria para todas la fases de un proyecto de ingenier\u00eda: dise\u00f1o conceptual, b\u00e1sico y de detalle direcci\u00f3n del proyecto gesti\u00f3n de compras direcci\u00f3n de obras coordinaci\u00f3n de la seguridad y salud de la obra obtenci\u00f3n de licencias de apertura y de los permisos necesarios en el [&hellip;]<\/p>\n","protected":false},"author":1,"featured_media":713,"parent":47,"menu_order":2,"comment_status":"closed","ping_status":"open","template":"template-full-width.php","meta":{"footnotes":""},"class_list":["post-48","page","type-page","status-publish","has-post-thumbnail","hentry"],"yoast_head":"<!-- This site is optimized with the Yoast SEO plugin v27.4 - https:\/\/yoast.com\/product\/yoast-seo-wordpress\/ -->\n<title>EMPRESA - Inycia Ingenieros y Consultores<\/title>\n<meta name=\"description\" content=\"Inycia es una compa\u00f1\u00eda de servicios de consultor\u00eda e ingenier\u00eda industrial con sede en Madrid que ofrece servicios de ingenieria para todas la fases de un proyecto de ingenier\u00eda:\" \/>\n<meta name=\"robots\" content=\"index, follow, max-snippet:-1, max-image-preview:large, max-video-preview:-1\" \/>\n<link rel=\"canonical\" href=\"https:\/\/inycial.com\/index.php\/inycia-ingenieros-y-consultores\/empresa\/\" \/>\n<meta property=\"og:locale\" content=\"es_ES\" \/>\n<meta property=\"og:type\" content=\"article\" \/>\n<meta property=\"og:title\" content=\"EMPRESA - Inycia Ingenieros y Consultores\" \/>\n<meta property=\"og:description\" content=\"Inycia es una compa\u00f1\u00eda de servicios de consultor\u00eda e ingenier\u00eda industrial con sede en Madrid que ofrece servicios de ingenieria para todas la fases de un proyecto de ingenier\u00eda:\" \/>\n<meta property=\"og:url\" content=\"https:\/\/inycial.com\/index.php\/inycia-ingenieros-y-consultores\/empresa\/\" \/>\n<meta property=\"og:site_name\" content=\"Inycia Ingenieros y Consultores\" \/>\n<meta property=\"article:publisher\" content=\"https:\/\/www.facebook.com\/inycial\/\" \/>\n<meta property=\"article:modified_time\" content=\"2022-10-21T19:01:12+00:00\" \/>\n<meta property=\"og:image\" content=\"https:\/\/inycial.com\/wp-content\/uploads\/2017\/07\/cabecera9.jpg\" \/>\n\t<meta property=\"og:image:width\" content=\"1920\" \/>\n\t<meta property=\"og:image:height\" content=\"600\" \/>\n\t<meta property=\"og:image:type\" content=\"image\/jpeg\" \/>\n<meta name=\"twitter:card\" content=\"summary_large_image\" \/>\n<meta name=\"twitter:site\" content=\"@inycial\" \/>\n<meta name=\"twitter:label1\" content=\"Tiempo de lectura\" \/>\n\t<meta name=\"twitter:data1\" content=\"1 minuto\" \/>\n<script type=\"application\/ld+json\" class=\"yoast-schema-graph\">{\"@context\":\"https:\\\/\\\/schema.org\",\"@graph\":[{\"@type\":\"WebPage\",\"@id\":\"https:\\\/\\\/inycial.com\\\/index.php\\\/inycia-ingenieros-y-consultores\\\/empresa\\\/\",\"url\":\"https:\\\/\\\/inycial.com\\\/index.php\\\/inycia-ingenieros-y-consultores\\\/empresa\\\/\",\"name\":\"EMPRESA - Inycia Ingenieros y Consultores\",\"isPartOf\":{\"@id\":\"https:\\\/\\\/inycial.com\\\/#website\"},\"primaryImageOfPage\":{\"@id\":\"https:\\\/\\\/inycial.com\\\/index.php\\\/inycia-ingenieros-y-consultores\\\/empresa\\\/#primaryimage\"},\"image\":{\"@id\":\"https:\\\/\\\/inycial.com\\\/index.php\\\/inycia-ingenieros-y-consultores\\\/empresa\\\/#primaryimage\"},\"thumbnailUrl\":\"https:\\\/\\\/inycial.com\\\/wp-content\\\/uploads\\\/2017\\\/07\\\/cabecera9.jpg\",\"datePublished\":\"2017-03-22T18:46:24+00:00\",\"dateModified\":\"2022-10-21T19:01:12+00:00\",\"description\":\"Inycia es una compa\u00f1\u00eda de servicios de consultor\u00eda e ingenier\u00eda industrial con sede en Madrid que ofrece servicios de ingenieria para todas la fases de un proyecto de ingenier\u00eda:\",\"breadcrumb\":{\"@id\":\"https:\\\/\\\/inycial.com\\\/index.php\\\/inycia-ingenieros-y-consultores\\\/empresa\\\/#breadcrumb\"},\"inLanguage\":\"es\",\"potentialAction\":[{\"@type\":\"ReadAction\",\"target\":[\"https:\\\/\\\/inycial.com\\\/index.php\\\/inycia-ingenieros-y-consultores\\\/empresa\\\/\"]}]},{\"@type\":\"ImageObject\",\"inLanguage\":\"es\",\"@id\":\"https:\\\/\\\/inycial.com\\\/index.php\\\/inycia-ingenieros-y-consultores\\\/empresa\\\/#primaryimage\",\"url\":\"https:\\\/\\\/inycial.com\\\/wp-content\\\/uploads\\\/2017\\\/07\\\/cabecera9.jpg\",\"contentUrl\":\"https:\\\/\\\/inycial.com\\\/wp-content\\\/uploads\\\/2017\\\/07\\\/cabecera9.jpg\",\"width\":1920,\"height\":600},{\"@type\":\"BreadcrumbList\",\"@id\":\"https:\\\/\\\/inycial.com\\\/index.php\\\/inycia-ingenieros-y-consultores\\\/empresa\\\/#breadcrumb\",\"itemListElement\":[{\"@type\":\"ListItem\",\"position\":1,\"name\":\"Portada\",\"item\":\"https:\\\/\\\/inycial.com\\\/\"},{\"@type\":\"ListItem\",\"position\":2,\"name\":\"Inycia Ingenieros y Consultores\",\"item\":\"https:\\\/\\\/inycial.com\\\/\"},{\"@type\":\"ListItem\",\"position\":3,\"name\":\"EMPRESA\"}]},{\"@type\":\"WebSite\",\"@id\":\"https:\\\/\\\/inycial.com\\\/#website\",\"url\":\"https:\\\/\\\/inycial.com\\\/\",\"name\":\"Inycia Ingenieros y Consultores\",\"description\":\"Ingenier\u00eda y Consultor\u00eda instalaciones industriales y seguridad industrial\",\"publisher\":{\"@id\":\"https:\\\/\\\/inycial.com\\\/#organization\"},\"potentialAction\":[{\"@type\":\"SearchAction\",\"target\":{\"@type\":\"EntryPoint\",\"urlTemplate\":\"https:\\\/\\\/inycial.com\\\/?s={search_term_string}\"},\"query-input\":{\"@type\":\"PropertyValueSpecification\",\"valueRequired\":true,\"valueName\":\"search_term_string\"}}],\"inLanguage\":\"es\"},{\"@type\":\"Organization\",\"@id\":\"https:\\\/\\\/inycial.com\\\/#organization\",\"name\":\"Inycia Ingenieros y Consultores\",\"url\":\"https:\\\/\\\/inycial.com\\\/\",\"logo\":{\"@type\":\"ImageObject\",\"inLanguage\":\"es\",\"@id\":\"https:\\\/\\\/inycial.com\\\/#\\\/schema\\\/logo\\\/image\\\/\",\"url\":\"https:\\\/\\\/inycial.com\\\/wp-content\\\/uploads\\\/2017\\\/03\\\/Logo-e1490218059466.jpg\",\"contentUrl\":\"https:\\\/\\\/inycial.com\\\/wp-content\\\/uploads\\\/2017\\\/03\\\/Logo-e1490218059466.jpg\",\"width\":165,\"height\":41,\"caption\":\"Inycia Ingenieros y Consultores\"},\"image\":{\"@id\":\"https:\\\/\\\/inycial.com\\\/#\\\/schema\\\/logo\\\/image\\\/\"},\"sameAs\":[\"https:\\\/\\\/www.facebook.com\\\/inycial\\\/\",\"https:\\\/\\\/x.com\\\/inycial\",\"https:\\\/\\\/www.linkedin.com\\\/company\\\/ingenieria-y-consultoria-instalaciones-almacenamiento-s-l-\",\"https:\\\/\\\/www.pinterest.es\\\/inycial\\\/\"]}]}<\/script>\n<!-- \/ Yoast SEO plugin. -->","yoast_head_json":{"title":"EMPRESA - Inycia Ingenieros y Consultores","description":"Inycia es una compa\u00f1\u00eda de servicios de consultor\u00eda e ingenier\u00eda industrial con sede en Madrid que ofrece servicios de ingenieria para todas la fases de un proyecto de ingenier\u00eda:","robots":{"index":"index","follow":"follow","max-snippet":"max-snippet:-1","max-image-preview":"max-image-preview:large","max-video-preview":"max-video-preview:-1"},"canonical":"https:\/\/inycial.com\/index.php\/inycia-ingenieros-y-consultores\/empresa\/","og_locale":"es_ES","og_type":"article","og_title":"EMPRESA - Inycia Ingenieros y Consultores","og_description":"Inycia es una compa\u00f1\u00eda de servicios de consultor\u00eda e ingenier\u00eda industrial con sede en Madrid que ofrece servicios de ingenieria para todas la fases de un proyecto de ingenier\u00eda:","og_url":"https:\/\/inycial.com\/index.php\/inycia-ingenieros-y-consultores\/empresa\/","og_site_name":"Inycia Ingenieros y Consultores","article_publisher":"https:\/\/www.facebook.com\/inycial\/","article_modified_time":"2022-10-21T19:01:12+00:00","og_image":[{"width":1920,"height":600,"url":"https:\/\/inycial.com\/wp-content\/uploads\/2017\/07\/cabecera9.jpg","type":"image\/jpeg"}],"twitter_card":"summary_large_image","twitter_site":"@inycial","twitter_misc":{"Tiempo de lectura":"1 minuto"},"schema":{"@context":"https:\/\/schema.org","@graph":[{"@type":"WebPage","@id":"https:\/\/inycial.com\/index.php\/inycia-ingenieros-y-consultores\/empresa\/","url":"https:\/\/inycial.com\/index.php\/inycia-ingenieros-y-consultores\/empresa\/","name":"EMPRESA - Inycia Ingenieros y Consultores","isPartOf":{"@id":"https:\/\/inycial.com\/#website"},"primaryImageOfPage":{"@id":"https:\/\/inycial.com\/index.php\/inycia-ingenieros-y-consultores\/empresa\/#primaryimage"},"image":{"@id":"https:\/\/inycial.com\/index.php\/inycia-ingenieros-y-consultores\/empresa\/#primaryimage"},"thumbnailUrl":"https:\/\/inycial.com\/wp-content\/uploads\/2017\/07\/cabecera9.jpg","datePublished":"2017-03-22T18:46:24+00:00","dateModified":"2022-10-21T19:01:12+00:00","description":"Inycia es una compa\u00f1\u00eda de servicios de consultor\u00eda e ingenier\u00eda industrial con sede en Madrid que ofrece servicios de ingenieria para todas la fases de un proyecto de ingenier\u00eda:","breadcrumb":{"@id":"https:\/\/inycial.com\/index.php\/inycia-ingenieros-y-consultores\/empresa\/#breadcrumb"},"inLanguage":"es","potentialAction":[{"@type":"ReadAction","target":["https:\/\/inycial.com\/index.php\/inycia-ingenieros-y-consultores\/empresa\/"]}]},{"@type":"ImageObject","inLanguage":"es","@id":"https:\/\/inycial.com\/index.php\/inycia-ingenieros-y-consultores\/empresa\/#primaryimage","url":"https:\/\/inycial.com\/wp-content\/uploads\/2017\/07\/cabecera9.jpg","contentUrl":"https:\/\/inycial.com\/wp-content\/uploads\/2017\/07\/cabecera9.jpg","width":1920,"height":600},{"@type":"BreadcrumbList","@id":"https:\/\/inycial.com\/index.php\/inycia-ingenieros-y-consultores\/empresa\/#breadcrumb","itemListElement":[{"@type":"ListItem","position":1,"name":"Portada","item":"https:\/\/inycial.com\/"},{"@type":"ListItem","position":2,"name":"Inycia Ingenieros y Consultores","item":"https:\/\/inycial.com\/"},{"@type":"ListItem","position":3,"name":"EMPRESA"}]},{"@type":"WebSite","@id":"https:\/\/inycial.com\/#website","url":"https:\/\/inycial.com\/","name":"Inycia Ingenieros y Consultores","description":"Ingenier\u00eda y Consultor\u00eda instalaciones industriales y seguridad industrial","publisher":{"@id":"https:\/\/inycial.com\/#organization"},"potentialAction":[{"@type":"SearchAction","target":{"@type":"EntryPoint","urlTemplate":"https:\/\/inycial.com\/?s={search_term_string}"},"query-input":{"@type":"PropertyValueSpecification","valueRequired":true,"valueName":"search_term_string"}}],"inLanguage":"es"},{"@type":"Organization","@id":"https:\/\/inycial.com\/#organization","name":"Inycia Ingenieros y Consultores","url":"https:\/\/inycial.com\/","logo":{"@type":"ImageObject","inLanguage":"es","@id":"https:\/\/inycial.com\/#\/schema\/logo\/image\/","url":"https:\/\/inycial.com\/wp-content\/uploads\/2017\/03\/Logo-e1490218059466.jpg","contentUrl":"https:\/\/inycial.com\/wp-content\/uploads\/2017\/03\/Logo-e1490218059466.jpg","width":165,"height":41,"caption":"Inycia Ingenieros y Consultores"},"image":{"@id":"https:\/\/inycial.com\/#\/schema\/logo\/image\/"},"sameAs":["https:\/\/www.facebook.com\/inycial\/","https:\/\/x.com\/inycial","https:\/\/www.linkedin.com\/company\/ingenieria-y-consultoria-instalaciones-almacenamiento-s-l-","https:\/\/www.pinterest.es\/inycial\/"]}]}},"rttpg_featured_image_url":{"full":["https:\/\/inycial.com\/wp-content\/uploads\/2017\/07\/cabecera9.jpg",1920,600,false],"landscape":["https:\/\/inycial.com\/wp-content\/uploads\/2017\/07\/cabecera9.jpg",1920,600,false],"portraits":["https:\/\/inycial.com\/wp-content\/uploads\/2017\/07\/cabecera9.jpg",1920,600,false],"thumbnail":["https:\/\/inycial.com\/wp-content\/uploads\/2017\/07\/cabecera9-150x150.jpg",150,150,true],"medium":["https:\/\/inycial.com\/wp-content\/uploads\/2017\/07\/cabecera9-300x94.jpg",300,94,true],"large":["https:\/\/inycial.com\/wp-content\/uploads\/2017\/07\/cabecera9-1024x320.jpg",1024,320,true],"1536x1536":["https:\/\/inycial.com\/wp-content\/uploads\/2017\/07\/cabecera9.jpg",1536,480,false],"2048x2048":["https:\/\/inycial.com\/wp-content\/uploads\/2017\/07\/cabecera9.jpg",1920,600,false],"post-thumbnail":["https:\/\/inycial.com\/wp-content\/uploads\/2017\/07\/cabecera9-300x250.jpg",300,250,true],"vega-post-thumbnail-recent":["https:\/\/inycial.com\/wp-content\/uploads\/2017\/07\/cabecera9-350x220.jpg",350,220,true]},"rttpg_author":{"display_name":"inycial.com","author_link":"https:\/\/inycial.com\/index.php\/author\/inycial-com\/"},"rttpg_comment":0,"rttpg_category":null,"rttpg_excerpt":"Inycia es una compa\u00f1\u00eda de servicios de consultor\u00eda e ingenier\u00eda industrial con sede en Madrid. Inycia ofrece SERVICIOS de ingenieria para todas la fases de un proyecto de ingenier\u00eda: dise\u00f1o conceptual, b\u00e1sico y de detalle direcci\u00f3n del proyecto gesti\u00f3n de compras direcci\u00f3n de obras coordinaci\u00f3n de la seguridad y salud de la obra obtenci\u00f3n de&hellip;","_links":{"self":[{"href":"https:\/\/inycial.com\/index.php\/wp-json\/wp\/v2\/pages\/48","targetHints":{"allow":["GET"]}}],"collection":[{"href":"https:\/\/inycial.com\/index.php\/wp-json\/wp\/v2\/pages"}],"about":[{"href":"https:\/\/inycial.com\/index.php\/wp-json\/wp\/v2\/types\/page"}],"author":[{"embeddable":true,"href":"https:\/\/inycial.com\/index.php\/wp-json\/wp\/v2\/users\/1"}],"replies":[{"embeddable":true,"href":"https:\/\/inycial.com\/index.php\/wp-json\/wp\/v2\/comments?post=48"}],"version-history":[{"count":19,"href":"https:\/\/inycial.com\/index.php\/wp-json\/wp\/v2\/pages\/48\/revisions"}],"predecessor-version":[{"id":1318,"href":"https:\/\/inycial.com\/index.php\/wp-json\/wp\/v2\/pages\/48\/revisions\/1318"}],"up":[{"embeddable":true,"href":"https:\/\/inycial.com\/index.php\/wp-json\/wp\/v2\/pages\/47"}],"wp:featuredmedia":[{"embeddable":true,"href":"https:\/\/inycial.com\/index.php\/wp-json\/wp\/v2\/media\/713"}],"wp:attachment":[{"href":"https:\/\/inycial.com\/index.php\/wp-json\/wp\/v2\/media?parent=48"}],"curies":[{"name":"wp","href":"https:\/\/api.w.org\/{rel}","templated":true}]}}