{"id":47,"date":"2017-03-22T20:46:24","date_gmt":"2017-03-22T20:46:24","guid":{"rendered":"http:\/\/inycial.com\/?page_id=47"},"modified":"2023-12-17T21:33:36","modified_gmt":"2023-12-17T19:33:36","slug":"inycia-ingenieros-y-consultores","status":"publish","type":"page","link":"https:\/\/inycial.com\/","title":{"rendered":"Inycia Ingenieros y Consultores"},"content":{"rendered":"<p><span style=\"color: #0000ff;\"><em>Inycia<\/em><\/span> Ingenieros y Consultores es una empresa con amplia experiencia en dise\u00f1o de <a href=\"https:\/\/inycial.com\/index.php\/inycia-ingenieros-y-consultores\/servicios\/ingenieria-industrial\/instalaciones-industriales\/\">instalaciones industriales<\/a>, y servicios de consultor\u00eda para la industria. Somos especilaistas en <a href=\"https:\/\/inycial.com\/index.php\/inicio\/servicios\/ingenieria-industrial\/seguridad-industrial\/\">seguridad industrial<\/a>, <a href=\"https:\/\/inycial.com\/index.php\/inycia-ingenieros-y-consultores\/servicios\/ingenieria-de-proyectos\/direccion-de-proyectos\/\">direcci\u00f3n de proyectos<\/a>, <a href=\"https:\/\/inycial.com\/index.php\/inycia-ingenieros-y-consultores\/servicios\/direccion-de-obras\/\">direcci\u00f3n de obras<\/a> y <a href=\"https:\/\/inycial.com\/index.php\/inycia-ingenieros-y-consultores\/servicios\/consultoria-industrial\/estudios-ambientales\/\">asesor\u00eda medioambiental.<\/a><\/p>\n","protected":false},"excerpt":{"rendered":"<p>Inycia Ingenieros y Consultores es una empresa con amplia experiencia en dise\u00f1o de instalaciones industriales, y servicios de consultor\u00eda para la industria. Somos especilaistas en seguridad industrial, direcci\u00f3n de proyectos, direcci\u00f3n de obras y asesor\u00eda medioambiental.<\/p>\n","protected":false},"author":1,"featured_media":0,"parent":0,"menu_order":1,"comment_status":"closed","ping_status":"open","template":"template-full-width.php","meta":{"footnotes":""},"class_list":["post-47","page","type-page","status-publish","hentry"],"yoast_head":"<!-- This site is optimized with the Yoast SEO plugin v27.4 - https:\/\/yoast.com\/product\/yoast-seo-wordpress\/ -->\n<title>Inycia Ingenieros y Consultores<\/title>\n<meta name=\"description\" content=\"Servicios de ingenier\u00eda y consultor\u00eda de instalaciones industriales, seguridad industrial, prevenci\u00f3n de riegos laborales y consultor\u00eda medioambiental.\" \/>\n<meta name=\"robots\" content=\"index, follow, max-snippet:-1, max-image-preview:large, max-video-preview:-1\" \/>\n<link rel=\"canonical\" href=\"https:\/\/inycial.com\/\" \/>\n<meta property=\"og:locale\" content=\"es_ES\" \/>\n<meta property=\"og:type\" content=\"article\" \/>\n<meta property=\"og:title\" content=\"Inycia Ingenieros y Consultores\" \/>\n<meta property=\"og:description\" content=\"Servicios de ingenier\u00eda y consultor\u00eda de instalaciones industriales, seguridad industrial, prevenci\u00f3n de riegos laborales y consultor\u00eda medioambiental.\" \/>\n<meta property=\"og:url\" content=\"https:\/\/inycial.com\/\" \/>\n<meta property=\"og:site_name\" content=\"Inycia Ingenieros y Consultores\" \/>\n<meta property=\"article:publisher\" content=\"https:\/\/www.facebook.com\/inycial\/\" \/>\n<meta property=\"article:modified_time\" content=\"2023-12-17T19:33:36+00:00\" \/>\n<meta name=\"twitter:card\" content=\"summary_large_image\" \/>\n<meta name=\"twitter:site\" content=\"@inycial\" \/>\n<meta name=\"twitter:label1\" content=\"Tiempo de lectura\" \/>\n\t<meta name=\"twitter:data1\" content=\"1 minuto\" \/>\n<script type=\"application\/ld+json\" class=\"yoast-schema-graph\">{\"@context\":\"https:\\\/\\\/schema.org\",\"@graph\":[{\"@type\":\"WebPage\",\"@id\":\"https:\\\/\\\/inycial.com\\\/\",\"url\":\"https:\\\/\\\/inycial.com\\\/\",\"name\":\"Inycia Ingenieros y Consultores\",\"isPartOf\":{\"@id\":\"https:\\\/\\\/inycial.com\\\/#website\"},\"datePublished\":\"2017-03-22T20:46:24+00:00\",\"dateModified\":\"2023-12-17T19:33:36+00:00\",\"description\":\"Servicios de ingenier\u00eda y consultor\u00eda de instalaciones industriales, seguridad industrial, prevenci\u00f3n de riegos laborales y consultor\u00eda medioambiental.\",\"breadcrumb\":{\"@id\":\"https:\\\/\\\/inycial.com\\\/#breadcrumb\"},\"inLanguage\":\"es\",\"potentialAction\":[{\"@type\":\"ReadAction\",\"target\":[\"https:\\\/\\\/inycial.com\\\/\"]}]},{\"@type\":\"BreadcrumbList\",\"@id\":\"https:\\\/\\\/inycial.com\\\/#breadcrumb\",\"itemListElement\":[{\"@type\":\"ListItem\",\"position\":1,\"name\":\"Portada\",\"item\":\"https:\\\/\\\/inycial.com\\\/\"},{\"@type\":\"ListItem\",\"position\":2,\"name\":\"Inycia Ingenieros y Consultores\"}]},{\"@type\":\"WebSite\",\"@id\":\"https:\\\/\\\/inycial.com\\\/#website\",\"url\":\"https:\\\/\\\/inycial.com\\\/\",\"name\":\"Inycia Ingenieros y Consultores\",\"description\":\"Ingenier\u00eda y Consultor\u00eda instalaciones industriales y seguridad industrial\",\"publisher\":{\"@id\":\"https:\\\/\\\/inycial.com\\\/#organization\"},\"potentialAction\":[{\"@type\":\"SearchAction\",\"target\":{\"@type\":\"EntryPoint\",\"urlTemplate\":\"https:\\\/\\\/inycial.com\\\/?s={search_term_string}\"},\"query-input\":{\"@type\":\"PropertyValueSpecification\",\"valueRequired\":true,\"valueName\":\"search_term_string\"}}],\"inLanguage\":\"es\"},{\"@type\":\"Organization\",\"@id\":\"https:\\\/\\\/inycial.com\\\/#organization\",\"name\":\"Inycia Ingenieros y Consultores\",\"url\":\"https:\\\/\\\/inycial.com\\\/\",\"logo\":{\"@type\":\"ImageObject\",\"inLanguage\":\"es\",\"@id\":\"https:\\\/\\\/inycial.com\\\/#\\\/schema\\\/logo\\\/image\\\/\",\"url\":\"https:\\\/\\\/inycial.com\\\/wp-content\\\/uploads\\\/2017\\\/03\\\/Logo-e1490218059466.jpg\",\"contentUrl\":\"https:\\\/\\\/inycial.com\\\/wp-content\\\/uploads\\\/2017\\\/03\\\/Logo-e1490218059466.jpg\",\"width\":165,\"height\":41,\"caption\":\"Inycia Ingenieros y Consultores\"},\"image\":{\"@id\":\"https:\\\/\\\/inycial.com\\\/#\\\/schema\\\/logo\\\/image\\\/\"},\"sameAs\":[\"https:\\\/\\\/www.facebook.com\\\/inycial\\\/\",\"https:\\\/\\\/x.com\\\/inycial\",\"https:\\\/\\\/www.linkedin.com\\\/company\\\/ingenieria-y-consultoria-instalaciones-almacenamiento-s-l-\",\"https:\\\/\\\/www.pinterest.es\\\/inycial\\\/\"]}]}<\/script>\n<!-- \/ Yoast SEO plugin. -->","yoast_head_json":{"title":"Inycia Ingenieros y Consultores","description":"Servicios de ingenier\u00eda y consultor\u00eda de instalaciones industriales, seguridad industrial, prevenci\u00f3n de riegos laborales y consultor\u00eda medioambiental.","robots":{"index":"index","follow":"follow","max-snippet":"max-snippet:-1","max-image-preview":"max-image-preview:large","max-video-preview":"max-video-preview:-1"},"canonical":"https:\/\/inycial.com\/","og_locale":"es_ES","og_type":"article","og_title":"Inycia Ingenieros y Consultores","og_description":"Servicios de ingenier\u00eda y consultor\u00eda de instalaciones industriales, seguridad industrial, prevenci\u00f3n de riegos laborales y consultor\u00eda medioambiental.","og_url":"https:\/\/inycial.com\/","og_site_name":"Inycia Ingenieros y Consultores","article_publisher":"https:\/\/www.facebook.com\/inycial\/","article_modified_time":"2023-12-17T19:33:36+00:00","twitter_card":"summary_large_image","twitter_site":"@inycial","twitter_misc":{"Tiempo de lectura":"1 minuto"},"schema":{"@context":"https:\/\/schema.org","@graph":[{"@type":"WebPage","@id":"https:\/\/inycial.com\/","url":"https:\/\/inycial.com\/","name":"Inycia Ingenieros y Consultores","isPartOf":{"@id":"https:\/\/inycial.com\/#website"},"datePublished":"2017-03-22T20:46:24+00:00","dateModified":"2023-12-17T19:33:36+00:00","description":"Servicios de ingenier\u00eda y consultor\u00eda de instalaciones industriales, seguridad industrial, prevenci\u00f3n de riegos laborales y consultor\u00eda medioambiental.","breadcrumb":{"@id":"https:\/\/inycial.com\/#breadcrumb"},"inLanguage":"es","potentialAction":[{"@type":"ReadAction","target":["https:\/\/inycial.com\/"]}]},{"@type":"BreadcrumbList","@id":"https:\/\/inycial.com\/#breadcrumb","itemListElement":[{"@type":"ListItem","position":1,"name":"Portada","item":"https:\/\/inycial.com\/"},{"@type":"ListItem","position":2,"name":"Inycia Ingenieros y Consultores"}]},{"@type":"WebSite","@id":"https:\/\/inycial.com\/#website","url":"https:\/\/inycial.com\/","name":"Inycia Ingenieros y Consultores","description":"Ingenier\u00eda y Consultor\u00eda instalaciones industriales y seguridad industrial","publisher":{"@id":"https:\/\/inycial.com\/#organization"},"potentialAction":[{"@type":"SearchAction","target":{"@type":"EntryPoint","urlTemplate":"https:\/\/inycial.com\/?s={search_term_string}"},"query-input":{"@type":"PropertyValueSpecification","valueRequired":true,"valueName":"search_term_string"}}],"inLanguage":"es"},{"@type":"Organization","@id":"https:\/\/inycial.com\/#organization","name":"Inycia Ingenieros y Consultores","url":"https:\/\/inycial.com\/","logo":{"@type":"ImageObject","inLanguage":"es","@id":"https:\/\/inycial.com\/#\/schema\/logo\/image\/","url":"https:\/\/inycial.com\/wp-content\/uploads\/2017\/03\/Logo-e1490218059466.jpg","contentUrl":"https:\/\/inycial.com\/wp-content\/uploads\/2017\/03\/Logo-e1490218059466.jpg","width":165,"height":41,"caption":"Inycia Ingenieros y Consultores"},"image":{"@id":"https:\/\/inycial.com\/#\/schema\/logo\/image\/"},"sameAs":["https:\/\/www.facebook.com\/inycial\/","https:\/\/x.com\/inycial","https:\/\/www.linkedin.com\/company\/ingenieria-y-consultoria-instalaciones-almacenamiento-s-l-","https:\/\/www.pinterest.es\/inycial\/"]}]}},"rttpg_featured_image_url":null,"rttpg_author":{"display_name":"inycial.com","author_link":"https:\/\/inycial.com\/index.php\/author\/inycial-com\/"},"rttpg_comment":0,"rttpg_category":null,"rttpg_excerpt":"Inycia Ingenieros y Consultores es una empresa con amplia experiencia en dise\u00f1o de instalaciones industriales, y servicios de consultor\u00eda para la industria. Somos especilaistas en seguridad industrial, direcci\u00f3n de proyectos, direcci\u00f3n de obras y asesor\u00eda medioambiental.","_links":{"self":[{"href":"https:\/\/inycial.com\/index.php\/wp-json\/wp\/v2\/pages\/47","targetHints":{"allow":["GET"]}}],"collection":[{"href":"https:\/\/inycial.com\/index.php\/wp-json\/wp\/v2\/pages"}],"about":[{"href":"https:\/\/inycial.com\/index.php\/wp-json\/wp\/v2\/types\/page"}],"author":[{"embeddable":true,"href":"https:\/\/inycial.com\/index.php\/wp-json\/wp\/v2\/users\/1"}],"replies":[{"embeddable":true,"href":"https:\/\/inycial.com\/index.php\/wp-json\/wp\/v2\/comments?post=47"}],"version-history":[{"count":26,"href":"https:\/\/inycial.com\/index.php\/wp-json\/wp\/v2\/pages\/47\/revisions"}],"predecessor-version":[{"id":1789,"href":"https:\/\/inycial.com\/index.php\/wp-json\/wp\/v2\/pages\/47\/revisions\/1789"}],"wp:attachment":[{"href":"https:\/\/inycial.com\/index.php\/wp-json\/wp\/v2\/media?parent=47"}],"curies":[{"name":"wp","href":"https:\/\/api.w.org\/{rel}","templated":true}]}}