{"id":402,"date":"2017-04-18T17:21:40","date_gmt":"2017-04-18T15:21:40","guid":{"rendered":"http:\/\/inycial.com\/?page_id=402"},"modified":"2023-10-19T09:22:16","modified_gmt":"2023-10-19T07:22:16","slug":"diseno-de-tanques-de-almacenamiento-y-recipientes-a-presion","status":"publish","type":"page","link":"https:\/\/inycial.com\/index.php\/inycia-ingenieros-y-consultores\/servicios\/ingenieria-industrial\/instalaciones-industriales\/diseno-de-tanques-de-almacenamiento-y-recipientes-a-presion\/","title":{"rendered":"Dise\u00f1o de tanques de almacenamiento y recipientes a presi\u00f3n"},"content":{"rendered":"<p><img loading=\"lazy\" decoding=\"async\" class=\"alignnone size-medium wp-image-401\" src=\"http:\/\/inycial.com\/wp-content\/uploads\/2017\/04\/diseno_tanques_3-300x210.gif\" alt=\"\" width=\"300\" height=\"210\" \/> <img loading=\"lazy\" decoding=\"async\" class=\"alignnone size-full wp-image-405\" src=\"http:\/\/inycial.com\/wp-content\/uploads\/2017\/04\/diseno_tanques_2.gif\" alt=\"\" width=\"292\" height=\"260\" \/>\u00a0<img loading=\"lazy\" decoding=\"async\" class=\"alignnone size-medium wp-image-399\" src=\"http:\/\/inycial.com\/wp-content\/uploads\/2017\/04\/diseno_tanques_1-300x203.jpg\" alt=\"\" width=\"300\" height=\"203\" srcset=\"https:\/\/inycial.com\/wp-content\/uploads\/2017\/04\/diseno_tanques_1-300x203.jpg 300w, https:\/\/inycial.com\/wp-content\/uploads\/2017\/04\/diseno_tanques_1.jpg 320w\" sizes=\"auto, (max-width: 300px) 100vw, 300px\" \/><\/p>\n<p>El equipo de profesionales de Inycia dispone de amplia experiencia en el c\u00e1lculo y el dise\u00f1o de <strong>tanques de almacenamiento <\/strong>de acuerdo a API 650 o C\u00f3digo Europeo EN 14015 y de <strong>recipientes a presi\u00f3n<\/strong> de acuerdo a los c\u00f3digos de dise\u00f1o de recipientes a presi\u00f3n m\u00e1s utilizados: ASME VIII Div 1 y 2, PD 5500 y EN 13445.<\/p>\n<p>Ponemos a disposici\u00f3n de nuestros clientes la experiencia acumulada durante a\u00f1os dedicados al dise\u00f1o y c\u00e1lculo de tanques, dep\u00f3sitos y recipientes, que abarca desde la definici\u00f3n de hojas de datos hasta la preparaci\u00f3n de planos de fabricaci\u00f3n y montaje, escaleras, plataformas y pasarelas, sistemas de refrigeraci\u00f3n y extinci\u00f3n por espuma, tablas de calibraci\u00f3n de capacidades, etc.<\/p>\n<p>El c\u00e1lculo del recipiente lo podemos realizar mediante las herramientas de c\u00e1lculo desarrolladas por <strong><span style=\"color: #0000ff;\"><em>Inycia<\/em><\/span><\/strong> o mediante software comercial como TANK o PV Elite de Hexagon.<\/p>\n<p>El fallo de un recipiente a presi\u00f3n o un tanque puede ser no s\u00f3lo costoso, sino tambi\u00e9n muy peligroso. Por eso es fundamental que equipos como recipientes y tanques de almacenamiento est\u00e9n dise\u00f1ados con precisi\u00f3n y cumplan con los requisitos del c\u00f3digo\u00a0. <strong><span style=\"color: #0000ff;\"><em>Inycia<\/em><\/span><\/strong> presta servicios de inspecci\u00f3n de recipientes a presi\u00f3n y de tanques de almacenamiento mediante inspectores certificados API 653, servicios que incluyen el recalculo de espesores y prestaciones residuales, y el dise\u00f1o de reparaciones.<\/p>\n","protected":false},"excerpt":{"rendered":"<p>\u00a0 El equipo de profesionales de Inycia dispone de amplia experiencia en el c\u00e1lculo y el dise\u00f1o de tanques de almacenamiento de acuerdo a API 650 o C\u00f3digo Europeo EN 14015 y de recipientes a presi\u00f3n de acuerdo a los c\u00f3digos de dise\u00f1o de recipientes a presi\u00f3n m\u00e1s utilizados: ASME VIII Div 1 y 2, PD 5500 y EN 13445. Ponemos a disposici\u00f3n de nuestros [&hellip;]<\/p>\n","protected":false},"author":1,"featured_media":857,"parent":569,"menu_order":11,"comment_status":"closed","ping_status":"closed","template":"template-full-width.php","meta":{"footnotes":""},"class_list":["post-402","page","type-page","status-publish","has-post-thumbnail","hentry"],"yoast_head":"<!-- This site is optimized with the Yoast SEO plugin v27.4 - https:\/\/yoast.com\/product\/yoast-seo-wordpress\/ -->\n<title>Dise\u00f1o de tanques de almacenamiento y recipientes a presi\u00f3n - Inycia Ingenieros y Consultores<\/title>\n<meta name=\"description\" content=\"El equipo de profesionales de Inycia dispone de amplia experiencia en el c\u00e1lculo y el dise\u00f1o de tanques de almacenamiento de acuerdo a API 650 o C\u00f3digo Europeo EN 14015 y de recipientes a presi\u00f3n de acuerdo a ASME VIII Div 1 y 2.\" \/>\n<meta name=\"robots\" content=\"index, follow, max-snippet:-1, max-image-preview:large, max-video-preview:-1\" \/>\n<link rel=\"canonical\" href=\"https:\/\/inycial.com\/index.php\/inycia-ingenieros-y-consultores\/servicios\/ingenieria-industrial\/instalaciones-industriales\/diseno-de-tanques-de-almacenamiento-y-recipientes-a-presion\/\" \/>\n<meta property=\"og:locale\" content=\"es_ES\" \/>\n<meta property=\"og:type\" content=\"article\" \/>\n<meta property=\"og:title\" content=\"Dise\u00f1o de tanques de almacenamiento y recipientes a presi\u00f3n - Inycia Ingenieros y Consultores\" \/>\n<meta property=\"og:description\" content=\"El equipo de profesionales de Inycia dispone de amplia experiencia en el c\u00e1lculo y el dise\u00f1o de tanques de almacenamiento de acuerdo a API 650 o C\u00f3digo Europeo EN 14015 y de recipientes a presi\u00f3n de acuerdo a ASME VIII Div 1 y 2.\" \/>\n<meta property=\"og:url\" content=\"https:\/\/inycial.com\/index.php\/inycia-ingenieros-y-consultores\/servicios\/ingenieria-industrial\/instalaciones-industriales\/diseno-de-tanques-de-almacenamiento-y-recipientes-a-presion\/\" \/>\n<meta property=\"og:site_name\" content=\"Inycia Ingenieros y Consultores\" \/>\n<meta property=\"article:publisher\" content=\"https:\/\/www.facebook.com\/inycial\/\" \/>\n<meta property=\"article:modified_time\" content=\"2023-10-19T07:22:16+00:00\" \/>\n<meta property=\"og:image\" content=\"https:\/\/inycial.com\/wp-content\/uploads\/2017\/07\/tanques-e1636336997879.jpg\" \/>\n\t<meta property=\"og:image:width\" content=\"1920\" \/>\n\t<meta property=\"og:image:height\" content=\"600\" \/>\n\t<meta property=\"og:image:type\" content=\"image\/jpeg\" \/>\n<meta name=\"twitter:card\" content=\"summary_large_image\" \/>\n<meta name=\"twitter:site\" content=\"@inycial\" \/>\n<meta name=\"twitter:label1\" content=\"Tiempo de lectura\" \/>\n\t<meta name=\"twitter:data1\" content=\"2 minutos\" \/>\n<script type=\"application\/ld+json\" class=\"yoast-schema-graph\">{\"@context\":\"https:\\\/\\\/schema.org\",\"@graph\":[{\"@type\":\"WebPage\",\"@id\":\"https:\\\/\\\/inycial.com\\\/index.php\\\/inycia-ingenieros-y-consultores\\\/servicios\\\/ingenieria-industrial\\\/instalaciones-industriales\\\/diseno-de-tanques-de-almacenamiento-y-recipientes-a-presion\\\/\",\"url\":\"https:\\\/\\\/inycial.com\\\/index.php\\\/inycia-ingenieros-y-consultores\\\/servicios\\\/ingenieria-industrial\\\/instalaciones-industriales\\\/diseno-de-tanques-de-almacenamiento-y-recipientes-a-presion\\\/\",\"name\":\"Dise\u00f1o de tanques de almacenamiento y recipientes a presi\u00f3n - Inycia Ingenieros y Consultores\",\"isPartOf\":{\"@id\":\"https:\\\/\\\/inycial.com\\\/#website\"},\"primaryImageOfPage\":{\"@id\":\"https:\\\/\\\/inycial.com\\\/index.php\\\/inycia-ingenieros-y-consultores\\\/servicios\\\/ingenieria-industrial\\\/instalaciones-industriales\\\/diseno-de-tanques-de-almacenamiento-y-recipientes-a-presion\\\/#primaryimage\"},\"image\":{\"@id\":\"https:\\\/\\\/inycial.com\\\/index.php\\\/inycia-ingenieros-y-consultores\\\/servicios\\\/ingenieria-industrial\\\/instalaciones-industriales\\\/diseno-de-tanques-de-almacenamiento-y-recipientes-a-presion\\\/#primaryimage\"},\"thumbnailUrl\":\"https:\\\/\\\/inycial.com\\\/wp-content\\\/uploads\\\/2017\\\/07\\\/tanques-e1636336997879.jpg\",\"datePublished\":\"2017-04-18T15:21:40+00:00\",\"dateModified\":\"2023-10-19T07:22:16+00:00\",\"description\":\"El equipo de profesionales de Inycia dispone de amplia experiencia en el c\u00e1lculo y el dise\u00f1o de tanques de almacenamiento de acuerdo a API 650 o C\u00f3digo Europeo EN 14015 y de recipientes a presi\u00f3n de acuerdo a ASME VIII Div 1 y 2.\",\"breadcrumb\":{\"@id\":\"https:\\\/\\\/inycial.com\\\/index.php\\\/inycia-ingenieros-y-consultores\\\/servicios\\\/ingenieria-industrial\\\/instalaciones-industriales\\\/diseno-de-tanques-de-almacenamiento-y-recipientes-a-presion\\\/#breadcrumb\"},\"inLanguage\":\"es\",\"potentialAction\":[{\"@type\":\"ReadAction\",\"target\":[\"https:\\\/\\\/inycial.com\\\/index.php\\\/inycia-ingenieros-y-consultores\\\/servicios\\\/ingenieria-industrial\\\/instalaciones-industriales\\\/diseno-de-tanques-de-almacenamiento-y-recipientes-a-presion\\\/\"]}]},{\"@type\":\"ImageObject\",\"inLanguage\":\"es\",\"@id\":\"https:\\\/\\\/inycial.com\\\/index.php\\\/inycia-ingenieros-y-consultores\\\/servicios\\\/ingenieria-industrial\\\/instalaciones-industriales\\\/diseno-de-tanques-de-almacenamiento-y-recipientes-a-presion\\\/#primaryimage\",\"url\":\"https:\\\/\\\/inycial.com\\\/wp-content\\\/uploads\\\/2017\\\/07\\\/tanques-e1636336997879.jpg\",\"contentUrl\":\"https:\\\/\\\/inycial.com\\\/wp-content\\\/uploads\\\/2017\\\/07\\\/tanques-e1636336997879.jpg\",\"width\":1920,\"height\":600,\"caption\":\"- C\u00e1lculo y dise\u00f1o de tanques de almacenamiento de acuerdo a API 650 o C\u00f3digo Europeo EN 14015 - Planos de fabricaci\u00f3n y montaje, escaleras, plataformas y pasarelas, sistemas de refrigeraci\u00f3n y extinci\u00f3n por espuma\"},{\"@type\":\"BreadcrumbList\",\"@id\":\"https:\\\/\\\/inycial.com\\\/index.php\\\/inycia-ingenieros-y-consultores\\\/servicios\\\/ingenieria-industrial\\\/instalaciones-industriales\\\/diseno-de-tanques-de-almacenamiento-y-recipientes-a-presion\\\/#breadcrumb\",\"itemListElement\":[{\"@type\":\"ListItem\",\"position\":1,\"name\":\"Portada\",\"item\":\"https:\\\/\\\/inycial.com\\\/\"},{\"@type\":\"ListItem\",\"position\":2,\"name\":\"Inycia Ingenieros y Consultores\",\"item\":\"https:\\\/\\\/inycial.com\\\/\"},{\"@type\":\"ListItem\",\"position\":3,\"name\":\"SERVICIOS\",\"item\":\"https:\\\/\\\/inycial.com\\\/index.php\\\/inycia-ingenieros-y-consultores\\\/servicios\\\/\"},{\"@type\":\"ListItem\",\"position\":4,\"name\":\"INGENIER\u00cdA INDUSTRIAL\",\"item\":\"https:\\\/\\\/inycial.com\\\/index.php\\\/inycia-ingenieros-y-consultores\\\/servicios\\\/ingenieria-industrial\\\/\"},{\"@type\":\"ListItem\",\"position\":5,\"name\":\"DISE\u00d1O DE INSTALACIONES INDUSTRIALES\",\"item\":\"https:\\\/\\\/inycial.com\\\/index.php\\\/inycia-ingenieros-y-consultores\\\/servicios\\\/ingenieria-industrial\\\/instalaciones-industriales\\\/\"},{\"@type\":\"ListItem\",\"position\":6,\"name\":\"Dise\u00f1o de tanques de almacenamiento y recipientes a presi\u00f3n\"}]},{\"@type\":\"WebSite\",\"@id\":\"https:\\\/\\\/inycial.com\\\/#website\",\"url\":\"https:\\\/\\\/inycial.com\\\/\",\"name\":\"Inycia Ingenieros y Consultores\",\"description\":\"Ingenier\u00eda y Consultor\u00eda instalaciones industriales y seguridad industrial\",\"publisher\":{\"@id\":\"https:\\\/\\\/inycial.com\\\/#organization\"},\"potentialAction\":[{\"@type\":\"SearchAction\",\"target\":{\"@type\":\"EntryPoint\",\"urlTemplate\":\"https:\\\/\\\/inycial.com\\\/?s={search_term_string}\"},\"query-input\":{\"@type\":\"PropertyValueSpecification\",\"valueRequired\":true,\"valueName\":\"search_term_string\"}}],\"inLanguage\":\"es\"},{\"@type\":\"Organization\",\"@id\":\"https:\\\/\\\/inycial.com\\\/#organization\",\"name\":\"Inycia Ingenieros y Consultores\",\"url\":\"https:\\\/\\\/inycial.com\\\/\",\"logo\":{\"@type\":\"ImageObject\",\"inLanguage\":\"es\",\"@id\":\"https:\\\/\\\/inycial.com\\\/#\\\/schema\\\/logo\\\/image\\\/\",\"url\":\"https:\\\/\\\/inycial.com\\\/wp-content\\\/uploads\\\/2017\\\/03\\\/Logo-e1490218059466.jpg\",\"contentUrl\":\"https:\\\/\\\/inycial.com\\\/wp-content\\\/uploads\\\/2017\\\/03\\\/Logo-e1490218059466.jpg\",\"width\":165,\"height\":41,\"caption\":\"Inycia Ingenieros y Consultores\"},\"image\":{\"@id\":\"https:\\\/\\\/inycial.com\\\/#\\\/schema\\\/logo\\\/image\\\/\"},\"sameAs\":[\"https:\\\/\\\/www.facebook.com\\\/inycial\\\/\",\"https:\\\/\\\/x.com\\\/inycial\",\"https:\\\/\\\/www.linkedin.com\\\/company\\\/ingenieria-y-consultoria-instalaciones-almacenamiento-s-l-\",\"https:\\\/\\\/www.pinterest.es\\\/inycial\\\/\"]}]}<\/script>\n<!-- \/ Yoast SEO plugin. -->","yoast_head_json":{"title":"Dise\u00f1o de tanques de almacenamiento y recipientes a presi\u00f3n - Inycia Ingenieros y Consultores","description":"El equipo de profesionales de Inycia dispone de amplia experiencia en el c\u00e1lculo y el dise\u00f1o de tanques de almacenamiento de acuerdo a API 650 o C\u00f3digo Europeo EN 14015 y de recipientes a presi\u00f3n de acuerdo a ASME VIII Div 1 y 2.","robots":{"index":"index","follow":"follow","max-snippet":"max-snippet:-1","max-image-preview":"max-image-preview:large","max-video-preview":"max-video-preview:-1"},"canonical":"https:\/\/inycial.com\/index.php\/inycia-ingenieros-y-consultores\/servicios\/ingenieria-industrial\/instalaciones-industriales\/diseno-de-tanques-de-almacenamiento-y-recipientes-a-presion\/","og_locale":"es_ES","og_type":"article","og_title":"Dise\u00f1o de tanques de almacenamiento y recipientes a presi\u00f3n - Inycia Ingenieros y Consultores","og_description":"El equipo de profesionales de Inycia dispone de amplia experiencia en el c\u00e1lculo y el dise\u00f1o de tanques de almacenamiento de acuerdo a API 650 o C\u00f3digo Europeo EN 14015 y de recipientes a presi\u00f3n de acuerdo a ASME VIII Div 1 y 2.","og_url":"https:\/\/inycial.com\/index.php\/inycia-ingenieros-y-consultores\/servicios\/ingenieria-industrial\/instalaciones-industriales\/diseno-de-tanques-de-almacenamiento-y-recipientes-a-presion\/","og_site_name":"Inycia Ingenieros y Consultores","article_publisher":"https:\/\/www.facebook.com\/inycial\/","article_modified_time":"2023-10-19T07:22:16+00:00","og_image":[{"width":1920,"height":600,"url":"https:\/\/inycial.com\/wp-content\/uploads\/2017\/07\/tanques-e1636336997879.jpg","type":"image\/jpeg"}],"twitter_card":"summary_large_image","twitter_site":"@inycial","twitter_misc":{"Tiempo de lectura":"2 minutos"},"schema":{"@context":"https:\/\/schema.org","@graph":[{"@type":"WebPage","@id":"https:\/\/inycial.com\/index.php\/inycia-ingenieros-y-consultores\/servicios\/ingenieria-industrial\/instalaciones-industriales\/diseno-de-tanques-de-almacenamiento-y-recipientes-a-presion\/","url":"https:\/\/inycial.com\/index.php\/inycia-ingenieros-y-consultores\/servicios\/ingenieria-industrial\/instalaciones-industriales\/diseno-de-tanques-de-almacenamiento-y-recipientes-a-presion\/","name":"Dise\u00f1o de tanques de almacenamiento y recipientes a presi\u00f3n - Inycia Ingenieros y Consultores","isPartOf":{"@id":"https:\/\/inycial.com\/#website"},"primaryImageOfPage":{"@id":"https:\/\/inycial.com\/index.php\/inycia-ingenieros-y-consultores\/servicios\/ingenieria-industrial\/instalaciones-industriales\/diseno-de-tanques-de-almacenamiento-y-recipientes-a-presion\/#primaryimage"},"image":{"@id":"https:\/\/inycial.com\/index.php\/inycia-ingenieros-y-consultores\/servicios\/ingenieria-industrial\/instalaciones-industriales\/diseno-de-tanques-de-almacenamiento-y-recipientes-a-presion\/#primaryimage"},"thumbnailUrl":"https:\/\/inycial.com\/wp-content\/uploads\/2017\/07\/tanques-e1636336997879.jpg","datePublished":"2017-04-18T15:21:40+00:00","dateModified":"2023-10-19T07:22:16+00:00","description":"El equipo de profesionales de Inycia dispone de amplia experiencia en el c\u00e1lculo y el dise\u00f1o de tanques de almacenamiento de acuerdo a API 650 o C\u00f3digo Europeo EN 14015 y de recipientes a presi\u00f3n de acuerdo a ASME VIII Div 1 y 2.","breadcrumb":{"@id":"https:\/\/inycial.com\/index.php\/inycia-ingenieros-y-consultores\/servicios\/ingenieria-industrial\/instalaciones-industriales\/diseno-de-tanques-de-almacenamiento-y-recipientes-a-presion\/#breadcrumb"},"inLanguage":"es","potentialAction":[{"@type":"ReadAction","target":["https:\/\/inycial.com\/index.php\/inycia-ingenieros-y-consultores\/servicios\/ingenieria-industrial\/instalaciones-industriales\/diseno-de-tanques-de-almacenamiento-y-recipientes-a-presion\/"]}]},{"@type":"ImageObject","inLanguage":"es","@id":"https:\/\/inycial.com\/index.php\/inycia-ingenieros-y-consultores\/servicios\/ingenieria-industrial\/instalaciones-industriales\/diseno-de-tanques-de-almacenamiento-y-recipientes-a-presion\/#primaryimage","url":"https:\/\/inycial.com\/wp-content\/uploads\/2017\/07\/tanques-e1636336997879.jpg","contentUrl":"https:\/\/inycial.com\/wp-content\/uploads\/2017\/07\/tanques-e1636336997879.jpg","width":1920,"height":600,"caption":"- C\u00e1lculo y dise\u00f1o de tanques de almacenamiento de acuerdo a API 650 o C\u00f3digo Europeo EN 14015 - Planos de fabricaci\u00f3n y montaje, escaleras, plataformas y pasarelas, sistemas de refrigeraci\u00f3n y extinci\u00f3n por espuma"},{"@type":"BreadcrumbList","@id":"https:\/\/inycial.com\/index.php\/inycia-ingenieros-y-consultores\/servicios\/ingenieria-industrial\/instalaciones-industriales\/diseno-de-tanques-de-almacenamiento-y-recipientes-a-presion\/#breadcrumb","itemListElement":[{"@type":"ListItem","position":1,"name":"Portada","item":"https:\/\/inycial.com\/"},{"@type":"ListItem","position":2,"name":"Inycia Ingenieros y Consultores","item":"https:\/\/inycial.com\/"},{"@type":"ListItem","position":3,"name":"SERVICIOS","item":"https:\/\/inycial.com\/index.php\/inycia-ingenieros-y-consultores\/servicios\/"},{"@type":"ListItem","position":4,"name":"INGENIER\u00cdA INDUSTRIAL","item":"https:\/\/inycial.com\/index.php\/inycia-ingenieros-y-consultores\/servicios\/ingenieria-industrial\/"},{"@type":"ListItem","position":5,"name":"DISE\u00d1O DE INSTALACIONES INDUSTRIALES","item":"https:\/\/inycial.com\/index.php\/inycia-ingenieros-y-consultores\/servicios\/ingenieria-industrial\/instalaciones-industriales\/"},{"@type":"ListItem","position":6,"name":"Dise\u00f1o de tanques de almacenamiento y recipientes a presi\u00f3n"}]},{"@type":"WebSite","@id":"https:\/\/inycial.com\/#website","url":"https:\/\/inycial.com\/","name":"Inycia Ingenieros y Consultores","description":"Ingenier\u00eda y Consultor\u00eda instalaciones industriales y seguridad industrial","publisher":{"@id":"https:\/\/inycial.com\/#organization"},"potentialAction":[{"@type":"SearchAction","target":{"@type":"EntryPoint","urlTemplate":"https:\/\/inycial.com\/?s={search_term_string}"},"query-input":{"@type":"PropertyValueSpecification","valueRequired":true,"valueName":"search_term_string"}}],"inLanguage":"es"},{"@type":"Organization","@id":"https:\/\/inycial.com\/#organization","name":"Inycia Ingenieros y Consultores","url":"https:\/\/inycial.com\/","logo":{"@type":"ImageObject","inLanguage":"es","@id":"https:\/\/inycial.com\/#\/schema\/logo\/image\/","url":"https:\/\/inycial.com\/wp-content\/uploads\/2017\/03\/Logo-e1490218059466.jpg","contentUrl":"https:\/\/inycial.com\/wp-content\/uploads\/2017\/03\/Logo-e1490218059466.jpg","width":165,"height":41,"caption":"Inycia Ingenieros y Consultores"},"image":{"@id":"https:\/\/inycial.com\/#\/schema\/logo\/image\/"},"sameAs":["https:\/\/www.facebook.com\/inycial\/","https:\/\/x.com\/inycial","https:\/\/www.linkedin.com\/company\/ingenieria-y-consultoria-instalaciones-almacenamiento-s-l-","https:\/\/www.pinterest.es\/inycial\/"]}]}},"rttpg_featured_image_url":{"full":["https:\/\/inycial.com\/wp-content\/uploads\/2017\/07\/tanques-e1636336997879.jpg",1920,600,false],"landscape":["https:\/\/inycial.com\/wp-content\/uploads\/2017\/07\/tanques-e1636336997879.jpg",1920,600,false],"portraits":["https:\/\/inycial.com\/wp-content\/uploads\/2017\/07\/tanques-e1636336997879.jpg",1920,600,false],"thumbnail":["https:\/\/inycial.com\/wp-content\/uploads\/2017\/07\/tanques-e1636336997879-150x150.jpg",150,150,true],"medium":["https:\/\/inycial.com\/wp-content\/uploads\/2017\/07\/tanques-e1636336997879-300x94.jpg",300,94,true],"large":["https:\/\/inycial.com\/wp-content\/uploads\/2017\/07\/tanques-e1636336997879-1024x320.jpg",1024,320,true],"1536x1536":["https:\/\/inycial.com\/wp-content\/uploads\/2017\/07\/tanques-e1636336997879-1536x480.jpg",1536,480,true],"2048x2048":["https:\/\/inycial.com\/wp-content\/uploads\/2017\/07\/tanques-e1636336997879.jpg",1920,600,false],"post-thumbnail":["https:\/\/inycial.com\/wp-content\/uploads\/2017\/07\/tanques-e1636336997879-300x250.jpg",300,250,true],"vega-post-thumbnail-recent":["https:\/\/inycial.com\/wp-content\/uploads\/2017\/07\/tanques-e1636336997879-350x220.jpg",350,220,true]},"rttpg_author":{"display_name":"inycial.com","author_link":"https:\/\/inycial.com\/index.php\/author\/inycial-com\/"},"rttpg_comment":0,"rttpg_category":null,"rttpg_excerpt":"\u00a0 El equipo de profesionales de Inycia dispone de amplia experiencia en el c\u00e1lculo y el dise\u00f1o de tanques de almacenamiento de acuerdo a API 650 o C\u00f3digo Europeo EN 14015 y de recipientes a presi\u00f3n de acuerdo a los c\u00f3digos de dise\u00f1o de recipientes a presi\u00f3n m\u00e1s utilizados: ASME VIII Div 1 y 2,&hellip;","_links":{"self":[{"href":"https:\/\/inycial.com\/index.php\/wp-json\/wp\/v2\/pages\/402","targetHints":{"allow":["GET"]}}],"collection":[{"href":"https:\/\/inycial.com\/index.php\/wp-json\/wp\/v2\/pages"}],"about":[{"href":"https:\/\/inycial.com\/index.php\/wp-json\/wp\/v2\/types\/page"}],"author":[{"embeddable":true,"href":"https:\/\/inycial.com\/index.php\/wp-json\/wp\/v2\/users\/1"}],"replies":[{"embeddable":true,"href":"https:\/\/inycial.com\/index.php\/wp-json\/wp\/v2\/comments?post=402"}],"version-history":[{"count":7,"href":"https:\/\/inycial.com\/index.php\/wp-json\/wp\/v2\/pages\/402\/revisions"}],"predecessor-version":[{"id":1730,"href":"https:\/\/inycial.com\/index.php\/wp-json\/wp\/v2\/pages\/402\/revisions\/1730"}],"up":[{"embeddable":true,"href":"https:\/\/inycial.com\/index.php\/wp-json\/wp\/v2\/pages\/569"}],"wp:featuredmedia":[{"embeddable":true,"href":"https:\/\/inycial.com\/index.php\/wp-json\/wp\/v2\/media\/857"}],"wp:attachment":[{"href":"https:\/\/inycial.com\/index.php\/wp-json\/wp\/v2\/media?parent=402"}],"curies":[{"name":"wp","href":"https:\/\/api.w.org\/{rel}","templated":true}]}}