{"id":359,"date":"2017-04-18T13:40:54","date_gmt":"2017-04-18T11:40:54","guid":{"rendered":"http:\/\/inycial.com\/?page_id=359"},"modified":"2022-10-21T21:08:59","modified_gmt":"2022-10-21T19:08:59","slug":"diseno-de-sistemas-seguridad-y-proteccion-contra-incendios-pci","status":"publish","type":"page","link":"https:\/\/inycial.com\/index.php\/inycia-ingenieros-y-consultores\/servicios\/ingenieria-industrial\/instalaciones-industriales\/diseno-de-sistemas-seguridad-y-proteccion-contra-incendios-pci\/","title":{"rendered":"Dise\u00f1o de sistemas seguridad y protecci\u00f3n contra incendios PCI"},"content":{"rendered":"<p><img loading=\"lazy\" decoding=\"async\" class=\"alignnone size-full wp-image-362\" src=\"http:\/\/inycial.com\/wp-content\/uploads\/2017\/04\/pci_2.jpg\" alt=\"\" width=\"267\" height=\"200\"><img loading=\"lazy\" decoding=\"async\" class=\"alignnone size-medium wp-image-502\" src=\"http:\/\/inycial.com\/wp-content\/uploads\/2017\/04\/Autospring-300x225.png\" alt=\"\" width=\"300\" height=\"225\" srcset=\"https:\/\/inycial.com\/wp-content\/uploads\/2017\/04\/Autospring-300x225.png 300w, https:\/\/inycial.com\/wp-content\/uploads\/2017\/04\/Autospring.png 758w\" sizes=\"auto, (max-width: 300px) 100vw, 300px\" \/><\/p>\n<p><strong><span style=\"color: #0000ff;\"><em>Inycia<\/em><\/span><\/strong> ofrece su experiencia en el dise\u00f1o de instalaciones para la protecci\u00f3n contra incendios en la industria cumpliendo las m\u00e1s exigentes normativas de dise\u00f1o aplicables al sector: UNE-EN, CEPREVEN, NFPA, FM\/UL<\/p>\n<ul>\n<li>Sistemas de protecci\u00f3n pasiva de estructuras y equipos<\/li>\n<li>Sistemas de extinci\u00f3n mediante agua, rociadores autom\u00e1ticos<\/li>\n<li>Sistemas de agua pulverizada<\/li>\n<li>Sistemas de agua nebulizada<\/li>\n<li>Sistemas de extinci\u00f3n mediante espuma<\/li>\n<li>Sistemas de extinci\u00f3n mediante gas<\/li>\n<li>Sistemas de detecci\u00f3n autom\u00e1tica<\/li>\n<li>Abastecimiento y grupos de presi\u00f3n de incendios<\/li>\n<li>C\u00e1lculo hidr\u00e1ulico de redes de distribuci\u00f3n con AutoSPRINK<\/li>\n<li>Redes de hidrantes<\/li>\n<\/ul>\n","protected":false},"excerpt":{"rendered":"<p>Inycia ofrece su experiencia en el dise\u00f1o de instalaciones para la protecci\u00f3n contra incendios en la industria cumpliendo las m\u00e1s exigentes normativas de dise\u00f1o aplicables al sector: UNE-EN, CEPREVEN, NFPA, FM\/UL Sistemas de protecci\u00f3n pasiva de estructuras y equipos Sistemas de extinci\u00f3n mediante agua, rociadores autom\u00e1ticos Sistemas de agua pulverizada Sistemas de agua nebulizada Sistemas de extinci\u00f3n mediante espuma Sistemas de extinci\u00f3n mediante gas Sistemas [&hellip;]<\/p>\n","protected":false},"author":1,"featured_media":795,"parent":569,"menu_order":10,"comment_status":"closed","ping_status":"closed","template":"template-full-width.php","meta":{"footnotes":""},"class_list":["post-359","page","type-page","status-publish","has-post-thumbnail","hentry"],"yoast_head":"<!-- This site is optimized with the Yoast SEO plugin v27.4 - https:\/\/yoast.com\/product\/yoast-seo-wordpress\/ -->\n<title>Dise\u00f1o de sistemas seguridad y protecci\u00f3n contra incendios PCI - Inycia Ingenieros y Consultores<\/title>\n<meta name=\"robots\" content=\"index, follow, max-snippet:-1, max-image-preview:large, max-video-preview:-1\" \/>\n<link rel=\"canonical\" href=\"https:\/\/inycial.com\/index.php\/inycia-ingenieros-y-consultores\/servicios\/ingenieria-industrial\/instalaciones-industriales\/diseno-de-sistemas-seguridad-y-proteccion-contra-incendios-pci\/\" \/>\n<meta property=\"og:locale\" content=\"es_ES\" \/>\n<meta property=\"og:type\" content=\"article\" \/>\n<meta property=\"og:title\" content=\"Dise\u00f1o de sistemas seguridad y protecci\u00f3n contra incendios PCI - Inycia Ingenieros y Consultores\" \/>\n<meta property=\"og:description\" content=\"Inycia ofrece su experiencia en el dise\u00f1o de instalaciones para la protecci\u00f3n contra incendios en la industria cumpliendo las m\u00e1s exigentes normativas de dise\u00f1o aplicables al sector: UNE-EN, CEPREVEN, NFPA, FM\/UL Sistemas de protecci\u00f3n pasiva de estructuras y equipos Sistemas de extinci\u00f3n mediante agua, rociadores autom\u00e1ticos Sistemas de agua pulverizada Sistemas de agua nebulizada Sistemas de extinci\u00f3n mediante espuma Sistemas de extinci\u00f3n mediante gas Sistemas [&hellip;]\" \/>\n<meta property=\"og:url\" content=\"https:\/\/inycial.com\/index.php\/inycia-ingenieros-y-consultores\/servicios\/ingenieria-industrial\/instalaciones-industriales\/diseno-de-sistemas-seguridad-y-proteccion-contra-incendios-pci\/\" \/>\n<meta property=\"og:site_name\" content=\"Inycia Ingenieros y Consultores\" \/>\n<meta property=\"article:publisher\" content=\"https:\/\/www.facebook.com\/inycial\/\" \/>\n<meta property=\"article:modified_time\" content=\"2022-10-21T19:08:59+00:00\" \/>\n<meta property=\"og:image\" content=\"https:\/\/inycial.com\/wp-content\/uploads\/2017\/07\/PCI.jpg\" \/>\n\t<meta property=\"og:image:width\" content=\"1920\" \/>\n\t<meta property=\"og:image:height\" content=\"1280\" \/>\n\t<meta property=\"og:image:type\" content=\"image\/jpeg\" \/>\n<meta name=\"twitter:card\" content=\"summary_large_image\" \/>\n<meta name=\"twitter:site\" content=\"@inycial\" \/>\n<meta name=\"twitter:label1\" content=\"Tiempo de lectura\" \/>\n\t<meta name=\"twitter:data1\" content=\"1 minuto\" \/>\n<script type=\"application\/ld+json\" class=\"yoast-schema-graph\">{\"@context\":\"https:\\\/\\\/schema.org\",\"@graph\":[{\"@type\":\"WebPage\",\"@id\":\"https:\\\/\\\/inycial.com\\\/index.php\\\/inycia-ingenieros-y-consultores\\\/servicios\\\/ingenieria-industrial\\\/instalaciones-industriales\\\/diseno-de-sistemas-seguridad-y-proteccion-contra-incendios-pci\\\/\",\"url\":\"https:\\\/\\\/inycial.com\\\/index.php\\\/inycia-ingenieros-y-consultores\\\/servicios\\\/ingenieria-industrial\\\/instalaciones-industriales\\\/diseno-de-sistemas-seguridad-y-proteccion-contra-incendios-pci\\\/\",\"name\":\"Dise\u00f1o de sistemas seguridad y protecci\u00f3n contra incendios PCI - Inycia Ingenieros y Consultores\",\"isPartOf\":{\"@id\":\"https:\\\/\\\/inycial.com\\\/#website\"},\"primaryImageOfPage\":{\"@id\":\"https:\\\/\\\/inycial.com\\\/index.php\\\/inycia-ingenieros-y-consultores\\\/servicios\\\/ingenieria-industrial\\\/instalaciones-industriales\\\/diseno-de-sistemas-seguridad-y-proteccion-contra-incendios-pci\\\/#primaryimage\"},\"image\":{\"@id\":\"https:\\\/\\\/inycial.com\\\/index.php\\\/inycia-ingenieros-y-consultores\\\/servicios\\\/ingenieria-industrial\\\/instalaciones-industriales\\\/diseno-de-sistemas-seguridad-y-proteccion-contra-incendios-pci\\\/#primaryimage\"},\"thumbnailUrl\":\"https:\\\/\\\/inycial.com\\\/wp-content\\\/uploads\\\/2017\\\/07\\\/PCI.jpg\",\"datePublished\":\"2017-04-18T11:40:54+00:00\",\"dateModified\":\"2022-10-21T19:08:59+00:00\",\"breadcrumb\":{\"@id\":\"https:\\\/\\\/inycial.com\\\/index.php\\\/inycia-ingenieros-y-consultores\\\/servicios\\\/ingenieria-industrial\\\/instalaciones-industriales\\\/diseno-de-sistemas-seguridad-y-proteccion-contra-incendios-pci\\\/#breadcrumb\"},\"inLanguage\":\"es\",\"potentialAction\":[{\"@type\":\"ReadAction\",\"target\":[\"https:\\\/\\\/inycial.com\\\/index.php\\\/inycia-ingenieros-y-consultores\\\/servicios\\\/ingenieria-industrial\\\/instalaciones-industriales\\\/diseno-de-sistemas-seguridad-y-proteccion-contra-incendios-pci\\\/\"]}]},{\"@type\":\"ImageObject\",\"inLanguage\":\"es\",\"@id\":\"https:\\\/\\\/inycial.com\\\/index.php\\\/inycia-ingenieros-y-consultores\\\/servicios\\\/ingenieria-industrial\\\/instalaciones-industriales\\\/diseno-de-sistemas-seguridad-y-proteccion-contra-incendios-pci\\\/#primaryimage\",\"url\":\"https:\\\/\\\/inycial.com\\\/wp-content\\\/uploads\\\/2017\\\/07\\\/PCI.jpg\",\"contentUrl\":\"https:\\\/\\\/inycial.com\\\/wp-content\\\/uploads\\\/2017\\\/07\\\/PCI.jpg\",\"width\":1920,\"height\":1280,\"caption\":\"- Instalaciones PCI industriales - Instalaciones de extinci\u00f3n autom\u00e1tica - Dise\u00f1o y dimensionamiento de redes\"},{\"@type\":\"BreadcrumbList\",\"@id\":\"https:\\\/\\\/inycial.com\\\/index.php\\\/inycia-ingenieros-y-consultores\\\/servicios\\\/ingenieria-industrial\\\/instalaciones-industriales\\\/diseno-de-sistemas-seguridad-y-proteccion-contra-incendios-pci\\\/#breadcrumb\",\"itemListElement\":[{\"@type\":\"ListItem\",\"position\":1,\"name\":\"Portada\",\"item\":\"https:\\\/\\\/inycial.com\\\/\"},{\"@type\":\"ListItem\",\"position\":2,\"name\":\"Inycia Ingenieros y Consultores\",\"item\":\"https:\\\/\\\/inycial.com\\\/\"},{\"@type\":\"ListItem\",\"position\":3,\"name\":\"SERVICIOS\",\"item\":\"https:\\\/\\\/inycial.com\\\/index.php\\\/inycia-ingenieros-y-consultores\\\/servicios\\\/\"},{\"@type\":\"ListItem\",\"position\":4,\"name\":\"INGENIER\u00cdA INDUSTRIAL\",\"item\":\"https:\\\/\\\/inycial.com\\\/index.php\\\/inycia-ingenieros-y-consultores\\\/servicios\\\/ingenieria-industrial\\\/\"},{\"@type\":\"ListItem\",\"position\":5,\"name\":\"DISE\u00d1O DE INSTALACIONES INDUSTRIALES\",\"item\":\"https:\\\/\\\/inycial.com\\\/index.php\\\/inycia-ingenieros-y-consultores\\\/servicios\\\/ingenieria-industrial\\\/instalaciones-industriales\\\/\"},{\"@type\":\"ListItem\",\"position\":6,\"name\":\"Dise\u00f1o de sistemas seguridad y protecci\u00f3n contra incendios PCI\"}]},{\"@type\":\"WebSite\",\"@id\":\"https:\\\/\\\/inycial.com\\\/#website\",\"url\":\"https:\\\/\\\/inycial.com\\\/\",\"name\":\"Inycia Ingenieros y Consultores\",\"description\":\"Ingenier\u00eda y Consultor\u00eda instalaciones industriales y seguridad industrial\",\"publisher\":{\"@id\":\"https:\\\/\\\/inycial.com\\\/#organization\"},\"potentialAction\":[{\"@type\":\"SearchAction\",\"target\":{\"@type\":\"EntryPoint\",\"urlTemplate\":\"https:\\\/\\\/inycial.com\\\/?s={search_term_string}\"},\"query-input\":{\"@type\":\"PropertyValueSpecification\",\"valueRequired\":true,\"valueName\":\"search_term_string\"}}],\"inLanguage\":\"es\"},{\"@type\":\"Organization\",\"@id\":\"https:\\\/\\\/inycial.com\\\/#organization\",\"name\":\"Inycia Ingenieros y Consultores\",\"url\":\"https:\\\/\\\/inycial.com\\\/\",\"logo\":{\"@type\":\"ImageObject\",\"inLanguage\":\"es\",\"@id\":\"https:\\\/\\\/inycial.com\\\/#\\\/schema\\\/logo\\\/image\\\/\",\"url\":\"https:\\\/\\\/inycial.com\\\/wp-content\\\/uploads\\\/2017\\\/03\\\/Logo-e1490218059466.jpg\",\"contentUrl\":\"https:\\\/\\\/inycial.com\\\/wp-content\\\/uploads\\\/2017\\\/03\\\/Logo-e1490218059466.jpg\",\"width\":165,\"height\":41,\"caption\":\"Inycia Ingenieros y Consultores\"},\"image\":{\"@id\":\"https:\\\/\\\/inycial.com\\\/#\\\/schema\\\/logo\\\/image\\\/\"},\"sameAs\":[\"https:\\\/\\\/www.facebook.com\\\/inycial\\\/\",\"https:\\\/\\\/x.com\\\/inycial\",\"https:\\\/\\\/www.linkedin.com\\\/company\\\/ingenieria-y-consultoria-instalaciones-almacenamiento-s-l-\",\"https:\\\/\\\/www.pinterest.es\\\/inycial\\\/\"]}]}<\/script>\n<!-- \/ Yoast SEO plugin. -->","yoast_head_json":{"title":"Dise\u00f1o de sistemas seguridad y protecci\u00f3n contra incendios PCI - Inycia Ingenieros y Consultores","robots":{"index":"index","follow":"follow","max-snippet":"max-snippet:-1","max-image-preview":"max-image-preview:large","max-video-preview":"max-video-preview:-1"},"canonical":"https:\/\/inycial.com\/index.php\/inycia-ingenieros-y-consultores\/servicios\/ingenieria-industrial\/instalaciones-industriales\/diseno-de-sistemas-seguridad-y-proteccion-contra-incendios-pci\/","og_locale":"es_ES","og_type":"article","og_title":"Dise\u00f1o de sistemas seguridad y protecci\u00f3n contra incendios PCI - Inycia Ingenieros y Consultores","og_description":"Inycia ofrece su experiencia en el dise\u00f1o de instalaciones para la protecci\u00f3n contra incendios en la industria cumpliendo las m\u00e1s exigentes normativas de dise\u00f1o aplicables al sector: UNE-EN, CEPREVEN, NFPA, FM\/UL Sistemas de protecci\u00f3n pasiva de estructuras y equipos Sistemas de extinci\u00f3n mediante agua, rociadores autom\u00e1ticos Sistemas de agua pulverizada Sistemas de agua nebulizada Sistemas de extinci\u00f3n mediante espuma Sistemas de extinci\u00f3n mediante gas Sistemas [&hellip;]","og_url":"https:\/\/inycial.com\/index.php\/inycia-ingenieros-y-consultores\/servicios\/ingenieria-industrial\/instalaciones-industriales\/diseno-de-sistemas-seguridad-y-proteccion-contra-incendios-pci\/","og_site_name":"Inycia Ingenieros y Consultores","article_publisher":"https:\/\/www.facebook.com\/inycial\/","article_modified_time":"2022-10-21T19:08:59+00:00","og_image":[{"width":1920,"height":1280,"url":"https:\/\/inycial.com\/wp-content\/uploads\/2017\/07\/PCI.jpg","type":"image\/jpeg"}],"twitter_card":"summary_large_image","twitter_site":"@inycial","twitter_misc":{"Tiempo de lectura":"1 minuto"},"schema":{"@context":"https:\/\/schema.org","@graph":[{"@type":"WebPage","@id":"https:\/\/inycial.com\/index.php\/inycia-ingenieros-y-consultores\/servicios\/ingenieria-industrial\/instalaciones-industriales\/diseno-de-sistemas-seguridad-y-proteccion-contra-incendios-pci\/","url":"https:\/\/inycial.com\/index.php\/inycia-ingenieros-y-consultores\/servicios\/ingenieria-industrial\/instalaciones-industriales\/diseno-de-sistemas-seguridad-y-proteccion-contra-incendios-pci\/","name":"Dise\u00f1o de sistemas seguridad y protecci\u00f3n contra incendios PCI - Inycia Ingenieros y Consultores","isPartOf":{"@id":"https:\/\/inycial.com\/#website"},"primaryImageOfPage":{"@id":"https:\/\/inycial.com\/index.php\/inycia-ingenieros-y-consultores\/servicios\/ingenieria-industrial\/instalaciones-industriales\/diseno-de-sistemas-seguridad-y-proteccion-contra-incendios-pci\/#primaryimage"},"image":{"@id":"https:\/\/inycial.com\/index.php\/inycia-ingenieros-y-consultores\/servicios\/ingenieria-industrial\/instalaciones-industriales\/diseno-de-sistemas-seguridad-y-proteccion-contra-incendios-pci\/#primaryimage"},"thumbnailUrl":"https:\/\/inycial.com\/wp-content\/uploads\/2017\/07\/PCI.jpg","datePublished":"2017-04-18T11:40:54+00:00","dateModified":"2022-10-21T19:08:59+00:00","breadcrumb":{"@id":"https:\/\/inycial.com\/index.php\/inycia-ingenieros-y-consultores\/servicios\/ingenieria-industrial\/instalaciones-industriales\/diseno-de-sistemas-seguridad-y-proteccion-contra-incendios-pci\/#breadcrumb"},"inLanguage":"es","potentialAction":[{"@type":"ReadAction","target":["https:\/\/inycial.com\/index.php\/inycia-ingenieros-y-consultores\/servicios\/ingenieria-industrial\/instalaciones-industriales\/diseno-de-sistemas-seguridad-y-proteccion-contra-incendios-pci\/"]}]},{"@type":"ImageObject","inLanguage":"es","@id":"https:\/\/inycial.com\/index.php\/inycia-ingenieros-y-consultores\/servicios\/ingenieria-industrial\/instalaciones-industriales\/diseno-de-sistemas-seguridad-y-proteccion-contra-incendios-pci\/#primaryimage","url":"https:\/\/inycial.com\/wp-content\/uploads\/2017\/07\/PCI.jpg","contentUrl":"https:\/\/inycial.com\/wp-content\/uploads\/2017\/07\/PCI.jpg","width":1920,"height":1280,"caption":"- Instalaciones PCI industriales - Instalaciones de extinci\u00f3n autom\u00e1tica - Dise\u00f1o y dimensionamiento de redes"},{"@type":"BreadcrumbList","@id":"https:\/\/inycial.com\/index.php\/inycia-ingenieros-y-consultores\/servicios\/ingenieria-industrial\/instalaciones-industriales\/diseno-de-sistemas-seguridad-y-proteccion-contra-incendios-pci\/#breadcrumb","itemListElement":[{"@type":"ListItem","position":1,"name":"Portada","item":"https:\/\/inycial.com\/"},{"@type":"ListItem","position":2,"name":"Inycia Ingenieros y Consultores","item":"https:\/\/inycial.com\/"},{"@type":"ListItem","position":3,"name":"SERVICIOS","item":"https:\/\/inycial.com\/index.php\/inycia-ingenieros-y-consultores\/servicios\/"},{"@type":"ListItem","position":4,"name":"INGENIER\u00cdA INDUSTRIAL","item":"https:\/\/inycial.com\/index.php\/inycia-ingenieros-y-consultores\/servicios\/ingenieria-industrial\/"},{"@type":"ListItem","position":5,"name":"DISE\u00d1O DE INSTALACIONES INDUSTRIALES","item":"https:\/\/inycial.com\/index.php\/inycia-ingenieros-y-consultores\/servicios\/ingenieria-industrial\/instalaciones-industriales\/"},{"@type":"ListItem","position":6,"name":"Dise\u00f1o de sistemas seguridad y protecci\u00f3n contra incendios PCI"}]},{"@type":"WebSite","@id":"https:\/\/inycial.com\/#website","url":"https:\/\/inycial.com\/","name":"Inycia Ingenieros y Consultores","description":"Ingenier\u00eda y Consultor\u00eda instalaciones industriales y seguridad industrial","publisher":{"@id":"https:\/\/inycial.com\/#organization"},"potentialAction":[{"@type":"SearchAction","target":{"@type":"EntryPoint","urlTemplate":"https:\/\/inycial.com\/?s={search_term_string}"},"query-input":{"@type":"PropertyValueSpecification","valueRequired":true,"valueName":"search_term_string"}}],"inLanguage":"es"},{"@type":"Organization","@id":"https:\/\/inycial.com\/#organization","name":"Inycia Ingenieros y Consultores","url":"https:\/\/inycial.com\/","logo":{"@type":"ImageObject","inLanguage":"es","@id":"https:\/\/inycial.com\/#\/schema\/logo\/image\/","url":"https:\/\/inycial.com\/wp-content\/uploads\/2017\/03\/Logo-e1490218059466.jpg","contentUrl":"https:\/\/inycial.com\/wp-content\/uploads\/2017\/03\/Logo-e1490218059466.jpg","width":165,"height":41,"caption":"Inycia Ingenieros y Consultores"},"image":{"@id":"https:\/\/inycial.com\/#\/schema\/logo\/image\/"},"sameAs":["https:\/\/www.facebook.com\/inycial\/","https:\/\/x.com\/inycial","https:\/\/www.linkedin.com\/company\/ingenieria-y-consultoria-instalaciones-almacenamiento-s-l-","https:\/\/www.pinterest.es\/inycial\/"]}]}},"rttpg_featured_image_url":{"full":["https:\/\/inycial.com\/wp-content\/uploads\/2017\/07\/PCI.jpg",1920,1280,false],"landscape":["https:\/\/inycial.com\/wp-content\/uploads\/2017\/07\/PCI.jpg",1920,1280,false],"portraits":["https:\/\/inycial.com\/wp-content\/uploads\/2017\/07\/PCI.jpg",1920,1280,false],"thumbnail":["https:\/\/inycial.com\/wp-content\/uploads\/2017\/07\/PCI-150x150.jpg",150,150,true],"medium":["https:\/\/inycial.com\/wp-content\/uploads\/2017\/07\/PCI-300x200.jpg",300,200,true],"large":["https:\/\/inycial.com\/wp-content\/uploads\/2017\/07\/PCI-1024x683.jpg",1024,683,true],"1536x1536":["https:\/\/inycial.com\/wp-content\/uploads\/2017\/07\/PCI.jpg",1536,1024,false],"2048x2048":["https:\/\/inycial.com\/wp-content\/uploads\/2017\/07\/PCI.jpg",1920,1280,false],"post-thumbnail":["https:\/\/inycial.com\/wp-content\/uploads\/2017\/07\/PCI-300x250.jpg",300,250,true],"vega-post-thumbnail-recent":["https:\/\/inycial.com\/wp-content\/uploads\/2017\/07\/PCI-350x220.jpg",350,220,true]},"rttpg_author":{"display_name":"inycial.com","author_link":"https:\/\/inycial.com\/index.php\/author\/inycial-com\/"},"rttpg_comment":0,"rttpg_category":null,"rttpg_excerpt":"Inycia ofrece su experiencia en el dise\u00f1o de instalaciones para la protecci\u00f3n contra incendios en la industria cumpliendo las m\u00e1s exigentes normativas de dise\u00f1o aplicables al sector: UNE-EN, CEPREVEN, NFPA, FM\/UL Sistemas de protecci\u00f3n pasiva de estructuras y equipos Sistemas de extinci\u00f3n mediante agua, rociadores autom\u00e1ticos Sistemas de agua pulverizada Sistemas de agua nebulizada Sistemas&hellip;","_links":{"self":[{"href":"https:\/\/inycial.com\/index.php\/wp-json\/wp\/v2\/pages\/359","targetHints":{"allow":["GET"]}}],"collection":[{"href":"https:\/\/inycial.com\/index.php\/wp-json\/wp\/v2\/pages"}],"about":[{"href":"https:\/\/inycial.com\/index.php\/wp-json\/wp\/v2\/types\/page"}],"author":[{"embeddable":true,"href":"https:\/\/inycial.com\/index.php\/wp-json\/wp\/v2\/users\/1"}],"replies":[{"embeddable":true,"href":"https:\/\/inycial.com\/index.php\/wp-json\/wp\/v2\/comments?post=359"}],"version-history":[{"count":5,"href":"https:\/\/inycial.com\/index.php\/wp-json\/wp\/v2\/pages\/359\/revisions"}],"predecessor-version":[{"id":1101,"href":"https:\/\/inycial.com\/index.php\/wp-json\/wp\/v2\/pages\/359\/revisions\/1101"}],"up":[{"embeddable":true,"href":"https:\/\/inycial.com\/index.php\/wp-json\/wp\/v2\/pages\/569"}],"wp:featuredmedia":[{"embeddable":true,"href":"https:\/\/inycial.com\/index.php\/wp-json\/wp\/v2\/media\/795"}],"wp:attachment":[{"href":"https:\/\/inycial.com\/index.php\/wp-json\/wp\/v2\/media?parent=359"}],"curies":[{"name":"wp","href":"https:\/\/api.w.org\/{rel}","templated":true}]}}