{"id":182,"date":"2017-04-07T13:30:38","date_gmt":"2017-04-07T11:30:38","guid":{"rendered":"http:\/\/inycial.com\/?page_id=182"},"modified":"2022-10-21T21:12:27","modified_gmt":"2022-10-21T19:12:27","slug":"siguenos-en-linkedin","status":"publish","type":"page","link":"https:\/\/inycial.com\/index.php\/siguenos-en-linkedin\/","title":{"rendered":"S\u00edguenos en linkedin"},"content":{"rendered":"<p>S\u00edguenos en la red social para profesionales y ent\u00e9rate de todas las noticias y novedades que <strong><span style=\"color: #3366ff;\"><em>Inycia<\/em><\/span><\/strong>\u00a0tiene para contarte.<\/p>\n<p>Si ya tienes una cuenta en la red social Linkedin solo tienes que acceder a este enlace y seguirnos.<a href=\"https:\/\/www.linkedin.com\/company\/ingenieria-y-consultoria-instalaciones-almacenamiento-s-l-\"><img loading=\"lazy\" decoding=\"async\" class=\"size-full wp-image-291 aligncenter\" src=\"http:\/\/inycial.com\/wp-content\/uploads\/2017\/04\/Linkedin.jpg\" alt=\"\" width=\"199\" height=\"142\" \/><\/a><\/p>\n<p>Si no dispones de una cuenta en Linkedin, primero tienes que crearte una en este enlace:<\/p>\n<p><a href=\"https:\/\/www.linkedin.com\/\" target=\"_blank\" rel=\"noopener\">https:\/\/www.linkedin.com\/<\/a><\/p>\n<p>Despu\u00e9s solo tienes que buscarnos en empresas\u00a0<strong><span dir=\"ltr\">Ingenieros y Consultores de Instalaciones y Almacenamiento, S.L.\u00a0<\/span><\/strong>o pinchar en el link anterior\u00a0que te llevar\u00e1 directamente a nuestra p\u00e1gina en Linkedin.<br \/>\n\u00a1Nos vemos en las redes!<\/p>\n","protected":false},"excerpt":{"rendered":"<p>S\u00edguenos en la red social para profesionales y ent\u00e9rate de todas las noticias y novedades que Inycia\u00a0tiene para contarte. Si ya tienes una cuenta en la red social Linkedin solo tienes que acceder a este enlace y seguirnos. Si no dispones de una cuenta en Linkedin, primero tienes que crearte una en este enlace: https:\/\/www.linkedin.com\/ Despu\u00e9s solo tienes que buscarnos en empresas\u00a0Ingenieros y Consultores de [&hellip;]<\/p>\n","protected":false},"author":1,"featured_media":170,"parent":0,"menu_order":35,"comment_status":"closed","ping_status":"closed","template":"","meta":{"footnotes":""},"class_list":["post-182","page","type-page","status-publish","has-post-thumbnail","hentry"],"yoast_head":"<!-- This site is optimized with the Yoast SEO plugin v27.4 - https:\/\/yoast.com\/product\/yoast-seo-wordpress\/ -->\n<title>S\u00edguenos en linkedin - Inycia Ingenieros y Consultores<\/title>\n<meta name=\"robots\" content=\"index, follow, max-snippet:-1, max-image-preview:large, max-video-preview:-1\" \/>\n<link rel=\"canonical\" href=\"https:\/\/inycial.com\/index.php\/siguenos-en-linkedin\/\" \/>\n<meta property=\"og:locale\" content=\"es_ES\" \/>\n<meta property=\"og:type\" content=\"article\" \/>\n<meta property=\"og:title\" content=\"S\u00edguenos en linkedin - Inycia Ingenieros y Consultores\" \/>\n<meta property=\"og:description\" content=\"S\u00edguenos en la red social para profesionales y ent\u00e9rate de todas las noticias y novedades que Inycia\u00a0tiene para contarte. Si ya tienes una cuenta en la red social Linkedin solo tienes que acceder a este enlace y seguirnos. Si no dispones de una cuenta en Linkedin, primero tienes que crearte una en este enlace: https:\/\/www.linkedin.com\/ Despu\u00e9s solo tienes que buscarnos en empresas\u00a0Ingenieros y Consultores de [&hellip;]\" \/>\n<meta property=\"og:url\" content=\"https:\/\/inycial.com\/index.php\/siguenos-en-linkedin\/\" \/>\n<meta property=\"og:site_name\" content=\"Inycia Ingenieros y Consultores\" \/>\n<meta property=\"article:publisher\" content=\"https:\/\/www.facebook.com\/inycial\/\" \/>\n<meta property=\"article:modified_time\" content=\"2022-10-21T19:12:27+00:00\" \/>\n<meta property=\"og:image\" content=\"https:\/\/inycial.com\/wp-content\/uploads\/2017\/04\/cropped-Banner-Inycia-e1492707803375.jpg\" \/>\n\t<meta property=\"og:image:width\" content=\"1920\" \/>\n\t<meta property=\"og:image:height\" content=\"316\" \/>\n\t<meta property=\"og:image:type\" content=\"image\/jpeg\" \/>\n<meta name=\"twitter:card\" content=\"summary_large_image\" \/>\n<meta name=\"twitter:site\" content=\"@inycial\" \/>\n<script type=\"application\/ld+json\" class=\"yoast-schema-graph\">{\"@context\":\"https:\\\/\\\/schema.org\",\"@graph\":[{\"@type\":\"WebPage\",\"@id\":\"https:\\\/\\\/inycial.com\\\/index.php\\\/siguenos-en-linkedin\\\/\",\"url\":\"https:\\\/\\\/inycial.com\\\/index.php\\\/siguenos-en-linkedin\\\/\",\"name\":\"S\u00edguenos en linkedin - Inycia Ingenieros y Consultores\",\"isPartOf\":{\"@id\":\"https:\\\/\\\/inycial.com\\\/#website\"},\"primaryImageOfPage\":{\"@id\":\"https:\\\/\\\/inycial.com\\\/index.php\\\/siguenos-en-linkedin\\\/#primaryimage\"},\"image\":{\"@id\":\"https:\\\/\\\/inycial.com\\\/index.php\\\/siguenos-en-linkedin\\\/#primaryimage\"},\"thumbnailUrl\":\"https:\\\/\\\/inycial.com\\\/wp-content\\\/uploads\\\/2017\\\/04\\\/cropped-Banner-Inycia-e1492707803375.jpg\",\"datePublished\":\"2017-04-07T11:30:38+00:00\",\"dateModified\":\"2022-10-21T19:12:27+00:00\",\"breadcrumb\":{\"@id\":\"https:\\\/\\\/inycial.com\\\/index.php\\\/siguenos-en-linkedin\\\/#breadcrumb\"},\"inLanguage\":\"es\",\"potentialAction\":[{\"@type\":\"ReadAction\",\"target\":[\"https:\\\/\\\/inycial.com\\\/index.php\\\/siguenos-en-linkedin\\\/\"]}]},{\"@type\":\"ImageObject\",\"inLanguage\":\"es\",\"@id\":\"https:\\\/\\\/inycial.com\\\/index.php\\\/siguenos-en-linkedin\\\/#primaryimage\",\"url\":\"https:\\\/\\\/inycial.com\\\/wp-content\\\/uploads\\\/2017\\\/04\\\/cropped-Banner-Inycia-e1492707803375.jpg\",\"contentUrl\":\"https:\\\/\\\/inycial.com\\\/wp-content\\\/uploads\\\/2017\\\/04\\\/cropped-Banner-Inycia-e1492707803375.jpg\",\"width\":1920,\"height\":316},{\"@type\":\"BreadcrumbList\",\"@id\":\"https:\\\/\\\/inycial.com\\\/index.php\\\/siguenos-en-linkedin\\\/#breadcrumb\",\"itemListElement\":[{\"@type\":\"ListItem\",\"position\":1,\"name\":\"Portada\",\"item\":\"https:\\\/\\\/inycial.com\\\/\"},{\"@type\":\"ListItem\",\"position\":2,\"name\":\"S\u00edguenos en linkedin\"}]},{\"@type\":\"WebSite\",\"@id\":\"https:\\\/\\\/inycial.com\\\/#website\",\"url\":\"https:\\\/\\\/inycial.com\\\/\",\"name\":\"Inycia Ingenieros y Consultores\",\"description\":\"Ingenier\u00eda y Consultor\u00eda instalaciones industriales y seguridad industrial\",\"publisher\":{\"@id\":\"https:\\\/\\\/inycial.com\\\/#organization\"},\"potentialAction\":[{\"@type\":\"SearchAction\",\"target\":{\"@type\":\"EntryPoint\",\"urlTemplate\":\"https:\\\/\\\/inycial.com\\\/?s={search_term_string}\"},\"query-input\":{\"@type\":\"PropertyValueSpecification\",\"valueRequired\":true,\"valueName\":\"search_term_string\"}}],\"inLanguage\":\"es\"},{\"@type\":\"Organization\",\"@id\":\"https:\\\/\\\/inycial.com\\\/#organization\",\"name\":\"Inycia Ingenieros y Consultores\",\"url\":\"https:\\\/\\\/inycial.com\\\/\",\"logo\":{\"@type\":\"ImageObject\",\"inLanguage\":\"es\",\"@id\":\"https:\\\/\\\/inycial.com\\\/#\\\/schema\\\/logo\\\/image\\\/\",\"url\":\"https:\\\/\\\/inycial.com\\\/wp-content\\\/uploads\\\/2017\\\/03\\\/Logo-e1490218059466.jpg\",\"contentUrl\":\"https:\\\/\\\/inycial.com\\\/wp-content\\\/uploads\\\/2017\\\/03\\\/Logo-e1490218059466.jpg\",\"width\":165,\"height\":41,\"caption\":\"Inycia Ingenieros y Consultores\"},\"image\":{\"@id\":\"https:\\\/\\\/inycial.com\\\/#\\\/schema\\\/logo\\\/image\\\/\"},\"sameAs\":[\"https:\\\/\\\/www.facebook.com\\\/inycial\\\/\",\"https:\\\/\\\/x.com\\\/inycial\",\"https:\\\/\\\/www.linkedin.com\\\/company\\\/ingenieria-y-consultoria-instalaciones-almacenamiento-s-l-\",\"https:\\\/\\\/www.pinterest.es\\\/inycial\\\/\"]}]}<\/script>\n<!-- \/ Yoast SEO plugin. -->","yoast_head_json":{"title":"S\u00edguenos en linkedin - Inycia Ingenieros y Consultores","robots":{"index":"index","follow":"follow","max-snippet":"max-snippet:-1","max-image-preview":"max-image-preview:large","max-video-preview":"max-video-preview:-1"},"canonical":"https:\/\/inycial.com\/index.php\/siguenos-en-linkedin\/","og_locale":"es_ES","og_type":"article","og_title":"S\u00edguenos en linkedin - Inycia Ingenieros y Consultores","og_description":"S\u00edguenos en la red social para profesionales y ent\u00e9rate de todas las noticias y novedades que Inycia\u00a0tiene para contarte. Si ya tienes una cuenta en la red social Linkedin solo tienes que acceder a este enlace y seguirnos. Si no dispones de una cuenta en Linkedin, primero tienes que crearte una en este enlace: https:\/\/www.linkedin.com\/ Despu\u00e9s solo tienes que buscarnos en empresas\u00a0Ingenieros y Consultores de [&hellip;]","og_url":"https:\/\/inycial.com\/index.php\/siguenos-en-linkedin\/","og_site_name":"Inycia Ingenieros y Consultores","article_publisher":"https:\/\/www.facebook.com\/inycial\/","article_modified_time":"2022-10-21T19:12:27+00:00","og_image":[{"width":1920,"height":316,"url":"https:\/\/inycial.com\/wp-content\/uploads\/2017\/04\/cropped-Banner-Inycia-e1492707803375.jpg","type":"image\/jpeg"}],"twitter_card":"summary_large_image","twitter_site":"@inycial","schema":{"@context":"https:\/\/schema.org","@graph":[{"@type":"WebPage","@id":"https:\/\/inycial.com\/index.php\/siguenos-en-linkedin\/","url":"https:\/\/inycial.com\/index.php\/siguenos-en-linkedin\/","name":"S\u00edguenos en linkedin - Inycia Ingenieros y Consultores","isPartOf":{"@id":"https:\/\/inycial.com\/#website"},"primaryImageOfPage":{"@id":"https:\/\/inycial.com\/index.php\/siguenos-en-linkedin\/#primaryimage"},"image":{"@id":"https:\/\/inycial.com\/index.php\/siguenos-en-linkedin\/#primaryimage"},"thumbnailUrl":"https:\/\/inycial.com\/wp-content\/uploads\/2017\/04\/cropped-Banner-Inycia-e1492707803375.jpg","datePublished":"2017-04-07T11:30:38+00:00","dateModified":"2022-10-21T19:12:27+00:00","breadcrumb":{"@id":"https:\/\/inycial.com\/index.php\/siguenos-en-linkedin\/#breadcrumb"},"inLanguage":"es","potentialAction":[{"@type":"ReadAction","target":["https:\/\/inycial.com\/index.php\/siguenos-en-linkedin\/"]}]},{"@type":"ImageObject","inLanguage":"es","@id":"https:\/\/inycial.com\/index.php\/siguenos-en-linkedin\/#primaryimage","url":"https:\/\/inycial.com\/wp-content\/uploads\/2017\/04\/cropped-Banner-Inycia-e1492707803375.jpg","contentUrl":"https:\/\/inycial.com\/wp-content\/uploads\/2017\/04\/cropped-Banner-Inycia-e1492707803375.jpg","width":1920,"height":316},{"@type":"BreadcrumbList","@id":"https:\/\/inycial.com\/index.php\/siguenos-en-linkedin\/#breadcrumb","itemListElement":[{"@type":"ListItem","position":1,"name":"Portada","item":"https:\/\/inycial.com\/"},{"@type":"ListItem","position":2,"name":"S\u00edguenos en linkedin"}]},{"@type":"WebSite","@id":"https:\/\/inycial.com\/#website","url":"https:\/\/inycial.com\/","name":"Inycia Ingenieros y Consultores","description":"Ingenier\u00eda y Consultor\u00eda instalaciones industriales y seguridad industrial","publisher":{"@id":"https:\/\/inycial.com\/#organization"},"potentialAction":[{"@type":"SearchAction","target":{"@type":"EntryPoint","urlTemplate":"https:\/\/inycial.com\/?s={search_term_string}"},"query-input":{"@type":"PropertyValueSpecification","valueRequired":true,"valueName":"search_term_string"}}],"inLanguage":"es"},{"@type":"Organization","@id":"https:\/\/inycial.com\/#organization","name":"Inycia Ingenieros y Consultores","url":"https:\/\/inycial.com\/","logo":{"@type":"ImageObject","inLanguage":"es","@id":"https:\/\/inycial.com\/#\/schema\/logo\/image\/","url":"https:\/\/inycial.com\/wp-content\/uploads\/2017\/03\/Logo-e1490218059466.jpg","contentUrl":"https:\/\/inycial.com\/wp-content\/uploads\/2017\/03\/Logo-e1490218059466.jpg","width":165,"height":41,"caption":"Inycia Ingenieros y Consultores"},"image":{"@id":"https:\/\/inycial.com\/#\/schema\/logo\/image\/"},"sameAs":["https:\/\/www.facebook.com\/inycial\/","https:\/\/x.com\/inycial","https:\/\/www.linkedin.com\/company\/ingenieria-y-consultoria-instalaciones-almacenamiento-s-l-","https:\/\/www.pinterest.es\/inycial\/"]}]}},"rttpg_featured_image_url":{"full":["https:\/\/inycial.com\/wp-content\/uploads\/2017\/04\/cropped-Banner-Inycia-e1492707803375.jpg",1920,316,false],"landscape":["https:\/\/inycial.com\/wp-content\/uploads\/2017\/04\/cropped-Banner-Inycia-e1492707803375.jpg",1920,316,false],"portraits":["https:\/\/inycial.com\/wp-content\/uploads\/2017\/04\/cropped-Banner-Inycia-e1492707803375.jpg",1920,316,false],"thumbnail":["https:\/\/inycial.com\/wp-content\/uploads\/2017\/04\/cropped-Banner-Inycia-e1492707803375-150x150.jpg",150,150,true],"medium":["https:\/\/inycial.com\/wp-content\/uploads\/2017\/04\/cropped-Banner-Inycia-e1492707803375-300x49.jpg",300,49,true],"large":["https:\/\/inycial.com\/wp-content\/uploads\/2017\/04\/cropped-Banner-Inycia-e1492707803375-1024x169.jpg",1024,169,true],"1536x1536":["https:\/\/inycial.com\/wp-content\/uploads\/2017\/04\/cropped-Banner-Inycia-e1492707803375.jpg",1536,253,false],"2048x2048":["https:\/\/inycial.com\/wp-content\/uploads\/2017\/04\/cropped-Banner-Inycia-e1492707803375.jpg",1920,316,false],"post-thumbnail":["https:\/\/inycial.com\/wp-content\/uploads\/2017\/04\/cropped-Banner-Inycia-e1492707803375-300x250.jpg",300,250,true],"vega-post-thumbnail-recent":["https:\/\/inycial.com\/wp-content\/uploads\/2017\/04\/cropped-Banner-Inycia-e1492707803375-350x220.jpg",350,220,true]},"rttpg_author":{"display_name":"inycial.com","author_link":"https:\/\/inycial.com\/index.php\/author\/inycial-com\/"},"rttpg_comment":0,"rttpg_category":null,"rttpg_excerpt":"S\u00edguenos en la red social para profesionales y ent\u00e9rate de todas las noticias y novedades que Inycia\u00a0tiene para contarte. Si ya tienes una cuenta en la red social Linkedin solo tienes que acceder a este enlace y seguirnos. Si no dispones de una cuenta en Linkedin, primero tienes que crearte una en este enlace: https:\/\/www.linkedin.com\/&hellip;","_links":{"self":[{"href":"https:\/\/inycial.com\/index.php\/wp-json\/wp\/v2\/pages\/182","targetHints":{"allow":["GET"]}}],"collection":[{"href":"https:\/\/inycial.com\/index.php\/wp-json\/wp\/v2\/pages"}],"about":[{"href":"https:\/\/inycial.com\/index.php\/wp-json\/wp\/v2\/types\/page"}],"author":[{"embeddable":true,"href":"https:\/\/inycial.com\/index.php\/wp-json\/wp\/v2\/users\/1"}],"replies":[{"embeddable":true,"href":"https:\/\/inycial.com\/index.php\/wp-json\/wp\/v2\/comments?post=182"}],"version-history":[{"count":7,"href":"https:\/\/inycial.com\/index.php\/wp-json\/wp\/v2\/pages\/182\/revisions"}],"predecessor-version":[{"id":1224,"href":"https:\/\/inycial.com\/index.php\/wp-json\/wp\/v2\/pages\/182\/revisions\/1224"}],"wp:featuredmedia":[{"embeddable":true,"href":"https:\/\/inycial.com\/index.php\/wp-json\/wp\/v2\/media\/170"}],"wp:attachment":[{"href":"https:\/\/inycial.com\/index.php\/wp-json\/wp\/v2\/media?parent=182"}],"curies":[{"name":"wp","href":"https:\/\/api.w.org\/{rel}","templated":true}]}}