{"id":1307,"date":"2021-11-10T13:48:07","date_gmt":"2021-11-10T11:48:07","guid":{"rendered":"https:\/\/inycial.com\/?page_id=1307"},"modified":"2023-03-15T11:14:52","modified_gmt":"2023-03-15T09:14:52","slug":"consultoria-industrial","status":"publish","type":"page","link":"https:\/\/inycial.com\/index.php\/inycia-ingenieros-y-consultores\/servicios\/consultoria-industrial\/","title":{"rendered":"CONSULTORIA INDUSTRIAL"},"content":{"rendered":"\n<figure class=\"wp-block-image\"><img loading=\"lazy\" decoding=\"async\" width=\"278\" height=\"179\" src=\"http:\/\/inycial.com\/wp-content\/uploads\/2017\/04\/Solutions.jpg\" alt=\"\" class=\"wp-image-242\"\/><\/figure>\n\n\n\n<p class=\"has-large-font-size\">Consultor\u00eda Industrial:<\/p>\n\n\n\n<p class=\"has-medium-font-size\"><li><a href=\"https:\/\/inycial.com\/index.php\/inycia-ingenieros-y-consultores\/servicios\/consultoria-industrial\/seguridad-industrial\/\" rel=\"nofollow\"><strong>Consultoria en Seguridad Industrial<\/strong><\/a><\/li><\/p>\n\n\n\n<p class=\"has-black-color has-white-background-color has-text-color has-background\">La <strong>Seguridad Industrial<\/strong> es el sistema de disposiciones obligatorias que tienen por objeto la prevenci\u00f3n y limitaci\u00f3n de riesgos, as\u00ed como la protecci\u00f3n contra accidentes capaces de producir da\u00f1os a las personas, a los bienes o al medio ambiente derivados de la actividad industrial o de la utilizaci\u00f3n, funcionamiento y mantenimiento de las instalaciones o equipos y de la producci\u00f3n, uso o consumo, almacenamiento o deshecho de los productos industriales.<\/p>\n\n\n\n<p class=\"has-medium-font-size\"><li><a href=\"https:\/\/inycial.com\/index.php\/inycia-ingenieros-y-consultores\/servicios\/consultoria-industrial\/estudios-ambientales\/\"><strong>Consultoria medioambiental<\/strong><\/a><\/li><\/p>\n\n\n\n<p class=\"has-black-color has-white-background-color has-text-color has-background\">La <strong>Consultor\u00eda Medioambiental <\/strong>es la especialidad que se centra en el asesoramiento y tr\u00e1mites administrativos que giran en torno a la recogida, tratamiento y reutilizaci\u00f3n-reciclaje de residuos, la contaminaci\u00f3n del aire, la pol\u00edtica ambiental adoptada por una industria, la evaluaci\u00f3n del impacto ambiental de nuevos proyectos, el nivel de eficiencia energ\u00e9tica a alcanzar o la gesti\u00f3n ambiental de la organizaci\u00f3n.<\/p>\n\n\n\n<p class=\"has-medium-font-size\"><li><strong>Prevenci\u00f3n de riesgos laborales<\/strong><\/li><\/p>\n\n\n\n<p class=\"has-black-color has-white-background-color has-text-color has-background\"><strong><em>Inycia<\/em><\/strong> proporciona un servicio integral, tanto en asesoramiento como en ejecuci\u00f3n, para que las empresas puedan cumplir con las exigencias establecidas en el R.D. 1627\/1997, del 24 de octubre, por el que se aprueba las disposiciones m\u00ednimas de seguridad y de salud en las obras de construcci\u00f3n.<\/p>\n\n\n\n<p class=\"has-black-color has-white-background-color has-text-color has-background\">Para el cumplimento del las obligaciones establecidas en el RD 1627\/1997, sobre Obras de Construcci\u00f3n, para todos los sujetos intervinientes, tales como, promotor, proyectista, contratista, subcontratista, trabajador aut\u00f3nomo, coordinador en materia de seguridad o el recurso preventivo de los contratistas, tanto para las obras con o <strong><a href=\"https:\/\/josemiguelda.wordpress.com\/2017\/07\/10\/seguridad-en-obras-sin-proyecto\/\" target=\"_blank\" rel=\"noreferrer noopener\">sin proyecto t\u00e9cnico<\/a><\/strong>, <em><strong>Inycia<\/strong><\/em> dispone de personal especializado para el asesoramiento, elaboraci\u00f3n de documentaci\u00f3n y puesta a disposici\u00f3n de t\u00e9cnicos para las diferentes actividades.<\/p>\n\n\n\n<p class=\"has-medium-font-size\"><li><a href=\"https:\/\/inycial.com\/index.php\/inycia-ingenieros-y-consultores\/servicios\/consultoria-industrial\/peritajes-industriales\/\"><strong>Peritajes t\u00e9cnicos industriales<\/strong><\/a> <\/li><\/p>\n\n\n\n<p class=\"has-black-color has-white-background-color has-text-color has-background\">Su objetivo es valorar y dictaminar sobre el incumplimiento contractual de trabajos t\u00e9cnicos, producciones industriales defectivas, construcciones e instalaciones realizadas incorrectamente.<\/p>\n\n\n\n<p class=\"has-black-color has-white-background-color has-text-color has-background\">Esta especialidad es especialmente necesaria en demandas relacionadas con accidentes y seguridad en la industria, ya que se encargan de revisar, acreditar y certificar evidencias dentro del \u00e1mbito t\u00e9cnico industrial para que estas y su testimonio, puedan ser usadas como pruebas ante un tribunal.<\/p>\n\n\n\n<p class=\"has-medium-font-size\"><a href=\"https:\/\/inycial.com\/index.php\/2021\/10\/31\/presentacion-inycia\/\"><strong>Presentaci\u00f3n general <\/strong>de<span style=\"color: #0000ff;\"><em><strong> Inycia<\/strong><\/em><\/span><\/a><\/p>\n","protected":false},"excerpt":{"rendered":"<p>Consultor\u00eda Industrial: Consultoria en Seguridad Industrial La Seguridad Industrial es el sistema de disposiciones obligatorias que tienen por objeto la prevenci\u00f3n y limitaci\u00f3n de riesgos, as\u00ed como la protecci\u00f3n contra accidentes capaces de producir da\u00f1os a las personas, a los bienes o al medio ambiente derivados de la actividad industrial o de la utilizaci\u00f3n, funcionamiento y mantenimiento de las instalaciones o equipos y de la [&hellip;]<\/p>\n","protected":false},"author":1,"featured_media":1197,"parent":179,"menu_order":20,"comment_status":"closed","ping_status":"closed","template":"","meta":{"footnotes":""},"class_list":["post-1307","page","type-page","status-publish","has-post-thumbnail","hentry"],"yoast_head":"<!-- This site is optimized with the Yoast SEO plugin v27.4 - https:\/\/yoast.com\/product\/yoast-seo-wordpress\/ -->\n<title>CONSULTORIA INDUSTRIAL - Inycia Ingenieros y Consultores<\/title>\n<meta name=\"description\" content=\"Servicios de consultor\u00eda industrial en Seguridad, Medioambiente, Prevenci\u00f3n de riesgos laborales, Peritajes judiciales\" \/>\n<meta name=\"robots\" content=\"index, follow, max-snippet:-1, max-image-preview:large, max-video-preview:-1\" \/>\n<link rel=\"canonical\" href=\"https:\/\/inycial.com\/index.php\/inycia-ingenieros-y-consultores\/servicios\/consultoria-industrial\/\" \/>\n<meta property=\"og:locale\" content=\"es_ES\" \/>\n<meta property=\"og:type\" content=\"article\" \/>\n<meta property=\"og:title\" content=\"CONSULTORIA INDUSTRIAL - Inycia Ingenieros y Consultores\" \/>\n<meta property=\"og:description\" content=\"Servicios de consultor\u00eda industrial en Seguridad, Medioambiente, Prevenci\u00f3n de riesgos laborales, Peritajes judiciales\" \/>\n<meta property=\"og:url\" content=\"https:\/\/inycial.com\/index.php\/inycia-ingenieros-y-consultores\/servicios\/consultoria-industrial\/\" \/>\n<meta property=\"og:site_name\" content=\"Inycia Ingenieros y Consultores\" \/>\n<meta property=\"article:publisher\" content=\"https:\/\/www.facebook.com\/inycial\/\" \/>\n<meta property=\"article:modified_time\" content=\"2023-03-15T09:14:52+00:00\" \/>\n<meta property=\"og:image\" content=\"https:\/\/inycial.com\/wp-content\/uploads\/2021\/11\/Banner-post_Ingenieria-Industrial.png\" \/>\n\t<meta property=\"og:image:width\" content=\"6912\" \/>\n\t<meta property=\"og:image:height\" content=\"3456\" \/>\n\t<meta property=\"og:image:type\" content=\"image\/png\" \/>\n<meta name=\"twitter:card\" content=\"summary_large_image\" \/>\n<meta name=\"twitter:site\" content=\"@inycial\" \/>\n<meta name=\"twitter:label1\" content=\"Tiempo de lectura\" \/>\n\t<meta name=\"twitter:data1\" content=\"2 minutos\" \/>\n<script type=\"application\/ld+json\" class=\"yoast-schema-graph\">{\"@context\":\"https:\\\/\\\/schema.org\",\"@graph\":[{\"@type\":\"WebPage\",\"@id\":\"https:\\\/\\\/inycial.com\\\/index.php\\\/inycia-ingenieros-y-consultores\\\/servicios\\\/consultoria-industrial\\\/\",\"url\":\"https:\\\/\\\/inycial.com\\\/index.php\\\/inycia-ingenieros-y-consultores\\\/servicios\\\/consultoria-industrial\\\/\",\"name\":\"CONSULTORIA INDUSTRIAL - Inycia Ingenieros y Consultores\",\"isPartOf\":{\"@id\":\"https:\\\/\\\/inycial.com\\\/#website\"},\"primaryImageOfPage\":{\"@id\":\"https:\\\/\\\/inycial.com\\\/index.php\\\/inycia-ingenieros-y-consultores\\\/servicios\\\/consultoria-industrial\\\/#primaryimage\"},\"image\":{\"@id\":\"https:\\\/\\\/inycial.com\\\/index.php\\\/inycia-ingenieros-y-consultores\\\/servicios\\\/consultoria-industrial\\\/#primaryimage\"},\"thumbnailUrl\":\"https:\\\/\\\/inycial.com\\\/wp-content\\\/uploads\\\/2021\\\/11\\\/Banner-post_Ingenieria-Industrial.png\",\"datePublished\":\"2021-11-10T11:48:07+00:00\",\"dateModified\":\"2023-03-15T09:14:52+00:00\",\"description\":\"Servicios de consultor\u00eda industrial en Seguridad, Medioambiente, Prevenci\u00f3n de riesgos laborales, Peritajes judiciales\",\"breadcrumb\":{\"@id\":\"https:\\\/\\\/inycial.com\\\/index.php\\\/inycia-ingenieros-y-consultores\\\/servicios\\\/consultoria-industrial\\\/#breadcrumb\"},\"inLanguage\":\"es\",\"potentialAction\":[{\"@type\":\"ReadAction\",\"target\":[\"https:\\\/\\\/inycial.com\\\/index.php\\\/inycia-ingenieros-y-consultores\\\/servicios\\\/consultoria-industrial\\\/\"]}]},{\"@type\":\"ImageObject\",\"inLanguage\":\"es\",\"@id\":\"https:\\\/\\\/inycial.com\\\/index.php\\\/inycia-ingenieros-y-consultores\\\/servicios\\\/consultoria-industrial\\\/#primaryimage\",\"url\":\"https:\\\/\\\/inycial.com\\\/wp-content\\\/uploads\\\/2021\\\/11\\\/Banner-post_Ingenieria-Industrial.png\",\"contentUrl\":\"https:\\\/\\\/inycial.com\\\/wp-content\\\/uploads\\\/2021\\\/11\\\/Banner-post_Ingenieria-Industrial.png\",\"width\":6912,\"height\":3456},{\"@type\":\"BreadcrumbList\",\"@id\":\"https:\\\/\\\/inycial.com\\\/index.php\\\/inycia-ingenieros-y-consultores\\\/servicios\\\/consultoria-industrial\\\/#breadcrumb\",\"itemListElement\":[{\"@type\":\"ListItem\",\"position\":1,\"name\":\"Portada\",\"item\":\"https:\\\/\\\/inycial.com\\\/\"},{\"@type\":\"ListItem\",\"position\":2,\"name\":\"Inycia Ingenieros y Consultores\",\"item\":\"https:\\\/\\\/inycial.com\\\/\"},{\"@type\":\"ListItem\",\"position\":3,\"name\":\"SERVICIOS\",\"item\":\"https:\\\/\\\/inycial.com\\\/index.php\\\/inycia-ingenieros-y-consultores\\\/servicios\\\/\"},{\"@type\":\"ListItem\",\"position\":4,\"name\":\"CONSULTORIA INDUSTRIAL\"}]},{\"@type\":\"WebSite\",\"@id\":\"https:\\\/\\\/inycial.com\\\/#website\",\"url\":\"https:\\\/\\\/inycial.com\\\/\",\"name\":\"Inycia Ingenieros y Consultores\",\"description\":\"Ingenier\u00eda y Consultor\u00eda instalaciones industriales y seguridad industrial\",\"publisher\":{\"@id\":\"https:\\\/\\\/inycial.com\\\/#organization\"},\"potentialAction\":[{\"@type\":\"SearchAction\",\"target\":{\"@type\":\"EntryPoint\",\"urlTemplate\":\"https:\\\/\\\/inycial.com\\\/?s={search_term_string}\"},\"query-input\":{\"@type\":\"PropertyValueSpecification\",\"valueRequired\":true,\"valueName\":\"search_term_string\"}}],\"inLanguage\":\"es\"},{\"@type\":\"Organization\",\"@id\":\"https:\\\/\\\/inycial.com\\\/#organization\",\"name\":\"Inycia Ingenieros y Consultores\",\"url\":\"https:\\\/\\\/inycial.com\\\/\",\"logo\":{\"@type\":\"ImageObject\",\"inLanguage\":\"es\",\"@id\":\"https:\\\/\\\/inycial.com\\\/#\\\/schema\\\/logo\\\/image\\\/\",\"url\":\"https:\\\/\\\/inycial.com\\\/wp-content\\\/uploads\\\/2017\\\/03\\\/Logo-e1490218059466.jpg\",\"contentUrl\":\"https:\\\/\\\/inycial.com\\\/wp-content\\\/uploads\\\/2017\\\/03\\\/Logo-e1490218059466.jpg\",\"width\":165,\"height\":41,\"caption\":\"Inycia Ingenieros y Consultores\"},\"image\":{\"@id\":\"https:\\\/\\\/inycial.com\\\/#\\\/schema\\\/logo\\\/image\\\/\"},\"sameAs\":[\"https:\\\/\\\/www.facebook.com\\\/inycial\\\/\",\"https:\\\/\\\/x.com\\\/inycial\",\"https:\\\/\\\/www.linkedin.com\\\/company\\\/ingenieria-y-consultoria-instalaciones-almacenamiento-s-l-\",\"https:\\\/\\\/www.pinterest.es\\\/inycial\\\/\"]}]}<\/script>\n<!-- \/ Yoast SEO plugin. -->","yoast_head_json":{"title":"CONSULTORIA INDUSTRIAL - Inycia Ingenieros y Consultores","description":"Servicios de consultor\u00eda industrial en Seguridad, Medioambiente, Prevenci\u00f3n de riesgos laborales, Peritajes judiciales","robots":{"index":"index","follow":"follow","max-snippet":"max-snippet:-1","max-image-preview":"max-image-preview:large","max-video-preview":"max-video-preview:-1"},"canonical":"https:\/\/inycial.com\/index.php\/inycia-ingenieros-y-consultores\/servicios\/consultoria-industrial\/","og_locale":"es_ES","og_type":"article","og_title":"CONSULTORIA INDUSTRIAL - Inycia Ingenieros y Consultores","og_description":"Servicios de consultor\u00eda industrial en Seguridad, Medioambiente, Prevenci\u00f3n de riesgos laborales, Peritajes judiciales","og_url":"https:\/\/inycial.com\/index.php\/inycia-ingenieros-y-consultores\/servicios\/consultoria-industrial\/","og_site_name":"Inycia Ingenieros y Consultores","article_publisher":"https:\/\/www.facebook.com\/inycial\/","article_modified_time":"2023-03-15T09:14:52+00:00","og_image":[{"width":6912,"height":3456,"url":"https:\/\/inycial.com\/wp-content\/uploads\/2021\/11\/Banner-post_Ingenieria-Industrial.png","type":"image\/png"}],"twitter_card":"summary_large_image","twitter_site":"@inycial","twitter_misc":{"Tiempo de lectura":"2 minutos"},"schema":{"@context":"https:\/\/schema.org","@graph":[{"@type":"WebPage","@id":"https:\/\/inycial.com\/index.php\/inycia-ingenieros-y-consultores\/servicios\/consultoria-industrial\/","url":"https:\/\/inycial.com\/index.php\/inycia-ingenieros-y-consultores\/servicios\/consultoria-industrial\/","name":"CONSULTORIA INDUSTRIAL - Inycia Ingenieros y Consultores","isPartOf":{"@id":"https:\/\/inycial.com\/#website"},"primaryImageOfPage":{"@id":"https:\/\/inycial.com\/index.php\/inycia-ingenieros-y-consultores\/servicios\/consultoria-industrial\/#primaryimage"},"image":{"@id":"https:\/\/inycial.com\/index.php\/inycia-ingenieros-y-consultores\/servicios\/consultoria-industrial\/#primaryimage"},"thumbnailUrl":"https:\/\/inycial.com\/wp-content\/uploads\/2021\/11\/Banner-post_Ingenieria-Industrial.png","datePublished":"2021-11-10T11:48:07+00:00","dateModified":"2023-03-15T09:14:52+00:00","description":"Servicios de consultor\u00eda industrial en Seguridad, Medioambiente, Prevenci\u00f3n de riesgos laborales, Peritajes judiciales","breadcrumb":{"@id":"https:\/\/inycial.com\/index.php\/inycia-ingenieros-y-consultores\/servicios\/consultoria-industrial\/#breadcrumb"},"inLanguage":"es","potentialAction":[{"@type":"ReadAction","target":["https:\/\/inycial.com\/index.php\/inycia-ingenieros-y-consultores\/servicios\/consultoria-industrial\/"]}]},{"@type":"ImageObject","inLanguage":"es","@id":"https:\/\/inycial.com\/index.php\/inycia-ingenieros-y-consultores\/servicios\/consultoria-industrial\/#primaryimage","url":"https:\/\/inycial.com\/wp-content\/uploads\/2021\/11\/Banner-post_Ingenieria-Industrial.png","contentUrl":"https:\/\/inycial.com\/wp-content\/uploads\/2021\/11\/Banner-post_Ingenieria-Industrial.png","width":6912,"height":3456},{"@type":"BreadcrumbList","@id":"https:\/\/inycial.com\/index.php\/inycia-ingenieros-y-consultores\/servicios\/consultoria-industrial\/#breadcrumb","itemListElement":[{"@type":"ListItem","position":1,"name":"Portada","item":"https:\/\/inycial.com\/"},{"@type":"ListItem","position":2,"name":"Inycia Ingenieros y Consultores","item":"https:\/\/inycial.com\/"},{"@type":"ListItem","position":3,"name":"SERVICIOS","item":"https:\/\/inycial.com\/index.php\/inycia-ingenieros-y-consultores\/servicios\/"},{"@type":"ListItem","position":4,"name":"CONSULTORIA INDUSTRIAL"}]},{"@type":"WebSite","@id":"https:\/\/inycial.com\/#website","url":"https:\/\/inycial.com\/","name":"Inycia Ingenieros y Consultores","description":"Ingenier\u00eda y Consultor\u00eda instalaciones industriales y seguridad industrial","publisher":{"@id":"https:\/\/inycial.com\/#organization"},"potentialAction":[{"@type":"SearchAction","target":{"@type":"EntryPoint","urlTemplate":"https:\/\/inycial.com\/?s={search_term_string}"},"query-input":{"@type":"PropertyValueSpecification","valueRequired":true,"valueName":"search_term_string"}}],"inLanguage":"es"},{"@type":"Organization","@id":"https:\/\/inycial.com\/#organization","name":"Inycia Ingenieros y Consultores","url":"https:\/\/inycial.com\/","logo":{"@type":"ImageObject","inLanguage":"es","@id":"https:\/\/inycial.com\/#\/schema\/logo\/image\/","url":"https:\/\/inycial.com\/wp-content\/uploads\/2017\/03\/Logo-e1490218059466.jpg","contentUrl":"https:\/\/inycial.com\/wp-content\/uploads\/2017\/03\/Logo-e1490218059466.jpg","width":165,"height":41,"caption":"Inycia Ingenieros y Consultores"},"image":{"@id":"https:\/\/inycial.com\/#\/schema\/logo\/image\/"},"sameAs":["https:\/\/www.facebook.com\/inycial\/","https:\/\/x.com\/inycial","https:\/\/www.linkedin.com\/company\/ingenieria-y-consultoria-instalaciones-almacenamiento-s-l-","https:\/\/www.pinterest.es\/inycial\/"]}]}},"rttpg_featured_image_url":{"full":["https:\/\/inycial.com\/wp-content\/uploads\/2021\/11\/Banner-post_Ingenieria-Industrial.png",6912,3456,false],"landscape":["https:\/\/inycial.com\/wp-content\/uploads\/2021\/11\/Banner-post_Ingenieria-Industrial.png",6912,3456,false],"portraits":["https:\/\/inycial.com\/wp-content\/uploads\/2021\/11\/Banner-post_Ingenieria-Industrial.png",6912,3456,false],"thumbnail":["https:\/\/inycial.com\/wp-content\/uploads\/2021\/11\/Banner-post_Ingenieria-Industrial-150x150.png",150,150,true],"medium":["https:\/\/inycial.com\/wp-content\/uploads\/2021\/11\/Banner-post_Ingenieria-Industrial-300x150.png",300,150,true],"large":["https:\/\/inycial.com\/wp-content\/uploads\/2021\/11\/Banner-post_Ingenieria-Industrial-1024x512.png",1024,512,true],"1536x1536":["https:\/\/inycial.com\/wp-content\/uploads\/2021\/11\/Banner-post_Ingenieria-Industrial-1536x768.png",1536,768,true],"2048x2048":["https:\/\/inycial.com\/wp-content\/uploads\/2021\/11\/Banner-post_Ingenieria-Industrial-2048x1024.png",2048,1024,true],"post-thumbnail":["https:\/\/inycial.com\/wp-content\/uploads\/2021\/11\/Banner-post_Ingenieria-Industrial-300x250.png",300,250,true],"vega-post-thumbnail-recent":["https:\/\/inycial.com\/wp-content\/uploads\/2021\/11\/Banner-post_Ingenieria-Industrial-350x220.png",350,220,true]},"rttpg_author":{"display_name":"inycial.com","author_link":"https:\/\/inycial.com\/index.php\/author\/inycial-com\/"},"rttpg_comment":0,"rttpg_category":null,"rttpg_excerpt":"Consultor\u00eda Industrial: Consultoria en Seguridad Industrial La Seguridad Industrial es el sistema de disposiciones obligatorias que tienen por objeto la prevenci\u00f3n y limitaci\u00f3n de riesgos, as\u00ed como la protecci\u00f3n contra accidentes capaces de producir da\u00f1os a las personas, a los bienes o al medio ambiente derivados de la actividad industrial o de la utilizaci\u00f3n, funcionamiento&hellip;","_links":{"self":[{"href":"https:\/\/inycial.com\/index.php\/wp-json\/wp\/v2\/pages\/1307","targetHints":{"allow":["GET"]}}],"collection":[{"href":"https:\/\/inycial.com\/index.php\/wp-json\/wp\/v2\/pages"}],"about":[{"href":"https:\/\/inycial.com\/index.php\/wp-json\/wp\/v2\/types\/page"}],"author":[{"embeddable":true,"href":"https:\/\/inycial.com\/index.php\/wp-json\/wp\/v2\/users\/1"}],"replies":[{"embeddable":true,"href":"https:\/\/inycial.com\/index.php\/wp-json\/wp\/v2\/comments?post=1307"}],"version-history":[{"count":10,"href":"https:\/\/inycial.com\/index.php\/wp-json\/wp\/v2\/pages\/1307\/revisions"}],"predecessor-version":[{"id":1619,"href":"https:\/\/inycial.com\/index.php\/wp-json\/wp\/v2\/pages\/1307\/revisions\/1619"}],"up":[{"embeddable":true,"href":"https:\/\/inycial.com\/index.php\/wp-json\/wp\/v2\/pages\/179"}],"wp:featuredmedia":[{"embeddable":true,"href":"https:\/\/inycial.com\/index.php\/wp-json\/wp\/v2\/media\/1197"}],"wp:attachment":[{"href":"https:\/\/inycial.com\/index.php\/wp-json\/wp\/v2\/media?parent=1307"}],"curies":[{"name":"wp","href":"https:\/\/api.w.org\/{rel}","templated":true}]}}