{"id":1286,"date":"2021-11-10T11:27:04","date_gmt":"2021-11-10T09:27:04","guid":{"rendered":"https:\/\/inycial.com\/?page_id=1286"},"modified":"2022-10-21T21:09:55","modified_gmt":"2022-10-21T19:09:55","slug":"servicios-de-ingenieria-de-la-propiedad","status":"publish","type":"page","link":"https:\/\/inycial.com\/index.php\/inycia-ingenieros-y-consultores\/servicios\/ingenieria-de-proyectos\/servicios-de-ingenieria-de-la-propiedad\/","title":{"rendered":"SERVICIOS DE INGENIER\u00cdA DE LA PROPIEDAD"},"content":{"rendered":"\n<h2 class=\"wp-block-heading\">Garantiza la finalizaci\u00f3n puntual, rentable y de calidad de tus proyectos<\/h2>\n\n\n\n<h2 class=\"has-white-color has-vivid-cyan-blue-background-color has-text-color has-background wp-block-heading\"><strong>\u00bfQU\u00c9 ES LA INGENIER\u00cdA DE LA PROPIEDAD Y POR QU\u00c9 ES IMPORTANTE SU PARTICIPACI\u00d3N EN UN PROYECTO?<\/strong><\/h2>\n\n\n\n<p>La ingenier\u00eda de la propiedad\u00a0act\u00faa como representante independiente o defensor del propietarios o promotores del proyecto (Projects Owners). Se trata de una funci\u00f3n de apoyo fundamental que proporciona asistencia en la gesti\u00f3n de proyectos y la garant\u00eda de calidad durante todas las fases del ciclo de vida del proyecto.<\/p>\n\n\n\n<p>La elevada calidad de la planificaci\u00f3n y la construcci\u00f3n de una planta son importantes para su seguridad y fiabilidad a largo plazo. La participaci\u00f3n de una ingenier\u00eda de la propiedad independiente ayuda a garantizar el cumplimiento de las normas internacionales por parte de tu proyecto, lo que reduce el riesgo de responsabilidad y permite abordar posibles problemas de calidad. Adem\u00e1s, tambi\u00e9n puede facilitar la reducci\u00f3n de los costes de tu proyecto gracias a un mayor control sobre el \u00e1mbito del mismo, el calendario, los pedidos y otros aspectos.<\/p>\n\n\n\n<h2 class=\"has-white-color has-vivid-cyan-blue-background-color has-text-color has-background wp-block-heading\"><strong><em>Inycia<\/em> TE AYUDA A OPTIMIZAR LA GESTI\u00d3N DE TU PROYECTO<\/strong><\/h2>\n\n\n\n<p>Gracias a nuestra experiencia en <strong>gesti\u00f3n de proyectos<\/strong>, somos capaces de establecer relaciones fuertes con promotores y propietarios de proyectos. Esto nos permite ofrecer asistencia fiable durante la planificaci\u00f3n, control de costes, gesti\u00f3n de compras, evaluaci\u00f3n de proveedores, construcci\u00f3n y puesta en servicio de plantas industriales. Nuestros <a href=\"https:\/\/inycial.com\/index.php\/inicio\/servicios\/ingenieria-industrial\/direccion-de-proyectos\/\"><strong>servicios de direcci\u00f3n integrada de proyectos<\/strong><\/a> cubren la <strong>gesti\u00f3n de riesgos<\/strong> de todo el ciclo de vida del proyecto, lo que te ayuda a tomar decisiones de inversi\u00f3n y compra acertadas mediante la evaluaci\u00f3n de las fortalezas y debilidades del proyecto.<\/p>\n\n\n\n<h2 class=\"has-white-color has-vivid-cyan-blue-background-color has-text-color has-background wp-block-heading\"><strong>\u00bfCU\u00c1L ES EL \u00c1MBITO DE TRABAJO DE LA INGENIER\u00cdA DE LA PROPIEDAD?<\/strong><\/h2>\n\n\n\n<h2 class=\"wp-block-heading\"><strong>DURANTE EL DISE\u00d1O Y LA PLANIFICACI\u00d3N<\/strong><\/h2>\n\n\n\n<p><em><strong>Inycia<\/strong><\/em> act\u00faa como supervisor de segunda parte en nombre de nuestros clientes.<\/p>\n\n\n\n<p>La ingenier\u00eda de la propiedad ayuda a sentar las bases de un proyecto y a minimizar los riesgos definiendo el alcance del mismo, evaluando los presupuestos, realizando estudios de viabilidad e implantaci\u00f3n, analizando las tecnolog\u00edas y su adecuaci\u00f3n a un proyecto, proporcionando asistencia para la obtenci\u00f3n de permisos y abordando los problemas medioambientales relacionados. <\/p>\n\n\n\n<p>Tambi\u00e9n ofrecemos asistencia en la <strong>revisi\u00f3n de la documentaci\u00f3n RFQ<\/strong> (Request of Quotation), la revisi\u00f3n del dise\u00f1o y la verificaci\u00f3n del cumplimiento de los c\u00f3digos pertinentes.<\/p>\n\n\n\n<h2 class=\"wp-block-heading\"><strong>DURANTE LA ADQUISICI\u00d3N DE EQUIPOS Y LA SUBCONTRATACI\u00d3N<\/strong><\/h2>\n\n\n\n<p>Como representante del propietario, podemos realizar cualquiera de las tareas del proyecto asociadas a la <strong>gesti\u00f3n de compras<\/strong>:<\/p>\n\n\n\n<ul class=\"wp-block-list\"><li>Evaluaci\u00f3n de proveedores (suministradores y contratistas) y selecci\u00f3n de ofertantes .<\/li><li>Petici\u00f3n de ofertas.<\/li><li>Solicitud de aclaraciones.<\/li><li>Tabulaciones t\u00e9cnicas y econ\u00f3micas.<\/li><li>Recomendaci\u00f3n de compra.<\/li><li>Redacci\u00f3n del pedido a la empresa seleccionada.<\/li><\/ul>\n\n\n\n<p>Tras la adjudicaci\u00f3n de los pedidos podemos gestionar para nuestros clientes el <strong>seguimiento de los pedidos<\/strong>: <\/p>\n\n\n\n<ul class=\"wp-block-list\"><li>Seguimiento de la planificaci\u00f3n.<\/li><li>Activaci\u00f3n de Proveedores. <strong><em>Inycia<\/em><\/strong> act\u00faa como facilitador para garantizar la entrega puntual de los equipos y componentes.<\/li><li>Gesti\u00f3n de la documentaci\u00f3n generada por Proveedores.<\/li><li>Revisi\u00f3n\/aprobaci\u00f3n de la documentaci\u00f3n de Proveedores.<\/li><li><strong>Inspecci\u00f3n de los fabricantes y proveedores<\/strong> para asegurarnos de que cumplen con los c\u00f3digos pertinentes, los planos de dise\u00f1o y los requisitos de calidad.<ul><li>Tambi\u00e9n coordinamos con terceros (OCAs) las pruebas independientes de los equipos y componentes.<\/li><li>Tambi\u00e9n realizamos inspecciones antes y despu\u00e9s del env\u00edo para verificar la calidad, la cantidad y el embalaje de las mercanc\u00edas y comprobar que cuenta con la documentaci\u00f3n adecuada.  <\/li><\/ul><\/li><\/ul>\n\n\n\n<h2 class=\"wp-block-heading\"><strong>DURANTE LA CONSTRUCCI\u00d3N Y LA PUESTA EN SERVICIO<\/strong><\/h2>\n\n\n\n<p>Nuestros servicios de garant\u00eda de calidad durante la construcci\u00f3n incluyen la supervisi\u00f3n en campo de los contratistas de EPC, las inspecciones de HSE y el aseguramiento de calidad incluida la coordinaci\u00f3n con terceros (OCAs) de los ensayos de contraste. <\/p>\n\n\n\n<p>Tambi\u00e9n ofrecemos asistencia en la puesta en servicio, las pruebas de aceptaci\u00f3n y rendimiento, la evaluaci\u00f3n de la aptitud para el servicio y la gesti\u00f3n de reclamaciones.<\/p>\n","protected":false},"excerpt":{"rendered":"<p>Garantiza la finalizaci\u00f3n puntual, rentable y de calidad de tus proyectos \u00bfQU\u00c9 ES LA INGENIER\u00cdA DE LA PROPIEDAD Y POR QU\u00c9 ES IMPORTANTE SU PARTICIPACI\u00d3N EN UN PROYECTO? La ingenier\u00eda de la propiedad\u00a0act\u00faa como representante independiente o defensor del propietarios o promotores del proyecto (Projects Owners). Se trata de una funci\u00f3n de apoyo fundamental que proporciona asistencia en la gesti\u00f3n de proyectos y la garant\u00eda [&hellip;]<\/p>\n","protected":false},"author":1,"featured_media":1197,"parent":567,"menu_order":18,"comment_status":"closed","ping_status":"closed","template":"","meta":{"footnotes":""},"class_list":["post-1286","page","type-page","status-publish","has-post-thumbnail","hentry"],"yoast_head":"<!-- This site is optimized with the Yoast SEO plugin v27.4 - https:\/\/yoast.com\/product\/yoast-seo-wordpress\/ -->\n<title>SERVICIOS DE INGENIER\u00cdA DE LA PROPIEDAD - Inycia Ingenieros y Consultores<\/title>\n<meta name=\"robots\" content=\"index, follow, max-snippet:-1, max-image-preview:large, max-video-preview:-1\" \/>\n<link rel=\"canonical\" href=\"https:\/\/inycial.com\/index.php\/inycia-ingenieros-y-consultores\/servicios\/ingenieria-de-proyectos\/servicios-de-ingenieria-de-la-propiedad\/\" \/>\n<meta property=\"og:locale\" content=\"es_ES\" \/>\n<meta property=\"og:type\" content=\"article\" \/>\n<meta property=\"og:title\" content=\"SERVICIOS DE INGENIER\u00cdA DE LA PROPIEDAD - Inycia Ingenieros y Consultores\" \/>\n<meta property=\"og:description\" content=\"Garantiza la finalizaci\u00f3n puntual, rentable y de calidad de tus proyectos \u00bfQU\u00c9 ES LA INGENIER\u00cdA DE LA PROPIEDAD Y POR QU\u00c9 ES IMPORTANTE SU PARTICIPACI\u00d3N EN UN PROYECTO? La ingenier\u00eda de la propiedad\u00a0act\u00faa como representante independiente o defensor del propietarios o promotores del proyecto (Projects Owners). Se trata de una funci\u00f3n de apoyo fundamental que proporciona asistencia en la gesti\u00f3n de proyectos y la garant\u00eda [&hellip;]\" \/>\n<meta property=\"og:url\" content=\"https:\/\/inycial.com\/index.php\/inycia-ingenieros-y-consultores\/servicios\/ingenieria-de-proyectos\/servicios-de-ingenieria-de-la-propiedad\/\" \/>\n<meta property=\"og:site_name\" content=\"Inycia Ingenieros y Consultores\" \/>\n<meta property=\"article:publisher\" content=\"https:\/\/www.facebook.com\/inycial\/\" \/>\n<meta property=\"article:modified_time\" content=\"2022-10-21T19:09:55+00:00\" \/>\n<meta property=\"og:image\" content=\"https:\/\/inycial.com\/wp-content\/uploads\/2021\/11\/Banner-post_Ingenieria-Industrial.png\" \/>\n\t<meta property=\"og:image:width\" content=\"6912\" \/>\n\t<meta property=\"og:image:height\" content=\"3456\" \/>\n\t<meta property=\"og:image:type\" content=\"image\/png\" \/>\n<meta name=\"twitter:card\" content=\"summary_large_image\" \/>\n<meta name=\"twitter:site\" content=\"@inycial\" \/>\n<meta name=\"twitter:label1\" content=\"Tiempo de lectura\" \/>\n\t<meta name=\"twitter:data1\" content=\"3 minutos\" \/>\n<script type=\"application\/ld+json\" class=\"yoast-schema-graph\">{\"@context\":\"https:\\\/\\\/schema.org\",\"@graph\":[{\"@type\":\"WebPage\",\"@id\":\"https:\\\/\\\/inycial.com\\\/index.php\\\/inycia-ingenieros-y-consultores\\\/servicios\\\/ingenieria-de-proyectos\\\/servicios-de-ingenieria-de-la-propiedad\\\/\",\"url\":\"https:\\\/\\\/inycial.com\\\/index.php\\\/inycia-ingenieros-y-consultores\\\/servicios\\\/ingenieria-de-proyectos\\\/servicios-de-ingenieria-de-la-propiedad\\\/\",\"name\":\"SERVICIOS DE INGENIER\u00cdA DE LA PROPIEDAD - Inycia Ingenieros y Consultores\",\"isPartOf\":{\"@id\":\"https:\\\/\\\/inycial.com\\\/#website\"},\"primaryImageOfPage\":{\"@id\":\"https:\\\/\\\/inycial.com\\\/index.php\\\/inycia-ingenieros-y-consultores\\\/servicios\\\/ingenieria-de-proyectos\\\/servicios-de-ingenieria-de-la-propiedad\\\/#primaryimage\"},\"image\":{\"@id\":\"https:\\\/\\\/inycial.com\\\/index.php\\\/inycia-ingenieros-y-consultores\\\/servicios\\\/ingenieria-de-proyectos\\\/servicios-de-ingenieria-de-la-propiedad\\\/#primaryimage\"},\"thumbnailUrl\":\"https:\\\/\\\/inycial.com\\\/wp-content\\\/uploads\\\/2021\\\/11\\\/Banner-post_Ingenieria-Industrial.png\",\"datePublished\":\"2021-11-10T09:27:04+00:00\",\"dateModified\":\"2022-10-21T19:09:55+00:00\",\"breadcrumb\":{\"@id\":\"https:\\\/\\\/inycial.com\\\/index.php\\\/inycia-ingenieros-y-consultores\\\/servicios\\\/ingenieria-de-proyectos\\\/servicios-de-ingenieria-de-la-propiedad\\\/#breadcrumb\"},\"inLanguage\":\"es\",\"potentialAction\":[{\"@type\":\"ReadAction\",\"target\":[\"https:\\\/\\\/inycial.com\\\/index.php\\\/inycia-ingenieros-y-consultores\\\/servicios\\\/ingenieria-de-proyectos\\\/servicios-de-ingenieria-de-la-propiedad\\\/\"]}]},{\"@type\":\"ImageObject\",\"inLanguage\":\"es\",\"@id\":\"https:\\\/\\\/inycial.com\\\/index.php\\\/inycia-ingenieros-y-consultores\\\/servicios\\\/ingenieria-de-proyectos\\\/servicios-de-ingenieria-de-la-propiedad\\\/#primaryimage\",\"url\":\"https:\\\/\\\/inycial.com\\\/wp-content\\\/uploads\\\/2021\\\/11\\\/Banner-post_Ingenieria-Industrial.png\",\"contentUrl\":\"https:\\\/\\\/inycial.com\\\/wp-content\\\/uploads\\\/2021\\\/11\\\/Banner-post_Ingenieria-Industrial.png\",\"width\":6912,\"height\":3456},{\"@type\":\"BreadcrumbList\",\"@id\":\"https:\\\/\\\/inycial.com\\\/index.php\\\/inycia-ingenieros-y-consultores\\\/servicios\\\/ingenieria-de-proyectos\\\/servicios-de-ingenieria-de-la-propiedad\\\/#breadcrumb\",\"itemListElement\":[{\"@type\":\"ListItem\",\"position\":1,\"name\":\"Portada\",\"item\":\"https:\\\/\\\/inycial.com\\\/\"},{\"@type\":\"ListItem\",\"position\":2,\"name\":\"Inycia Ingenieros y Consultores\",\"item\":\"https:\\\/\\\/inycial.com\\\/\"},{\"@type\":\"ListItem\",\"position\":3,\"name\":\"SERVICIOS\",\"item\":\"https:\\\/\\\/inycial.com\\\/index.php\\\/inycia-ingenieros-y-consultores\\\/servicios\\\/\"},{\"@type\":\"ListItem\",\"position\":4,\"name\":\"INGENIER\u00cdA DE PROYECTOS\",\"item\":\"https:\\\/\\\/inycial.com\\\/index.php\\\/inycia-ingenieros-y-consultores\\\/servicios\\\/ingenieria-de-proyectos\\\/\"},{\"@type\":\"ListItem\",\"position\":5,\"name\":\"SERVICIOS DE INGENIER\u00cdA DE LA PROPIEDAD\"}]},{\"@type\":\"WebSite\",\"@id\":\"https:\\\/\\\/inycial.com\\\/#website\",\"url\":\"https:\\\/\\\/inycial.com\\\/\",\"name\":\"Inycia Ingenieros y Consultores\",\"description\":\"Ingenier\u00eda y Consultor\u00eda instalaciones industriales y seguridad industrial\",\"publisher\":{\"@id\":\"https:\\\/\\\/inycial.com\\\/#organization\"},\"potentialAction\":[{\"@type\":\"SearchAction\",\"target\":{\"@type\":\"EntryPoint\",\"urlTemplate\":\"https:\\\/\\\/inycial.com\\\/?s={search_term_string}\"},\"query-input\":{\"@type\":\"PropertyValueSpecification\",\"valueRequired\":true,\"valueName\":\"search_term_string\"}}],\"inLanguage\":\"es\"},{\"@type\":\"Organization\",\"@id\":\"https:\\\/\\\/inycial.com\\\/#organization\",\"name\":\"Inycia Ingenieros y Consultores\",\"url\":\"https:\\\/\\\/inycial.com\\\/\",\"logo\":{\"@type\":\"ImageObject\",\"inLanguage\":\"es\",\"@id\":\"https:\\\/\\\/inycial.com\\\/#\\\/schema\\\/logo\\\/image\\\/\",\"url\":\"https:\\\/\\\/inycial.com\\\/wp-content\\\/uploads\\\/2017\\\/03\\\/Logo-e1490218059466.jpg\",\"contentUrl\":\"https:\\\/\\\/inycial.com\\\/wp-content\\\/uploads\\\/2017\\\/03\\\/Logo-e1490218059466.jpg\",\"width\":165,\"height\":41,\"caption\":\"Inycia Ingenieros y Consultores\"},\"image\":{\"@id\":\"https:\\\/\\\/inycial.com\\\/#\\\/schema\\\/logo\\\/image\\\/\"},\"sameAs\":[\"https:\\\/\\\/www.facebook.com\\\/inycial\\\/\",\"https:\\\/\\\/x.com\\\/inycial\",\"https:\\\/\\\/www.linkedin.com\\\/company\\\/ingenieria-y-consultoria-instalaciones-almacenamiento-s-l-\",\"https:\\\/\\\/www.pinterest.es\\\/inycial\\\/\"]}]}<\/script>\n<!-- \/ Yoast SEO plugin. -->","yoast_head_json":{"title":"SERVICIOS DE INGENIER\u00cdA DE LA PROPIEDAD - Inycia Ingenieros y Consultores","robots":{"index":"index","follow":"follow","max-snippet":"max-snippet:-1","max-image-preview":"max-image-preview:large","max-video-preview":"max-video-preview:-1"},"canonical":"https:\/\/inycial.com\/index.php\/inycia-ingenieros-y-consultores\/servicios\/ingenieria-de-proyectos\/servicios-de-ingenieria-de-la-propiedad\/","og_locale":"es_ES","og_type":"article","og_title":"SERVICIOS DE INGENIER\u00cdA DE LA PROPIEDAD - Inycia Ingenieros y Consultores","og_description":"Garantiza la finalizaci\u00f3n puntual, rentable y de calidad de tus proyectos \u00bfQU\u00c9 ES LA INGENIER\u00cdA DE LA PROPIEDAD Y POR QU\u00c9 ES IMPORTANTE SU PARTICIPACI\u00d3N EN UN PROYECTO? La ingenier\u00eda de la propiedad\u00a0act\u00faa como representante independiente o defensor del propietarios o promotores del proyecto (Projects Owners). Se trata de una funci\u00f3n de apoyo fundamental que proporciona asistencia en la gesti\u00f3n de proyectos y la garant\u00eda [&hellip;]","og_url":"https:\/\/inycial.com\/index.php\/inycia-ingenieros-y-consultores\/servicios\/ingenieria-de-proyectos\/servicios-de-ingenieria-de-la-propiedad\/","og_site_name":"Inycia Ingenieros y Consultores","article_publisher":"https:\/\/www.facebook.com\/inycial\/","article_modified_time":"2022-10-21T19:09:55+00:00","og_image":[{"width":6912,"height":3456,"url":"https:\/\/inycial.com\/wp-content\/uploads\/2021\/11\/Banner-post_Ingenieria-Industrial.png","type":"image\/png"}],"twitter_card":"summary_large_image","twitter_site":"@inycial","twitter_misc":{"Tiempo de lectura":"3 minutos"},"schema":{"@context":"https:\/\/schema.org","@graph":[{"@type":"WebPage","@id":"https:\/\/inycial.com\/index.php\/inycia-ingenieros-y-consultores\/servicios\/ingenieria-de-proyectos\/servicios-de-ingenieria-de-la-propiedad\/","url":"https:\/\/inycial.com\/index.php\/inycia-ingenieros-y-consultores\/servicios\/ingenieria-de-proyectos\/servicios-de-ingenieria-de-la-propiedad\/","name":"SERVICIOS DE INGENIER\u00cdA DE LA PROPIEDAD - Inycia Ingenieros y Consultores","isPartOf":{"@id":"https:\/\/inycial.com\/#website"},"primaryImageOfPage":{"@id":"https:\/\/inycial.com\/index.php\/inycia-ingenieros-y-consultores\/servicios\/ingenieria-de-proyectos\/servicios-de-ingenieria-de-la-propiedad\/#primaryimage"},"image":{"@id":"https:\/\/inycial.com\/index.php\/inycia-ingenieros-y-consultores\/servicios\/ingenieria-de-proyectos\/servicios-de-ingenieria-de-la-propiedad\/#primaryimage"},"thumbnailUrl":"https:\/\/inycial.com\/wp-content\/uploads\/2021\/11\/Banner-post_Ingenieria-Industrial.png","datePublished":"2021-11-10T09:27:04+00:00","dateModified":"2022-10-21T19:09:55+00:00","breadcrumb":{"@id":"https:\/\/inycial.com\/index.php\/inycia-ingenieros-y-consultores\/servicios\/ingenieria-de-proyectos\/servicios-de-ingenieria-de-la-propiedad\/#breadcrumb"},"inLanguage":"es","potentialAction":[{"@type":"ReadAction","target":["https:\/\/inycial.com\/index.php\/inycia-ingenieros-y-consultores\/servicios\/ingenieria-de-proyectos\/servicios-de-ingenieria-de-la-propiedad\/"]}]},{"@type":"ImageObject","inLanguage":"es","@id":"https:\/\/inycial.com\/index.php\/inycia-ingenieros-y-consultores\/servicios\/ingenieria-de-proyectos\/servicios-de-ingenieria-de-la-propiedad\/#primaryimage","url":"https:\/\/inycial.com\/wp-content\/uploads\/2021\/11\/Banner-post_Ingenieria-Industrial.png","contentUrl":"https:\/\/inycial.com\/wp-content\/uploads\/2021\/11\/Banner-post_Ingenieria-Industrial.png","width":6912,"height":3456},{"@type":"BreadcrumbList","@id":"https:\/\/inycial.com\/index.php\/inycia-ingenieros-y-consultores\/servicios\/ingenieria-de-proyectos\/servicios-de-ingenieria-de-la-propiedad\/#breadcrumb","itemListElement":[{"@type":"ListItem","position":1,"name":"Portada","item":"https:\/\/inycial.com\/"},{"@type":"ListItem","position":2,"name":"Inycia Ingenieros y Consultores","item":"https:\/\/inycial.com\/"},{"@type":"ListItem","position":3,"name":"SERVICIOS","item":"https:\/\/inycial.com\/index.php\/inycia-ingenieros-y-consultores\/servicios\/"},{"@type":"ListItem","position":4,"name":"INGENIER\u00cdA DE PROYECTOS","item":"https:\/\/inycial.com\/index.php\/inycia-ingenieros-y-consultores\/servicios\/ingenieria-de-proyectos\/"},{"@type":"ListItem","position":5,"name":"SERVICIOS DE INGENIER\u00cdA DE LA PROPIEDAD"}]},{"@type":"WebSite","@id":"https:\/\/inycial.com\/#website","url":"https:\/\/inycial.com\/","name":"Inycia Ingenieros y Consultores","description":"Ingenier\u00eda y Consultor\u00eda instalaciones industriales y seguridad industrial","publisher":{"@id":"https:\/\/inycial.com\/#organization"},"potentialAction":[{"@type":"SearchAction","target":{"@type":"EntryPoint","urlTemplate":"https:\/\/inycial.com\/?s={search_term_string}"},"query-input":{"@type":"PropertyValueSpecification","valueRequired":true,"valueName":"search_term_string"}}],"inLanguage":"es"},{"@type":"Organization","@id":"https:\/\/inycial.com\/#organization","name":"Inycia Ingenieros y Consultores","url":"https:\/\/inycial.com\/","logo":{"@type":"ImageObject","inLanguage":"es","@id":"https:\/\/inycial.com\/#\/schema\/logo\/image\/","url":"https:\/\/inycial.com\/wp-content\/uploads\/2017\/03\/Logo-e1490218059466.jpg","contentUrl":"https:\/\/inycial.com\/wp-content\/uploads\/2017\/03\/Logo-e1490218059466.jpg","width":165,"height":41,"caption":"Inycia Ingenieros y Consultores"},"image":{"@id":"https:\/\/inycial.com\/#\/schema\/logo\/image\/"},"sameAs":["https:\/\/www.facebook.com\/inycial\/","https:\/\/x.com\/inycial","https:\/\/www.linkedin.com\/company\/ingenieria-y-consultoria-instalaciones-almacenamiento-s-l-","https:\/\/www.pinterest.es\/inycial\/"]}]}},"rttpg_featured_image_url":{"full":["https:\/\/inycial.com\/wp-content\/uploads\/2021\/11\/Banner-post_Ingenieria-Industrial.png",6912,3456,false],"landscape":["https:\/\/inycial.com\/wp-content\/uploads\/2021\/11\/Banner-post_Ingenieria-Industrial.png",6912,3456,false],"portraits":["https:\/\/inycial.com\/wp-content\/uploads\/2021\/11\/Banner-post_Ingenieria-Industrial.png",6912,3456,false],"thumbnail":["https:\/\/inycial.com\/wp-content\/uploads\/2021\/11\/Banner-post_Ingenieria-Industrial-150x150.png",150,150,true],"medium":["https:\/\/inycial.com\/wp-content\/uploads\/2021\/11\/Banner-post_Ingenieria-Industrial-300x150.png",300,150,true],"large":["https:\/\/inycial.com\/wp-content\/uploads\/2021\/11\/Banner-post_Ingenieria-Industrial-1024x512.png",1024,512,true],"1536x1536":["https:\/\/inycial.com\/wp-content\/uploads\/2021\/11\/Banner-post_Ingenieria-Industrial-1536x768.png",1536,768,true],"2048x2048":["https:\/\/inycial.com\/wp-content\/uploads\/2021\/11\/Banner-post_Ingenieria-Industrial-2048x1024.png",2048,1024,true],"post-thumbnail":["https:\/\/inycial.com\/wp-content\/uploads\/2021\/11\/Banner-post_Ingenieria-Industrial-300x250.png",300,250,true],"vega-post-thumbnail-recent":["https:\/\/inycial.com\/wp-content\/uploads\/2021\/11\/Banner-post_Ingenieria-Industrial-350x220.png",350,220,true]},"rttpg_author":{"display_name":"inycial.com","author_link":"https:\/\/inycial.com\/index.php\/author\/inycial-com\/"},"rttpg_comment":0,"rttpg_category":null,"rttpg_excerpt":"Garantiza la finalizaci\u00f3n puntual, rentable y de calidad de tus proyectos \u00bfQU\u00c9 ES LA INGENIER\u00cdA DE LA PROPIEDAD Y POR QU\u00c9 ES IMPORTANTE SU PARTICIPACI\u00d3N EN UN PROYECTO? La ingenier\u00eda de la propiedad\u00a0act\u00faa como representante independiente o defensor del propietarios o promotores del proyecto (Projects Owners). Se trata de una funci\u00f3n de apoyo fundamental que&hellip;","_links":{"self":[{"href":"https:\/\/inycial.com\/index.php\/wp-json\/wp\/v2\/pages\/1286","targetHints":{"allow":["GET"]}}],"collection":[{"href":"https:\/\/inycial.com\/index.php\/wp-json\/wp\/v2\/pages"}],"about":[{"href":"https:\/\/inycial.com\/index.php\/wp-json\/wp\/v2\/types\/page"}],"author":[{"embeddable":true,"href":"https:\/\/inycial.com\/index.php\/wp-json\/wp\/v2\/users\/1"}],"replies":[{"embeddable":true,"href":"https:\/\/inycial.com\/index.php\/wp-json\/wp\/v2\/comments?post=1286"}],"version-history":[{"count":5,"href":"https:\/\/inycial.com\/index.php\/wp-json\/wp\/v2\/pages\/1286\/revisions"}],"predecessor-version":[{"id":1401,"href":"https:\/\/inycial.com\/index.php\/wp-json\/wp\/v2\/pages\/1286\/revisions\/1401"}],"up":[{"embeddable":true,"href":"https:\/\/inycial.com\/index.php\/wp-json\/wp\/v2\/pages\/567"}],"wp:featuredmedia":[{"embeddable":true,"href":"https:\/\/inycial.com\/index.php\/wp-json\/wp\/v2\/media\/1197"}],"wp:attachment":[{"href":"https:\/\/inycial.com\/index.php\/wp-json\/wp\/v2\/media?parent=1286"}],"curies":[{"name":"wp","href":"https:\/\/api.w.org\/{rel}","templated":true}]}}